{"id":1016,"date":"2025-03-10T07:22:14","date_gmt":"2025-03-10T05:22:14","guid":{"rendered":"https:\/\/var\/www\/fs4\/52\/ibchelsi\/web\/competition\/opettajat\/"},"modified":"2026-04-29T15:10:06","modified_gmt":"2026-04-29T12:10:06","slug":"opettajat","status":"publish","type":"page","link":"https:\/\/ibchelsinki.fi\/en\/competition\/opettajat\/","title":{"rendered":"Teachers"},"content":{"rendered":"    <section class=\"hibc-hero subhero\">\n                                              <div class=\"bgd\" style=\"background-image: url(https:\/\/ibchelsinki.fi\/wp-content\/uploads\/2025\/03\/kilpailu_desktop.jpg.webp)\"><\/div>\n      <div class=\"bgm\" style=\"background-image: url(https:\/\/ibchelsinki.fi\/wp-content\/uploads\/2025\/03\/hero2m.jpg.webp)\"><\/div>\n      <div class=\"content\">\n        <p class=\"ingress\">\n          Participation\n        <\/p>\n        <h1>Teachers<\/h1>\n      <\/div>\n      <div class=\"date\">\n        27.5.\u20135.6.2026\n      <\/div>\n    <\/section>\n\n\n    <section class=\"hibc-column plain\">\n      <div class=\"inner\">\n        <div class=\"text\">\n          <p>IBC Helsinki is more than just a competition \u2013 it is an intensive educational experience. The IBC Helsinki organisation provides daily training classes for participants during the competition week.<\/p>\n\n        <\/div>\n              <\/div>\n    <\/section>\n\n\n<main id=\"main\">\n  <div class=\"acf-innerblocks-container\">\n    <section class=\"hibc-column sidebyside\">\n      <div class=\"inner\">\n        <div class=\"text\">\n          <h3>Anu Sistonen \u2013 Teacher for the Morning Classes<\/h3>\n<p><span style=\"font-weight: 400;\"><strong>Anu Sistonen<\/strong> is a former soloist with the Finnish National Ballet who has also worked for several years with the Stuttgart Ballet, the Cullberg Ballet, and the Tero Saarinen Company. After her dancing career, Sistonen worked as a guest teacher with various dance groups across Europe. She began her own choreographic work and producing in the early 2000s after moving to Luxembourg. She spent 17 years there, during which time she created a total of about 15 works for her own group, Dance Development. The dancers came from Finland, France, Germany, and Luxembourg, among other countries.<\/span><\/p>\n<p><span style=\"font-weight: 400;\">During her dancing career, Sistonen performed leading roles in major classical ballets such as The Nutcracker, Swan Lake, and Romeo and Juliet.\u00a0 In addition, she danced a diverse repertoire ranging from neoclassical styles (Kylian, Neumeier, Forsythe) to contemporary dance (Ek, Naharin, Uotinen, Kvanstr\u00f6m). Anu Sistonen was one of the first dancers in Tero Saarinen Company when it was founded, which demonstrates her interest in the growth and development of the dance community.\u00a0<\/span><\/p>\n<p><span style=\"font-weight: 400;\">Sistonen began her work as a ballet master at the Finnish National Ballet (FNB) in 2019 and continued in the same role at the English National Ballet (ENB) a couple of years later. Her time as a ballet master strongly shaped her into a teacher and coach for the next generation. <\/span><span style=\"font-weight: 400;\">In addition to her work as a choreographer and teacher, Sistonen currently serves as a member of the board of the Helsinki International Ballet Competition and as a coach for the ASKEL program, which prepares dancers for the competition.<\/span><\/p>\n<p><span style=\"font-weight: 400;\">The structure of Anu&#8217;s ballet class at the Helsinki International Ballet Competition is a typical classical ballet training session, where the warm-up begins at the barre and focuses on breathing movements and placement that strengthens technique. After a calm start, the tempo and dynamics of the movements are varied. The center exercises and jumps provide a good way to get the body moving, with special attention paid to artistry and musicality. It is very important to Anu that the class has an inspiring atmosphere!<strong> Kristina Grice<\/strong> serves as the pianist in Anu\u2019s lessons.<\/span><\/p>\n\n        <\/div>\n                <div class=\"image\" style=\"background-image: url(https:\/\/ibchelsinki.fi\/wp-content\/uploads\/2026\/01\/3V2A4245-1024x683.jpeg.webp);\"><\/div>\n              <\/div>\n    <\/section>\n\n<\/div>\n<\/main>\n\n\n    <section class=\"hibc-column sidebyside\">\n      <div class=\"inner\">\n        <div class=\"text\">\n          <h3>Jarmo Rastas \u2013 Teacher for the Morning Classes<\/h3>\n<p><span style=\"font-weight: 400;\"><strong>Jarmo Rastas<\/strong> has worked as a dancer and teacher at the Finnish National Ballet for over 57 years. He worked as a dancer until 1996, dancing leading roles in all the classical ballets, such as Romeo and Juliet, Swan Lake, Spartacus, Giselle, and The Seven Brothers. In 1987, Rastas also began working as a ballet master at the Finnish National Ballet, when the ballet director at that time, Professor Doris Laine, asked him to give a morning class for the company. Since then, dancers have loved Rastas&#8217; ballet classes, to which he brings his own captivating energy. Today, Rastas works as a guest principal teacher at the Finnish National Ballet.<\/span><\/p>\n<p><span style=\"font-weight: 400;\">Jarmo feels that during the morning classes at the Helsinki International Ballet Competition, dancers don&#8217;t need teaching anymore, but rather, his most important task is to help them relax and warm up for their competition performances. <strong>Dmitry Pavlov<\/strong>, with whom Jarmo has worked for over twenty years, accompanies him on the piano during his classes.<\/span><\/p>\n\n        <\/div>\n                <div class=\"image\" style=\"background-image: url(https:\/\/ibchelsinki.fi\/wp-content\/uploads\/2026\/01\/Jarmo-Rastas-verkkosivut-1024x576.jpg.webp);\"><\/div>\n              <\/div>\n    <\/section>\n\n\n    <section class=\"hibc-column sidebyside\">\n      <div class=\"inner\">\n        <div class=\"text\">\n          <h3><span style=\"font-weight: 400;\"><strong>Michal Kr\u010dm\u00e1\u0159<\/strong><\/span> \u2013 Teacher for the Master Classes<\/h3>\n<p><span style=\"font-weight: 400;\"><strong>Michal Kr\u010dm\u00e1\u0159<\/strong> has worked with the Finnish National Ballet since 2011, first as a soloist and principal dancer, and since 2015 as a lead principal dancer.<\/span><\/p>\n<p><span style=\"font-weight: 400;\">He received his training at the Dance State Conservatory, Prague from 2001 to 2009, which included masterclasses by Daria Klimentov\u00e1 in Prague in 2006. Before joining the Finnish National Ballet, Kr\u010dm\u00e1\u0159 worked as a soloist with Bohemian Ballet from 2009 to 2010 and as a soloist with the Prague State Opera Ballet from 2010 to 2011.<\/span><\/p>\n<p><span style=\"font-weight: 400;\">Kr\u010dm\u00e1\u0159 has participated in numerous tours with the Finnish National Ballet, including in Copenhagen, Tokyo, and Osaka, and has also performed as a guest artist in dozens of ballet companies, dance festivals, and galas around the world. He has danced many leading roles in classical ballets such as La Bayad\u00e8re, Copp\u00e9lia, Le Corsaire, Don Quixote, Giselle, Swan Lake, La Dame aux Cam\u00e9lias, Romeo and Juliet, A Midsummer Night\u2019s Dream, Onegin, and The Sleeping Beauty, as well as in many neoclassical and contemporary works such as Sinfonia Psalms (Ji\u0159\u00ed Kyli\u00e1n), Double Evil (Jorma Elo), If to Leave is to Remember (Carolyn Carlson), and Dust (Akram Khan).<\/span><\/p>\n\n        <\/div>\n                <div class=\"image\" style=\"background-image: url(https:\/\/ibchelsinki.fi\/wp-content\/uploads\/2026\/04\/Misha-1024x576.jpg.webp);\"><\/div>\n              <\/div>\n    <\/section>\n\n\n    <section class=\"hibc-column sidebyside\">\n      <div class=\"inner\">\n        <div class=\"text\">\n          <h3><span style=\"font-weight: 400;\"><strong>Minna Marsh<\/strong><\/span> \u2013 Mental Coach<\/h3>\n<p><strong>Minna Marsh<\/strong> has worked as a Mental Coach for 17 years, helping ballet dancers, artists and athletes perform at their best when it matters most. She lives in Helsinki and works globally.<\/p>\n<p>At this level, it\u2019s not just about technique and physical performance. It\u2019s about what happens inside under pressure \u2013 focus, fear, overthinking, comparison. Minna\u2019s work is simple: to help you get out of your own way so your performance can come through.<\/p>\n<p>During the competition, there will also be a unique Safe Space. It&#8217;s a quiet, actual physical space with its own soundscape where you can come to breathe, reset, and reconnect with yourself before going on stage. Minna is available also for personal talks, if any of the dancers wants an extra dose of focused calm and clarity.<\/p>\n\n        <\/div>\n                <div class=\"image\" style=\"background-image: url(https:\/\/ibchelsinki.fi\/wp-content\/uploads\/2026\/04\/Minna-Marsh-1024x576.jpg.webp);\"><\/div>\n              <\/div>\n    <\/section>\n\n\n\n<p><\/p>\n","protected":false},"excerpt":{"rendered":"","protected":false},"author":2,"featured_media":0,"parent":300,"menu_order":0,"comment_status":"closed","ping_status":"closed","template":"","meta":{"_acf_changed":false,"footnotes":""},"class_list":["post-1016","page","type-page","status-publish","hentry"],"acf":[],"yoast_head":"<!-- This site is optimized with the Yoast SEO plugin v27.5 - https:\/\/yoast.com\/product\/yoast-seo-wordpress\/ -->\n<title>Teachers - The Helsinki International Ballet Competition<\/title>\n<meta name=\"robots\" content=\"index, follow, max-snippet:-1, max-image-preview:large, max-video-preview:-1\" \/>\n<link rel=\"canonical\" href=\"https:\/\/ibchelsinki.fi\/en\/competition\/opettajat\/\" \/>\n<meta property=\"og:locale\" content=\"en_US\" \/>\n<meta property=\"og:type\" content=\"article\" \/>\n<meta property=\"og:title\" content=\"Teachers - The Helsinki International Ballet Competition\" \/>\n<meta property=\"og:url\" content=\"https:\/\/ibchelsinki.fi\/en\/competition\/opettajat\/\" \/>\n<meta property=\"og:site_name\" content=\"The Helsinki International Ballet Competition\" \/>\n<meta property=\"article:publisher\" content=\"https:\/\/www.facebook.com\/ibchelsinki\/\" \/>\n<meta property=\"article:modified_time\" content=\"2026-04-29T12:10:06+00:00\" \/>\n<meta property=\"og:image\" content=\"https:\/\/ibchelsinki.fi\/wp-content\/uploads\/2025\/03\/etusivu_desktop.jpg\" \/>\n\t<meta property=\"og:image:width\" content=\"2500\" \/>\n\t<meta property=\"og:image:height\" content=\"1406\" \/>\n\t<meta property=\"og:image:type\" content=\"image\/jpeg\" \/>\n<meta name=\"twitter:card\" content=\"summary_large_image\" \/>\n<meta name=\"twitter:site\" content=\"@Ibchelsinki\" \/>\n<meta name=\"twitter:label1\" content=\"Est. reading time\" \/>\n\t<meta name=\"twitter:data1\" content=\"7 minutes\" \/>\n<script type=\"application\/ld+json\" class=\"yoast-schema-graph\">{\"@context\":\"https:\\\/\\\/schema.org\",\"@graph\":[{\"@type\":\"WebPage\",\"@id\":\"https:\\\/\\\/ibchelsinki.fi\\\/en\\\/competition\\\/opettajat\\\/\",\"url\":\"https:\\\/\\\/ibchelsinki.fi\\\/en\\\/competition\\\/opettajat\\\/\",\"name\":\"Teachers - The Helsinki International Ballet Competition\",\"isPartOf\":{\"@id\":\"https:\\\/\\\/ibchelsinki.fi\\\/sv\\\/#website\"},\"datePublished\":\"2025-03-10T05:22:14+00:00\",\"dateModified\":\"2026-04-29T12:10:06+00:00\",\"breadcrumb\":{\"@id\":\"https:\\\/\\\/ibchelsinki.fi\\\/en\\\/competition\\\/opettajat\\\/#breadcrumb\"},\"inLanguage\":\"en-US\",\"potentialAction\":[{\"@type\":\"ReadAction\",\"target\":[\"https:\\\/\\\/ibchelsinki.fi\\\/en\\\/competition\\\/opettajat\\\/\"]}]},{\"@type\":\"BreadcrumbList\",\"@id\":\"https:\\\/\\\/ibchelsinki.fi\\\/en\\\/competition\\\/opettajat\\\/#breadcrumb\",\"itemListElement\":[{\"@type\":\"ListItem\",\"position\":1,\"name\":\"Home\",\"item\":\"https:\\\/\\\/ibchelsinki.fi\\\/en\\\/\"},{\"@type\":\"ListItem\",\"position\":2,\"name\":\"Competition\",\"item\":\"https:\\\/\\\/ibchelsinki.fi\\\/en\\\/competition\\\/\"},{\"@type\":\"ListItem\",\"position\":3,\"name\":\"Teachers\"}]},{\"@type\":\"WebSite\",\"@id\":\"https:\\\/\\\/ibchelsinki.fi\\\/sv\\\/#website\",\"url\":\"https:\\\/\\\/ibchelsinki.fi\\\/sv\\\/\",\"name\":\"HIBC 2026\",\"description\":\"HIBC\",\"publisher\":{\"@id\":\"https:\\\/\\\/ibchelsinki.fi\\\/sv\\\/#organization\"},\"potentialAction\":[{\"@type\":\"SearchAction\",\"target\":{\"@type\":\"EntryPoint\",\"urlTemplate\":\"https:\\\/\\\/ibchelsinki.fi\\\/sv\\\/?s={search_term_string}\"},\"query-input\":{\"@type\":\"PropertyValueSpecification\",\"valueRequired\":true,\"valueName\":\"search_term_string\"}}],\"inLanguage\":\"en-US\"},{\"@type\":\"Organization\",\"@id\":\"https:\\\/\\\/ibchelsinki.fi\\\/sv\\\/#organization\",\"name\":\"Helsinki International Ballet Competition\",\"alternateName\":\"HIBC\",\"url\":\"https:\\\/\\\/ibchelsinki.fi\\\/sv\\\/\",\"logo\":{\"@type\":\"ImageObject\",\"inLanguage\":\"en-US\",\"@id\":\"https:\\\/\\\/ibchelsinki.fi\\\/sv\\\/#\\\/schema\\\/logo\\\/image\\\/\",\"url\":\"https:\\\/\\\/var\\\/www\\\/fs4\\\/52\\\/ibchelsi\\\/web\\\/wp-content\\\/uploads\\\/2025\\\/03\\\/hibcstamp.svg\",\"contentUrl\":\"https:\\\/\\\/var\\\/www\\\/fs4\\\/52\\\/ibchelsi\\\/web\\\/wp-content\\\/uploads\\\/2025\\\/03\\\/hibcstamp.svg\",\"width\":1,\"height\":1,\"caption\":\"Helsinki International Ballet Competition\"},\"image\":{\"@id\":\"https:\\\/\\\/ibchelsinki.fi\\\/sv\\\/#\\\/schema\\\/logo\\\/image\\\/\"},\"sameAs\":[\"https:\\\/\\\/www.facebook.com\\\/ibchelsinki\\\/\",\"https:\\\/\\\/x.com\\\/Ibchelsinki\",\"https:\\\/\\\/www.instagram.com\\\/ibchelsinki\\\/\",\"https:\\\/\\\/www.youtube.com\\\/channel\\\/UC38s8Qo-Ty8t7C1Kf9wsGQw\"]}]}<\/script>\n<!-- \/ Yoast SEO plugin. -->","yoast_head_json":{"title":"Teachers - The Helsinki International Ballet Competition","robots":{"index":"index","follow":"follow","max-snippet":"max-snippet:-1","max-image-preview":"max-image-preview:large","max-video-preview":"max-video-preview:-1"},"canonical":"https:\/\/ibchelsinki.fi\/en\/competition\/opettajat\/","og_locale":"en_US","og_type":"article","og_title":"Teachers - The Helsinki International Ballet Competition","og_url":"https:\/\/ibchelsinki.fi\/en\/competition\/opettajat\/","og_site_name":"The Helsinki International Ballet Competition","article_publisher":"https:\/\/www.facebook.com\/ibchelsinki\/","article_modified_time":"2026-04-29T12:10:06+00:00","og_image":[{"width":2500,"height":1406,"url":"https:\/\/ibchelsinki.fi\/wp-content\/uploads\/2025\/03\/etusivu_desktop.jpg","type":"image\/jpeg"}],"twitter_card":"summary_large_image","twitter_site":"@Ibchelsinki","twitter_misc":{"Est. reading time":"7 minutes"},"schema":{"@context":"https:\/\/schema.org","@graph":[{"@type":"WebPage","@id":"https:\/\/ibchelsinki.fi\/en\/competition\/opettajat\/","url":"https:\/\/ibchelsinki.fi\/en\/competition\/opettajat\/","name":"Teachers - The Helsinki International Ballet Competition","isPartOf":{"@id":"https:\/\/ibchelsinki.fi\/sv\/#website"},"datePublished":"2025-03-10T05:22:14+00:00","dateModified":"2026-04-29T12:10:06+00:00","breadcrumb":{"@id":"https:\/\/ibchelsinki.fi\/en\/competition\/opettajat\/#breadcrumb"},"inLanguage":"en-US","potentialAction":[{"@type":"ReadAction","target":["https:\/\/ibchelsinki.fi\/en\/competition\/opettajat\/"]}]},{"@type":"BreadcrumbList","@id":"https:\/\/ibchelsinki.fi\/en\/competition\/opettajat\/#breadcrumb","itemListElement":[{"@type":"ListItem","position":1,"name":"Home","item":"https:\/\/ibchelsinki.fi\/en\/"},{"@type":"ListItem","position":2,"name":"Competition","item":"https:\/\/ibchelsinki.fi\/en\/competition\/"},{"@type":"ListItem","position":3,"name":"Teachers"}]},{"@type":"WebSite","@id":"https:\/\/ibchelsinki.fi\/sv\/#website","url":"https:\/\/ibchelsinki.fi\/sv\/","name":"HIBC 2026","description":"HIBC","publisher":{"@id":"https:\/\/ibchelsinki.fi\/sv\/#organization"},"potentialAction":[{"@type":"SearchAction","target":{"@type":"EntryPoint","urlTemplate":"https:\/\/ibchelsinki.fi\/sv\/?s={search_term_string}"},"query-input":{"@type":"PropertyValueSpecification","valueRequired":true,"valueName":"search_term_string"}}],"inLanguage":"en-US"},{"@type":"Organization","@id":"https:\/\/ibchelsinki.fi\/sv\/#organization","name":"Helsinki International Ballet Competition","alternateName":"HIBC","url":"https:\/\/ibchelsinki.fi\/sv\/","logo":{"@type":"ImageObject","inLanguage":"en-US","@id":"https:\/\/ibchelsinki.fi\/sv\/#\/schema\/logo\/image\/","url":"https:\/\/var\/www\/fs4\/52\/ibchelsi\/web\/wp-content\/uploads\/2025\/03\/hibcstamp.svg","contentUrl":"https:\/\/var\/www\/fs4\/52\/ibchelsi\/web\/wp-content\/uploads\/2025\/03\/hibcstamp.svg","width":1,"height":1,"caption":"Helsinki International Ballet Competition"},"image":{"@id":"https:\/\/ibchelsinki.fi\/sv\/#\/schema\/logo\/image\/"},"sameAs":["https:\/\/www.facebook.com\/ibchelsinki\/","https:\/\/x.com\/Ibchelsinki","https:\/\/www.instagram.com\/ibchelsinki\/","https:\/\/www.youtube.com\/channel\/UC38s8Qo-Ty8t7C1Kf9wsGQw"]}]}},"_links":{"self":[{"href":"https:\/\/ibchelsinki.fi\/en\/wp-json\/wp\/v2\/pages\/1016","targetHints":{"allow":["GET"]}}],"collection":[{"href":"https:\/\/ibchelsinki.fi\/en\/wp-json\/wp\/v2\/pages"}],"about":[{"href":"https:\/\/ibchelsinki.fi\/en\/wp-json\/wp\/v2\/types\/page"}],"author":[{"embeddable":true,"href":"https:\/\/ibchelsinki.fi\/en\/wp-json\/wp\/v2\/users\/2"}],"replies":[{"embeddable":true,"href":"https:\/\/ibchelsinki.fi\/en\/wp-json\/wp\/v2\/comments?post=1016"}],"version-history":[{"count":14,"href":"https:\/\/ibchelsinki.fi\/en\/wp-json\/wp\/v2\/pages\/1016\/revisions"}],"predecessor-version":[{"id":2385,"href":"https:\/\/ibchelsinki.fi\/en\/wp-json\/wp\/v2\/pages\/1016\/revisions\/2385"}],"up":[{"embeddable":true,"href":"https:\/\/ibchelsinki.fi\/en\/wp-json\/wp\/v2\/pages\/300"}],"wp:attachment":[{"href":"https:\/\/ibchelsinki.fi\/en\/wp-json\/wp\/v2\/media?parent=1016"}],"curies":[{"name":"wp","href":"https:\/\/api.w.org\/{rel}","templated":true}]}}