{"id":702,"date":"2025-03-10T07:25:09","date_gmt":"2025-03-10T05:25:09","guid":{"rendered":"https:\/\/var\/www\/fs4\/52\/ibchelsi\/web\/kilpailun-voittajat-1984\/"},"modified":"2025-03-26T13:26:51","modified_gmt":"2025-03-26T11:26:51","slug":"kilpailun-voittajat-1984","status":"publish","type":"page","link":"https:\/\/ibchelsinki.fi\/en\/history\/kilpailun-voittajat-1984\/","title":{"rendered":"Winners of the Competition"},"content":{"rendered":"    <section class=\"hibc-hero subhero\">\n                                              <div class=\"bgd\" style=\"background-image: url(https:\/\/ibchelsinki.fi\/wp-content\/uploads\/2025\/03\/Voittajientarinoita_desktop.jpg.webp)\"><\/div>\n      <div class=\"bgm\" style=\"background-image: url(https:\/\/ibchelsinki.fi\/wp-content\/uploads\/2025\/03\/kuva_mobiili-608x1080.jpg.webp)\"><\/div>\n      <div class=\"content\">\n        <p class=\"ingress\">\n          History\n        <\/p>\n        <h1>Winners of the Competition<\/h1>\n      <\/div>\n      <div class=\"date\">\n        27.5.\u20135.6.2026\n      <\/div>\n    <\/section>\n\n\n<main id=\"main\">\n  <div class=\"acf-innerblocks-container\">\n    <section class=\"hibc-column plain\">\n      <div class=\"inner\">\n        <div class=\"text\">\n          <h2>Winners of the Helsinki International Ballet Competition<br \/>\n1984-2022<\/h2>\n<h2>1984 \u2013 1st competition<\/h2>\n<p><strong>SENIORS<\/strong><\/p>\n<p>Women<\/p>\n<ol>\n<li>Natalia Tshehovskaya (Sovjet Union)<\/li>\n<li>Kirsi Aromaa (Finland)<\/li>\n<li>Sylvie Guillaumin (France)<\/li>\n<\/ol>\n<p>Men<\/p>\n<ol>\n<li>Oliver Matz (DDR)<\/li>\n<li>Vadim Pisarev (Sovjet Union)<\/li>\n<li>Jukka Aromaa (Finland)<\/li>\n<\/ol>\n<p><strong><br \/>\nJUNIORS<\/strong><\/p>\n<p>Women<\/p>\n<ol>\n<li>Caroline Campo (BRD)<\/li>\n<li>Kirsten Lammersen (BRD)<\/li>\n<li>Kazumi Ushio (Japan)<\/li>\n<\/ol>\n<p>Men<\/p>\n<ol>\n<li>\u2013<\/li>\n<li>\u2013<\/li>\n<li>\u2013<\/li>\n<\/ol>\n<p><strong>CHOREOGRAPHERS<\/strong><\/p>\n<ol>\n<li>Eddy Toussaint (Canada)<\/li>\n<li>&#8211;<\/li>\n<li>Nina Marttinen (Finland), Ysabelle Taylor (United Kingdom)<\/li>\n<\/ol>\n<p>&nbsp;<\/p>\n<h2>1991 \u2013 2nd competition<\/h2>\n<p><strong>SENIORS<\/strong><\/p>\n<p>Women<\/p>\n<ol>\n<li>\u2013<\/li>\n<li>Barbara Bears (USA)<\/li>\n<li>Suzanne Rubio (Canada)<\/li>\n<\/ol>\n<p>Men<\/p>\n<ol>\n<li>\u2013<\/li>\n<li>Bakhitzan Smagulov (Sovjet Union)<\/li>\n<li>Aidar Akhmetov (Sovjet Union)<\/li>\n<\/ol>\n<p><strong>JUNIORS<\/strong><\/p>\n<p>Women<\/p>\n<ol>\n<li>Pollyanna Ribeiro (Brasil)<\/li>\n<li>Tan Yuanyuan (China)<\/li>\n<li>Lei Zhao (China)<\/li>\n<\/ol>\n<p>Men<\/p>\n<ol>\n<li>\u2013<\/li>\n<li>Kim Sav\u00e9us (Sweden)<\/li>\n<li>\u2013<\/li>\n<\/ol>\n<p><strong>CHOREOGRAPHERS<\/strong><\/p>\n<p>Robert North (USA)<br \/>\nMark Godden (Kanada)<br \/>\nTero Saarinen (Suomi)<\/p>\n<p>&nbsp;<\/p>\n<h2>1995 &#8211; 3rd competition<\/h2>\n<p>GRAND PRIX\u00a0 \u00a0Barbora Kohoutkov\u00e1 (Czech Republic)<\/p>\n<p><strong>SENIORS<\/strong><\/p>\n<p>Women<\/p>\n<ol>\n<li>Egle Spokaite (Lithuania)<\/li>\n<li>Katja Bj\u00f6rner (Sweden), Nina Hyv\u00e4rinen (Finland)<\/li>\n<li>\u2013<\/li>\n<\/ol>\n<p>Men<\/p>\n<ol>\n<li>Andrei Ivanov (Russia)<\/li>\n<li>Daryl Brandwood (Australia)<\/li>\n<li>Jonas Lundqvist (Finland)<\/li>\n<\/ol>\n<p><strong>JUNIORS<\/strong><\/p>\n<p>Women<\/p>\n<ol>\n<li>Barbora Kohoutkov\u00e1 (Czech Republic)<\/li>\n<li>Zhang Jian (China)<\/li>\n<li>Elizabeth Mertz (USA)<\/li>\n<\/ol>\n<p>Men<\/p>\n<ol>\n<li>Han Po (China)<\/li>\n<li>Stanislav Jermakov (Estonia)<\/li>\n<li>Almicar Moret (Cuba), Michael Eaton (USA)<\/li>\n<\/ol>\n<p><strong>CHOREOGRAPHERS<\/strong><\/p>\n<p>Philip Morris Choreography Award<br \/>\nNtsikelelo G. Cekwana (South-Africa)<br \/>\nKrysztof Pastor (Poland)<br \/>\nDaryl Brandwood (Australia)<\/p>\n<p>Philip Morris Choreography Encouragement Award<br \/>\nMei Wang (China)<\/p>\n<p>&nbsp;<\/p>\n<h2>2001 &#8211; 4th competition<\/h2>\n<p>GRAND PRIX\u00a0 \u00a0Yao Wei (China)<\/p>\n<p><strong>SENIORS<\/strong><\/p>\n<p>Women<\/p>\n<ol>\n<li>\u2013<\/li>\n<li>Hwang Hye Min (Korea), 5 000 \u20ac<\/li>\n<li>\u2013<\/li>\n<\/ol>\n<p>Men<\/p>\n<ol>\n<li>\u00a0Zdenek Konvalina (Czech Republic), 7 000 \u20ac<br \/>\nAnton Korsakov (Russia), 7 000 \u20ac<\/li>\n<li>\u00a0Sergei Upkin (Estonia), 5 000 \u20ac<\/li>\n<li>Wang Yi (China), 3 000 \u20ac<\/li>\n<\/ol>\n<p><strong><br \/>\nJUNIORS<\/strong><\/p>\n<p>Women<\/p>\n<ol>\n<li>Fang Zhong-Jing (China), Nokia Award For Young Talent 3 000 \u20ac<\/li>\n<li>Sarah Kora Dayanova (France), 2 000 \u20ac<\/li>\n<li>Yoko Kaneta (Japan), 1 000 \u20ac<\/li>\n<\/ol>\n<p>Men<\/p>\n<ol>\n<li>Thiago Bordin (Germany), Nokia Award For Young Talent 3 000 \u20ac<\/li>\n<li>Yudai Fukuoka (Japan), 2 000 \u20ac<\/li>\n<li>Huang Zhen (China), 1 000 \u20ac<\/li>\n<\/ol>\n<p><strong>Encouragement Awards<\/strong><\/p>\n<p>Joseph Phillips (USA) to young talent, 500 \u20ac<br \/>\nSara Vuorinen (Finland) encouragement award from Union for Finnish Dance Artists, 2 000<\/p>\n<p><strong>CHOREOGRAPHERS<\/strong><\/p>\n<p>Philip Morris Choreography Grand Prix<br \/>\nCl\u00e1udia Martins &amp; Rafael Carri\u00e7o (Portugali)<\/p>\n<p>Philip Morris -awards<br \/>\nL\u00e1ra Stef\u00e1nsd\u00f3ttir (Iceland), 6 000 \u20ac<br \/>\nArja Tiili (Finland), 4 000 \u20ac<\/p>\n<p>Nokia Award, 4 000 \u20ac<br \/>\nPontus Lindberg (Sweden)<\/p>\n<p>&nbsp;<\/p>\n<h2>2005 &#8211; 5th competition<br \/>\n<span style=\"font-family: futurapt, sans-serif; font-size: 0.8rem; font-weight: 400;\">GLORIA GRAND PRIX Daniil Simkin (Germany)<\/span><\/h2>\n<p><strong>SENIORS<\/strong><\/p>\n<p>Women<\/p>\n<ol>\n<li>\u00a0Iana Salenko (Ukraine), 7 000 \u20ac<\/li>\n<li>\u00a0Jurgita Dronina (Lithuainia), 5 000 \u20ac<\/li>\n<li>Melissa Hough (USA), 3 000 \u20ac<\/li>\n<\/ol>\n<p>Men<\/p>\n<ol>\n<li>\u00a0\u2013<\/li>\n<li>Yu Zheng (China), 5 000 \u20ac, Dastan Chinybayev (Kazakstan), 5 000 \u20ac<\/li>\n<li>Shidong Sheng (China), 3 000 \u20ac, Marian Walter (Germany), 3 000 \u20ac<\/li>\n<\/ol>\n<p><strong><br \/>\nJUNIORS<\/strong><\/p>\n<p>Women<\/p>\n<ol>\n<li>Tao Shuci (China), 3 000 \u20ac<\/li>\n<li>Eszter Led\u00e1n (Hungary), 2 000 \u20ac<\/li>\n<li>Megan Grey (USA), 1 000 \u20ac<\/li>\n<\/ol>\n<p>Men<\/p>\n<ol>\n<li>\u00a0Istv\u00e1n Simon (Hungary), 3 000 \u20ac<\/li>\n<li>Joseph Gorak (USA), 2 000 \u20ac<\/li>\n<li>Mathias Dingman (USA), 1 000 \u20ac<\/li>\n<\/ol>\n<p><strong>CHOREOGRAPHERS<\/strong><\/p>\n<p>Choreography Award<br \/>\nFei Bo (China), Remembrance, 3 000 \u20ac<br \/>\nJorma Elo (Finland), On Fast Strings, Two Fast, 3 000 \u20ac<br \/>\nViktor Plotnikov (Ukraine), Crazy Nun, 3 000 \u20ac<\/p>\n<p>&nbsp;<\/p>\n<p><strong>Other Awards<\/strong><\/p>\n<p>Fintra Inspiring Achievement Prize<br \/>\nRich\u00e1rd Szab\u00f3 (Hungary), 1 000 \u20ac<br \/>\nQuenby Hersh (USA), 1 000 \u20ac<\/p>\n<p>Kirsti Paakkanen\u2019s Encouragement Prize<br \/>\nBrooklyn Mack (USA), 1 000 \u20ac<br \/>\nMaria Seletskaja (Estonia), 1 000 \u20ac<br \/>\nCao Chi Thanh (Vietnam), 1 000 \u20ac<\/p>\n<p>Union of Finnish Dance Artists\u2019 Encouragement Prize<br \/>\nAino Ettala (Finland), 500 \u20ac<\/p>\n<p>&nbsp;<\/p>\n<h2>2009 &#8211; 6th competition<\/h2>\n<p>GLORIA GRAND PRIX Xiaoyu He (China)<\/p>\n<p><strong>SENIORS<\/strong><\/p>\n<p>Women<\/p>\n<ol>\n<li>Haijing Yao (China), 8 000 \u20ac<\/li>\n<li>Yu Guo(China), 6 000 \u20ac<\/li>\n<li>Magda Matejkova (Czech Republic) 3 500 \u20ac<\/li>\n<\/ol>\n<p>Men<\/p>\n<ol>\n<li>\u00a0Jun Shuang Huang, (China) 8 000 \u20ac<\/li>\n<li>Brooklyn Mack (USA), 6 000 \u20ac, Avetik Karapetyan (Armenia), 6 000 \u20ac<\/li>\n<li>Maxime Quiroga (France), 3 500 \u20ac<\/li>\n<\/ol>\n<p>&nbsp;<\/p>\n<p>JUNIORS<\/p>\n<p>Women<\/p>\n<ol>\n<li>Maria Baranova (Finland), 3 500 \u20ac<\/li>\n<li>Camille Bracher (South-Africa), 2 500 \u20ac<\/li>\n<li>Meaghan Hinkis (USA), 1 500 \u20ac<\/li>\n<\/ol>\n<p>Men<\/p>\n<ol>\n<li>\u00a0Jeffrey A. Cirio (USA), 3 500 \u20ac<\/li>\n<li>Lonnie Weeks (USA), 2 500 \u20ac<\/li>\n<li>Junxiong Zhao (China), 1 500 \u20ac<\/li>\n<li>Gergely Leblanc (Hungary), 1 500 \u20ac<\/li>\n<\/ol>\n<p>&nbsp;<\/p>\n<p><strong>CHOREOGRAPHERS<\/strong><\/p>\n<p>Choreography Award<br \/>\nMarco Goecke, (Germany) Affi, 2 250 \u20ac<br \/>\nDavid Jonathan (Belgium), 303, 2 250 \u20ac<\/p>\n<p>&nbsp;<\/p>\n<p><strong>OTHER AWARDS<\/strong><\/p>\n<p>Pessi &amp; Illusia Prize for a best couple (Doris Laine &amp; Heikki V\u00e4rtsi)<br \/>\nHong Yu Guo and Wenjun Zhang, 3 000 \u20ac<\/p>\n<p>Union of Finnish Dance Artists\u2019 Encouragement Prize<br \/>\nMaria Baranova (Finland), 500 \u20ac<\/p>\n<p>&nbsp;<\/p>\n<h2>2012 &#8211; 7th competition<\/h2>\n<p>GLORIA GRAND PRIX Yun Wang (China), 15 000 \u20ac<\/p>\n<p><strong>SENIORS<\/strong><\/p>\n<p>Women<\/p>\n<ol>\n<li>Candice Adea (Filippines) 8 000 \u20ac<\/li>\n<li>Maria Baranova (Finland), 6 000 \u20ac<\/li>\n<li>Ekaterina Oleynik (Belarus), 3 500 \u20ac<\/li>\n<\/ol>\n<p>Men<\/p>\n<ol>\n<li>\u00a0\u2013<\/li>\n<li>Rodrigo Almarales (Cuba), 6 000\u20ac, Ruichen Sun (China), 6 000 \u20ac<\/li>\n<li>Andrei Cozlac (Romania), 3 500 \u20ac<\/li>\n<\/ol>\n<p><strong>JUNIORS<\/strong><\/p>\n<p>Women<\/p>\n<ol>\n<li>Alys Shee (Canada), 3 500 \u20ac<\/li>\n<li>Dingwen Ao (China), 2 500 \u20ac<\/li>\n<li>Katherine Higgins (USA), 1 500 \u20ac<\/li>\n<\/ol>\n<p>Men<\/p>\n<ol>\n<li>Taiyu He (China), 3 500 \u20ac<\/li>\n<li>Francesco Gabriele Frola (Italia), 2 500 \u20ac<\/li>\n<li>Jinchang Gu (China), 1 500 \u20ac<\/li>\n<\/ol>\n<p>&nbsp;<\/p>\n<p><strong>CHOREOGRAPHERS<\/strong><\/p>\n<p>Choreography Award<br \/>\nFrancesco Frola (Italy), Magnificat, 2 000 \u20ac<br \/>\nTisa Zhang (China), My First Modern Dance, 2 000 \u20ac<\/p>\n<p>&nbsp;<\/p>\n<p><strong>SPECIAL\u00a0 AWARDS<\/strong><\/p>\n<p>Best non-competing partner<br \/>\nYe Wang (China), 2 000 \u20ac<br \/>\nBest Pas de Deux -technique<br \/>\nJean-Marc Cordero (Filippines), 2 000 \u20ac<br \/>\nMARIMEKKO DANCE DESIGN PRIZE<br \/>\nChoreographer Fei Bo (China), Sacrifice, 2 000 \u20ac<br \/>\nMARIINSKII THEATRES FRIENDS IN FINLAND RY award of the best interpretation of\u00a0 TSHAIKOVSKY music<br \/>\nYun Wang ja Yang Jiao (China), 2 500 \u20ac<br \/>\nUnion of Finnish Dance Artists\u2019 Prize to talented young dancer<br \/>\nSuvi Honkanen (Finland) 1 000 \u20ac<\/p>\n<p>&nbsp;<\/p>\n<h2>2016 &#8211; 8th competition<\/h2>\n<p>JANE ERKKO GRAND PRIX Kim Heesun (South-Korea), 15 000 \u20ac<\/p>\n<p>SENIORS<\/p>\n<p>Women<\/p>\n<ol>\n<li>\u00a0Xinlu Zhan (China), Yimeng Sun (China), 7 000 \u20ac<\/li>\n<li>\u00a0\u2013<\/li>\n<li>Yoshiko Kamikusa (Canada), 3 500 \u20ac<\/li>\n<\/ol>\n<p>Men<\/p>\n<ol>\n<li>\u00a0\u2013<\/li>\n<li>Byul Yun (South-Korea), 6 000 \u20ac<\/li>\n<li>Takatoshi Machiyama (Japan), Kengo Nishioka (Japan), 3 000 \u20ac<\/li>\n<\/ol>\n<p>&nbsp;<\/p>\n<p>JUNIORIT<\/p>\n<p>Naiset<\/p>\n<ol>\n<li>So Jung Shin (Etel\u00e4-Korea), 3 500 \u20ac<\/li>\n<li>Fangqi Li (Kiina), 2 500 \u20ac<\/li>\n<li>Yeojin Shim (Etel\u00e4-Korea), 1 500 \u20ac<\/li>\n<\/ol>\n<p>Miehet<\/p>\n<ol>\n<li>Zhuming Chen (Kiina), 3 500 \u20ac<\/li>\n<li>Yuedong Sun (Kiina), 2 500 \u20ac<\/li>\n<li>Frederico Loureiro (Portugali), 1 500 \u20ac<\/li>\n<\/ol>\n<p>&nbsp;<\/p>\n<p><strong>CHOREOGRAPHERS<\/strong><\/p>\n<p>Koreografiapalkinto Jae Deok Kim (Etel\u00e4-Korea), Aria, 2 000 \u20ac<\/p>\n<p>&nbsp;<\/p>\n<p>SPECIAL AWARDS FROM THE JURY<\/p>\n<p>1st prize Pas de deux -series<br \/>\nHojin Jeon (South-Korea), 1 000\u20ac<\/p>\n<p>Encouragement awards<br \/>\nMatthew Cunningham (USA), 1 000 \u20ac<br \/>\nMagili Chadbourne (USA), 1 000 \u20ac<br \/>\nChongzheng Guan (China), 1 000 \u20ac<\/p>\n<p>Attitydi-encouragement award<br \/>\nSuvi Honkanen (Finland), 1 000 \u20ac<\/p>\n<p>&nbsp;<\/p>\n<h2>2022 &#8211; 9th competition<\/h2>\n<p>Jane Erkko Grand Prix Yuka Masumoto (Japani) 20 000 \u20ac<\/p>\n<p>Doris Laine -award Giulio Diligente (Italy),12 000 \u20ac<\/p>\n<p>&nbsp;<\/p>\n<p>SENIORS<\/p>\n<p>Women<\/p>\n<ol>\n<li>\u00a0\u2013<\/li>\n<li><span style=\"font-family: futurapt, sans-serif; font-size: 0.8rem;\">Hui Wen Peng (Taiwan) 7 000 \u20ac<\/span><\/li>\n<li><span style=\"font-family: futurapt, sans-serif; font-size: 0.8rem;\">Viola L\u00e4nsivuori (Finland) 5 000 \u20ac<\/span><\/li>\n<\/ol>\n<p>Men:<\/p>\n<ol>\n<li>Keita Fujishima (Japan) 10 000 \u20ac<\/li>\n<li><span style=\"font-family: futurapt, sans-serif; font-size: 0.8rem;\">Luciano Ghidoli, (Italy) 7 000 \u20ac<\/span><\/li>\n<li><span style=\"font-family: futurapt, sans-serif; font-size: 0.8rem;\">Joshua Kiesel, (USA) 5 000 \u20ac<\/span><\/li>\n<\/ol>\n<p>JUNIORS<\/p>\n<p>Women<\/p>\n<ol>\n<li>Maya Schonbrun (USA) 5 000 \u20ac<\/li>\n<li><span style=\"font-family: futurapt, sans-serif; font-size: 0.8rem;\">Matoi Kawamoto (Japan) 3 500 \u20ac<\/span><\/li>\n<li><span style=\"font-family: futurapt, sans-serif; font-size: 0.8rem;\">Alexis Workowski (USA) 2 000 \u20ac<\/span><\/li>\n<\/ol>\n<p>Men<\/p>\n<ol>\n<li>Clark Eselgroth (USA) 5 000 \u20ac<\/li>\n<li><span style=\"font-family: futurapt, sans-serif; font-size: 0.8rem;\">Alexei Orohovsky (USA) 3 500 \u20ac<\/span><\/li>\n<li><span style=\"font-family: futurapt, sans-serif; font-size: 0.8rem;\">Vasco Yu Belo Prazeres Pereira (Portugal) 2 000 \u20ac<\/span><\/li>\n<\/ol>\n<p>Choreography award \u2013<\/p>\n<p>Other awards<\/p>\n<p>Balettiyhdistys Attitydi ry:n award Pinja Rissanen (Finland) 1 000 \u20ac<\/p>\n<p>encouragement award from the Jury\u00a0 Alexei Orohovsky (USA) 1 000 \u20ac<\/p>\n<p>Pas de deux -award Yuka Masumoto (Japani) &amp; Clark Eselgroth, (USA) 5 000 \u20ac<\/p>\n\n        <\/div>\n              <\/div>\n    <\/section>\n\n<\/div>\n<\/main>\n","protected":false},"excerpt":{"rendered":"","protected":false},"author":2,"featured_media":0,"parent":812,"menu_order":0,"comment_status":"closed","ping_status":"closed","template":"","meta":{"_acf_changed":false,"footnotes":""},"class_list":["post-702","page","type-page","status-publish","hentry"],"acf":[],"yoast_head":"<!-- This site is optimized with the Yoast SEO plugin v27.5 - https:\/\/yoast.com\/product\/yoast-seo-wordpress\/ -->\n<title>Winners of the Competition - The Helsinki International Ballet Competition<\/title>\n<meta name=\"robots\" content=\"index, follow, max-snippet:-1, max-image-preview:large, max-video-preview:-1\" \/>\n<link rel=\"canonical\" href=\"https:\/\/ibchelsinki.fi\/en\/history\/kilpailun-voittajat-1984\/\" \/>\n<meta property=\"og:locale\" content=\"en_US\" \/>\n<meta property=\"og:type\" content=\"article\" \/>\n<meta property=\"og:title\" content=\"Winners of the Competition - The Helsinki International Ballet Competition\" \/>\n<meta property=\"og:url\" content=\"https:\/\/ibchelsinki.fi\/en\/history\/kilpailun-voittajat-1984\/\" \/>\n<meta property=\"og:site_name\" content=\"The Helsinki International Ballet Competition\" \/>\n<meta property=\"article:publisher\" content=\"https:\/\/www.facebook.com\/ibchelsinki\/\" \/>\n<meta property=\"article:modified_time\" content=\"2025-03-26T11:26:51+00:00\" \/>\n<meta property=\"og:image\" content=\"https:\/\/ibchelsinki.fi\/wp-content\/uploads\/2025\/03\/etusivu_desktop.jpg\" \/>\n\t<meta property=\"og:image:width\" content=\"2500\" \/>\n\t<meta property=\"og:image:height\" content=\"1406\" \/>\n\t<meta property=\"og:image:type\" content=\"image\/jpeg\" \/>\n<meta name=\"twitter:card\" content=\"summary_large_image\" \/>\n<meta name=\"twitter:site\" content=\"@Ibchelsinki\" \/>\n<script type=\"application\/ld+json\" class=\"yoast-schema-graph\">{\"@context\":\"https:\\\/\\\/schema.org\",\"@graph\":[{\"@type\":\"WebPage\",\"@id\":\"https:\\\/\\\/ibchelsinki.fi\\\/en\\\/history\\\/kilpailun-voittajat-1984\\\/\",\"url\":\"https:\\\/\\\/ibchelsinki.fi\\\/en\\\/history\\\/kilpailun-voittajat-1984\\\/\",\"name\":\"Winners of the Competition - The Helsinki International Ballet Competition\",\"isPartOf\":{\"@id\":\"https:\\\/\\\/ibchelsinki.fi\\\/sv\\\/#website\"},\"datePublished\":\"2025-03-10T05:25:09+00:00\",\"dateModified\":\"2025-03-26T11:26:51+00:00\",\"breadcrumb\":{\"@id\":\"https:\\\/\\\/ibchelsinki.fi\\\/en\\\/history\\\/kilpailun-voittajat-1984\\\/#breadcrumb\"},\"inLanguage\":\"en-US\",\"potentialAction\":[{\"@type\":\"ReadAction\",\"target\":[\"https:\\\/\\\/ibchelsinki.fi\\\/en\\\/history\\\/kilpailun-voittajat-1984\\\/\"]}]},{\"@type\":\"BreadcrumbList\",\"@id\":\"https:\\\/\\\/ibchelsinki.fi\\\/en\\\/history\\\/kilpailun-voittajat-1984\\\/#breadcrumb\",\"itemListElement\":[{\"@type\":\"ListItem\",\"position\":1,\"name\":\"Home\",\"item\":\"https:\\\/\\\/ibchelsinki.fi\\\/en\\\/\"},{\"@type\":\"ListItem\",\"position\":2,\"name\":\"History\",\"item\":\"https:\\\/\\\/ibchelsinki.fi\\\/en\\\/history\\\/\"},{\"@type\":\"ListItem\",\"position\":3,\"name\":\"Winners of the Competition\"}]},{\"@type\":\"WebSite\",\"@id\":\"https:\\\/\\\/ibchelsinki.fi\\\/sv\\\/#website\",\"url\":\"https:\\\/\\\/ibchelsinki.fi\\\/sv\\\/\",\"name\":\"HIBC 2026\",\"description\":\"HIBC\",\"publisher\":{\"@id\":\"https:\\\/\\\/ibchelsinki.fi\\\/sv\\\/#organization\"},\"potentialAction\":[{\"@type\":\"SearchAction\",\"target\":{\"@type\":\"EntryPoint\",\"urlTemplate\":\"https:\\\/\\\/ibchelsinki.fi\\\/sv\\\/?s={search_term_string}\"},\"query-input\":{\"@type\":\"PropertyValueSpecification\",\"valueRequired\":true,\"valueName\":\"search_term_string\"}}],\"inLanguage\":\"en-US\"},{\"@type\":\"Organization\",\"@id\":\"https:\\\/\\\/ibchelsinki.fi\\\/sv\\\/#organization\",\"name\":\"Helsinki International Ballet Competition\",\"alternateName\":\"HIBC\",\"url\":\"https:\\\/\\\/ibchelsinki.fi\\\/sv\\\/\",\"logo\":{\"@type\":\"ImageObject\",\"inLanguage\":\"en-US\",\"@id\":\"https:\\\/\\\/ibchelsinki.fi\\\/sv\\\/#\\\/schema\\\/logo\\\/image\\\/\",\"url\":\"https:\\\/\\\/var\\\/www\\\/fs4\\\/52\\\/ibchelsi\\\/web\\\/wp-content\\\/uploads\\\/2025\\\/03\\\/hibcstamp.svg\",\"contentUrl\":\"https:\\\/\\\/var\\\/www\\\/fs4\\\/52\\\/ibchelsi\\\/web\\\/wp-content\\\/uploads\\\/2025\\\/03\\\/hibcstamp.svg\",\"width\":1,\"height\":1,\"caption\":\"Helsinki International Ballet Competition\"},\"image\":{\"@id\":\"https:\\\/\\\/ibchelsinki.fi\\\/sv\\\/#\\\/schema\\\/logo\\\/image\\\/\"},\"sameAs\":[\"https:\\\/\\\/www.facebook.com\\\/ibchelsinki\\\/\",\"https:\\\/\\\/x.com\\\/Ibchelsinki\",\"https:\\\/\\\/www.instagram.com\\\/ibchelsinki\\\/\",\"https:\\\/\\\/www.youtube.com\\\/channel\\\/UC38s8Qo-Ty8t7C1Kf9wsGQw\"]}]}<\/script>\n<!-- \/ Yoast SEO plugin. -->","yoast_head_json":{"title":"Winners of the Competition - The Helsinki International Ballet Competition","robots":{"index":"index","follow":"follow","max-snippet":"max-snippet:-1","max-image-preview":"max-image-preview:large","max-video-preview":"max-video-preview:-1"},"canonical":"https:\/\/ibchelsinki.fi\/en\/history\/kilpailun-voittajat-1984\/","og_locale":"en_US","og_type":"article","og_title":"Winners of the Competition - The Helsinki International Ballet Competition","og_url":"https:\/\/ibchelsinki.fi\/en\/history\/kilpailun-voittajat-1984\/","og_site_name":"The Helsinki International Ballet Competition","article_publisher":"https:\/\/www.facebook.com\/ibchelsinki\/","article_modified_time":"2025-03-26T11:26:51+00:00","og_image":[{"width":2500,"height":1406,"url":"https:\/\/ibchelsinki.fi\/wp-content\/uploads\/2025\/03\/etusivu_desktop.jpg","type":"image\/jpeg"}],"twitter_card":"summary_large_image","twitter_site":"@Ibchelsinki","schema":{"@context":"https:\/\/schema.org","@graph":[{"@type":"WebPage","@id":"https:\/\/ibchelsinki.fi\/en\/history\/kilpailun-voittajat-1984\/","url":"https:\/\/ibchelsinki.fi\/en\/history\/kilpailun-voittajat-1984\/","name":"Winners of the Competition - The Helsinki International Ballet Competition","isPartOf":{"@id":"https:\/\/ibchelsinki.fi\/sv\/#website"},"datePublished":"2025-03-10T05:25:09+00:00","dateModified":"2025-03-26T11:26:51+00:00","breadcrumb":{"@id":"https:\/\/ibchelsinki.fi\/en\/history\/kilpailun-voittajat-1984\/#breadcrumb"},"inLanguage":"en-US","potentialAction":[{"@type":"ReadAction","target":["https:\/\/ibchelsinki.fi\/en\/history\/kilpailun-voittajat-1984\/"]}]},{"@type":"BreadcrumbList","@id":"https:\/\/ibchelsinki.fi\/en\/history\/kilpailun-voittajat-1984\/#breadcrumb","itemListElement":[{"@type":"ListItem","position":1,"name":"Home","item":"https:\/\/ibchelsinki.fi\/en\/"},{"@type":"ListItem","position":2,"name":"History","item":"https:\/\/ibchelsinki.fi\/en\/history\/"},{"@type":"ListItem","position":3,"name":"Winners of the Competition"}]},{"@type":"WebSite","@id":"https:\/\/ibchelsinki.fi\/sv\/#website","url":"https:\/\/ibchelsinki.fi\/sv\/","name":"HIBC 2026","description":"HIBC","publisher":{"@id":"https:\/\/ibchelsinki.fi\/sv\/#organization"},"potentialAction":[{"@type":"SearchAction","target":{"@type":"EntryPoint","urlTemplate":"https:\/\/ibchelsinki.fi\/sv\/?s={search_term_string}"},"query-input":{"@type":"PropertyValueSpecification","valueRequired":true,"valueName":"search_term_string"}}],"inLanguage":"en-US"},{"@type":"Organization","@id":"https:\/\/ibchelsinki.fi\/sv\/#organization","name":"Helsinki International Ballet Competition","alternateName":"HIBC","url":"https:\/\/ibchelsinki.fi\/sv\/","logo":{"@type":"ImageObject","inLanguage":"en-US","@id":"https:\/\/ibchelsinki.fi\/sv\/#\/schema\/logo\/image\/","url":"https:\/\/var\/www\/fs4\/52\/ibchelsi\/web\/wp-content\/uploads\/2025\/03\/hibcstamp.svg","contentUrl":"https:\/\/var\/www\/fs4\/52\/ibchelsi\/web\/wp-content\/uploads\/2025\/03\/hibcstamp.svg","width":1,"height":1,"caption":"Helsinki International Ballet Competition"},"image":{"@id":"https:\/\/ibchelsinki.fi\/sv\/#\/schema\/logo\/image\/"},"sameAs":["https:\/\/www.facebook.com\/ibchelsinki\/","https:\/\/x.com\/Ibchelsinki","https:\/\/www.instagram.com\/ibchelsinki\/","https:\/\/www.youtube.com\/channel\/UC38s8Qo-Ty8t7C1Kf9wsGQw"]}]}},"_links":{"self":[{"href":"https:\/\/ibchelsinki.fi\/en\/wp-json\/wp\/v2\/pages\/702","targetHints":{"allow":["GET"]}}],"collection":[{"href":"https:\/\/ibchelsinki.fi\/en\/wp-json\/wp\/v2\/pages"}],"about":[{"href":"https:\/\/ibchelsinki.fi\/en\/wp-json\/wp\/v2\/types\/page"}],"author":[{"embeddable":true,"href":"https:\/\/ibchelsinki.fi\/en\/wp-json\/wp\/v2\/users\/2"}],"replies":[{"embeddable":true,"href":"https:\/\/ibchelsinki.fi\/en\/wp-json\/wp\/v2\/comments?post=702"}],"version-history":[{"count":17,"href":"https:\/\/ibchelsinki.fi\/en\/wp-json\/wp\/v2\/pages\/702\/revisions"}],"predecessor-version":[{"id":1303,"href":"https:\/\/ibchelsinki.fi\/en\/wp-json\/wp\/v2\/pages\/702\/revisions\/1303"}],"up":[{"embeddable":true,"href":"https:\/\/ibchelsinki.fi\/en\/wp-json\/wp\/v2\/pages\/812"}],"wp:attachment":[{"href":"https:\/\/ibchelsinki.fi\/en\/wp-json\/wp\/v2\/media?parent=702"}],"curies":[{"name":"wp","href":"https:\/\/api.w.org\/{rel}","templated":true}]}}