{"id":1247,"date":"2025-03-10T07:21:19","date_gmt":"2025-03-10T05:21:19","guid":{"rendered":"https:\/\/ibchelsinki.fi\/?page_id=1247"},"modified":"2026-04-21T14:48:40","modified_gmt":"2026-04-21T11:48:40","slug":"konkurrenter","status":"publish","type":"page","link":"https:\/\/ibchelsinki.fi\/sv\/tavlingen\/konkurrenter\/","title":{"rendered":"T\u00e4vlande"},"content":{"rendered":"    <section class=\"hibc-hero subhero\">\n                                              <div class=\"bgd\" style=\"background-image: url(https:\/\/ibchelsinki.fi\/wp-content\/uploads\/2025\/03\/kilpailu_desktop-2.jpg.webp)\"><\/div>\n      <div class=\"bgm\" style=\"background-image: url(https:\/\/ibchelsinki.fi\/wp-content\/uploads\/2025\/03\/ajankohtaista_mobiili-608x1080.jpg.webp)\"><\/div>\n      <div class=\"content\">\n        <p class=\"ingress\">\n          F\u00f6r publiken\n        <\/p>\n        <h1>T\u00e4vlande<\/h1>\n      <\/div>\n      <div class=\"date\">\n        28.5.\u20135.6.2026\n      <\/div>\n    <\/section>\n\n\n    <section class=\"hibc-column plain\">\n      <div class=\"inner\">\n        <div class=\"text\">\n          <p><b>81 dansare fr\u00e5n 15 olika l\u00e4nder <\/b><span style=\"font-weight: 400;\">har valts ut till Helsingfors internationella balett\u00e4vling. T\u00e4vlande i alfabetisk ordning enligt efternamn.<\/span><\/p>\n<p><span style=\"font-weight: 400;\">F\u00f6rnamn Efternamn, bos\u00e4ttningsland, nationalitet<\/span><\/p>\n<h3><b>Juniorer (15\u201318 \u00e5r)<\/b><\/h3>\n<ol>\n<li style=\"font-weight: 400;\" aria-level=\"1\"><span style=\"font-weight: 400;\">Ivy Bancoff, USA, USA<\/span><\/li>\n<li style=\"font-weight: 400;\" aria-level=\"1\"><span style=\"font-weight: 400;\">Mikaela Cameron, USA, USA<\/span><\/li>\n<li style=\"font-weight: 400;\" aria-level=\"1\"><span style=\"font-weight: 400;\">Channing Dennis, USA, USA<\/span><\/li>\n<li style=\"font-weight: 400;\" aria-level=\"1\"><span style=\"font-weight: 400;\">Nali Dobrin, Romania, Romania<\/span><\/li>\n<li style=\"font-weight: 400;\" aria-level=\"1\"><span style=\"font-weight: 400;\">Eli Ram Garcia, USA, USA<\/span><\/li>\n<li style=\"font-weight: 400;\" aria-level=\"1\"><span style=\"font-weight: 400;\">Afina Gosla, USA, USA<\/span><\/li>\n<li style=\"font-weight: 400;\" aria-level=\"1\"><span style=\"font-weight: 400;\">Berkleigh Hernandez, USA, USA<\/span><\/li>\n<li style=\"font-weight: 400;\" aria-level=\"1\"><span style=\"font-weight: 400;\">Penelope Hokkanen, Sweden, Finland<\/span><\/li>\n<li style=\"font-weight: 400;\" aria-level=\"1\"><span style=\"font-weight: 400;\">Jiyoung In, South Korea, South Korea<\/span><\/li>\n<li style=\"font-weight: 400;\" aria-level=\"1\"><span style=\"font-weight: 400;\">Joseph Kirillov, USA, USA<\/span><\/li>\n<li style=\"font-weight: 400;\" aria-level=\"1\"><span style=\"font-weight: 400;\">Lily Kiyama, Japan, Japan and USA<\/span><\/li>\n<li style=\"font-weight: 400;\" aria-level=\"1\"><span style=\"font-weight: 400;\">Madeleine Lee, USA, USA<\/span><\/li>\n<li style=\"font-weight: 400;\" aria-level=\"1\"><span style=\"font-weight: 400;\">Eve Mack, USA, USA<\/span><\/li>\n<li style=\"font-weight: 400;\" aria-level=\"1\"><span style=\"font-weight: 400;\">Noora<\/span> <span style=\"font-weight: 400;\">Mattila, Finland, Finland<\/span><\/li>\n<li style=\"font-weight: 400;\" aria-level=\"1\"><span style=\"font-weight: 400;\">Jacquelyn Ng, USA, USA<\/span><\/li>\n<li style=\"font-weight: 400;\" aria-level=\"1\"><span style=\"font-weight: 400;\">Paulina Pucha\u0142a, Poland, Poland<\/span><\/li>\n<li style=\"font-weight: 400;\" aria-level=\"1\"><span style=\"font-weight: 400;\">Erica<\/span> <span style=\"font-weight: 400;\">Romanenko, USA, USA<\/span><\/li>\n<li style=\"font-weight: 400;\" aria-level=\"1\"><span style=\"font-weight: 400;\">Wonhee SEO, South Korea, South Korea<\/span><\/li>\n<li style=\"font-weight: 400;\" aria-level=\"1\"><span style=\"font-weight: 400;\">Eva Shinn, USA, USA<\/span><\/li>\n<li style=\"font-weight: 400;\" aria-level=\"1\"><span style=\"font-weight: 400;\">Tom\u00e1s<\/span> <span style=\"font-weight: 400;\"> Silva, Portugal, Portugal<\/span><\/li>\n<li style=\"font-weight: 400;\" aria-level=\"1\"><span style=\"font-weight: 400;\">Sora Sudo, Hungary, Japan<\/span><\/li>\n<li style=\"font-weight: 400;\" aria-level=\"1\"><span style=\"font-weight: 400;\">Florentina Truempler, Germany, Germany<\/span><\/li>\n<li style=\"font-weight: 400;\" aria-level=\"1\"><span style=\"font-weight: 400;\">Alexi Pola Vilaubi, USA, USA<\/span><\/li>\n<li style=\"font-weight: 400;\" aria-level=\"1\"><span style=\"font-weight: 400;\">Annie<\/span> <span style=\"font-weight: 400;\">Webb, USA, USA<\/span><\/li>\n<li style=\"font-weight: 400;\" aria-level=\"1\"><span style=\"font-weight: 400;\">Sophia Xiao, USA, USA<\/span><\/li>\n<li style=\"font-weight: 400;\" aria-level=\"1\"><span style=\"font-weight: 400;\">Keri Yamane, Belgique, Kenya-Japan<\/span><\/li>\n<li style=\"font-weight: 400;\" aria-level=\"1\"><span style=\"font-weight: 400;\">Maria Yoshimoto, Japan, Japan<\/span><\/li>\n<li style=\"font-weight: 400;\" aria-level=\"1\"><span style=\"font-weight: 400;\">Kelly Zhong, USA, USA<\/span><\/li>\n<\/ol>\n<h3><b>Unga professionella (19\u201321 \u00e5r)<\/b><\/h3>\n<ol>\n<li style=\"font-weight: 400;\" aria-level=\"1\"><span style=\"font-weight: 400;\">Tatiana Chen, USA, USA<\/span><\/li>\n<li style=\"font-weight: 400;\" aria-level=\"1\"><span style=\"font-weight: 400;\">Julien DeJear, USA, USA<\/span><\/li>\n<li style=\"font-weight: 400;\" aria-level=\"1\"><span style=\"font-weight: 400;\">Dasha<\/span> <span style=\"font-weight: 400;\"> Derkach, USA, USA<\/span><\/li>\n<li style=\"font-weight: 400;\" aria-level=\"1\"><span style=\"font-weight: 400;\">Isabella DiEmedio, USA, USA<\/span><\/li>\n<li style=\"font-weight: 400;\" aria-level=\"1\"><span style=\"font-weight: 400;\">Pinja Elonen, Finland, Finland<\/span><\/li>\n<li style=\"font-weight: 400;\" aria-level=\"1\"><span style=\"font-weight: 400;\">Uzay Hasanusta, USA, USA<\/span><\/li>\n<li style=\"font-weight: 400;\" aria-level=\"1\"><span style=\"font-weight: 400;\">Kellan<\/span> <span style=\"font-weight: 400;\">Hayag, USA, USA<\/span><\/li>\n<li style=\"font-weight: 400;\" aria-level=\"1\"><span style=\"font-weight: 400;\">Elina Hyytinen, Belgium, Finland<\/span><\/li>\n<li style=\"font-weight: 400;\" aria-level=\"1\"><span style=\"font-weight: 400;\">Yujeong Kang, Finland, South Korea<\/span><\/li>\n<li style=\"font-weight: 400;\" aria-level=\"1\"><span style=\"font-weight: 400;\">Yaeri Kim, South Korea, South Korea<\/span><\/li>\n<li style=\"font-weight: 400;\" aria-level=\"1\"><span style=\"font-weight: 400;\">Kenshin Kimura, Germany, Japan<\/span><\/li>\n<li style=\"font-weight: 400;\" aria-level=\"1\"><span style=\"font-weight: 400;\">Cheuk Ni Cherry Lam, Hong Kong, Hong Kong, China<\/span><\/li>\n<li style=\"font-weight: 400;\" aria-level=\"1\"><span style=\"font-weight: 400;\">Jaehwi Lee, South Korea, South Korea<\/span><\/li>\n<li style=\"font-weight: 400;\" aria-level=\"1\"><span style=\"font-weight: 400;\">Takdanai McLeod-Smith, Finland, Australia<\/span><\/li>\n<li style=\"font-weight: 400;\" aria-level=\"1\"><span style=\"font-weight: 400;\">Aoi Morohashi, USA, Japan<\/span><\/li>\n<li style=\"font-weight: 400;\" aria-level=\"1\"><span style=\"font-weight: 400;\">Isabella Padilla, USA, USA<\/span><\/li>\n<li style=\"font-weight: 400;\" aria-level=\"1\"><span style=\"font-weight: 400;\">Samuel Pedro Pereira, Bulgaria, Portugal<\/span><\/li>\n<li style=\"font-weight: 400;\" aria-level=\"1\"><span style=\"font-weight: 400;\">Patricio Perez Ruiz, USA, USA<\/span><\/li>\n<li style=\"font-weight: 400;\" aria-level=\"1\"><span style=\"font-weight: 400;\">Parker Rozzano-Keefe, USA, USA<\/span><\/li>\n<li style=\"font-weight: 400;\" aria-level=\"1\"><span style=\"font-weight: 400;\">Karen<\/span> <span style=\"font-weight: 400;\">Satomura, Hungary, Japan<\/span><\/li>\n<li style=\"font-weight: 400;\" aria-level=\"1\"><span style=\"font-weight: 400;\">Noah Seidl, Finland, USA<\/span><\/li>\n<li style=\"font-weight: 400;\" aria-level=\"1\"><span style=\"font-weight: 400;\">Chaeeun Shin, South Korea, South Korea<\/span><\/li>\n<li style=\"font-weight: 400;\" aria-level=\"1\"><span style=\"font-weight: 400;\">Yuveen Shin, South Korea, South Korea<\/span><\/li>\n<li style=\"font-weight: 400;\" aria-level=\"1\"><span style=\"font-weight: 400;\">Ha-eun So, South Korea, South Korea<\/span><\/li>\n<li style=\"font-weight: 400;\" aria-level=\"1\"><span style=\"font-weight: 400;\">Jaeseung Sung, South Korea, South Korea<\/span><\/li>\n<li style=\"font-weight: 400;\" aria-level=\"1\"><span style=\"font-weight: 400;\">Toivo S\u00e4rel\u00e4, Poland, Finland<\/span><\/li>\n<li style=\"font-weight: 400;\" aria-level=\"1\"><span style=\"font-weight: 400;\">Ayako<\/span> <span style=\"font-weight: 400;\">Tsukada, Finland, Japan<\/span><\/li>\n<li style=\"font-weight: 400;\" aria-level=\"1\"><span style=\"font-weight: 400;\">Christopher Tsukada, USA, USA\/Japan<\/span><\/li>\n<li style=\"font-weight: 400;\" aria-level=\"1\"><span style=\"font-weight: 400;\">Mingyang Xie, Finland, China<\/span><\/li>\n<\/ol>\n<h3><b>Seniorer (22\u201325 \u00e5r)<\/b><\/h3>\n<ol>\n<li style=\"font-weight: 400;\" aria-level=\"1\"><span style=\"font-weight: 400;\">Lara Bir\u010d\u00e1kov\u00e1, Netherlands, Czech Republic<\/span><\/li>\n<li style=\"font-weight: 400;\" aria-level=\"1\"><span style=\"font-weight: 400;\">Charlie Clinton, USA, USA<\/span><\/li>\n<li style=\"font-weight: 400;\" aria-level=\"1\"><span style=\"font-weight: 400;\">Joel Dichter, Germany, USA<\/span><\/li>\n<li style=\"font-weight: 400;\" aria-level=\"1\"><span style=\"font-weight: 400;\">Amelie Freeman, USA, USA<\/span><\/li>\n<li style=\"font-weight: 400;\" aria-level=\"1\"><span style=\"font-weight: 400;\">Oji Fujino, Estonia, Japan<\/span><\/li>\n<li style=\"font-weight: 400;\" aria-level=\"1\"><span style=\"font-weight: 400;\">Eichi<\/span>\u00a0<span style=\"font-weight: 400;\">Fujita, USA<\/span> <span style=\"font-weight: 400;\">, Japan<\/span><\/li>\n<li style=\"font-weight: 400;\" aria-level=\"1\"><span style=\"font-weight: 400;\">Antonio Gallo, Estonia, Italia<\/span><\/li>\n<li style=\"font-weight: 400;\" aria-level=\"1\"><span style=\"font-weight: 400;\">Aviva Gelfer-M\u00fcndl, USA, USA<\/span><\/li>\n<li style=\"font-weight: 400;\" aria-level=\"1\"><span style=\"font-weight: 400;\">Luciano Ghidoli, Finland, South Africa-Italia<\/span><\/li>\n<li style=\"font-weight: 400;\" aria-level=\"1\"><span style=\"font-weight: 400;\">Sumi Ichikawa, USA, USA<\/span><\/li>\n<li style=\"font-weight: 400;\" aria-level=\"1\"><span style=\"font-weight: 400;\">Aino<\/span> <span style=\"font-weight: 400;\">Louhivaara, Estonia, Finland<\/span><\/li>\n<li style=\"font-weight: 400;\" aria-level=\"1\"><span style=\"font-weight: 400;\">Anni Martins\u00e9n, Finland, Finland<\/span><\/li>\n<li style=\"font-weight: 400;\" aria-level=\"1\"><span style=\"font-weight: 400;\">Anri Matsuda, Finland, Japan<\/span><\/li>\n<li style=\"font-weight: 400;\" aria-level=\"1\"><span style=\"font-weight: 400;\">Emery Meroni, USA, Switzerland<\/span><\/li>\n<li style=\"font-weight: 400;\" aria-level=\"1\"><span style=\"font-weight: 400;\">Iiris Nikula, Germany, Finland<\/span><\/li>\n<li style=\"font-weight: 400;\" aria-level=\"1\"><span style=\"font-weight: 400;\">Mitsuki Noda, Poland, Japan<\/span><\/li>\n<li style=\"font-weight: 400;\" aria-level=\"1\"><span style=\"font-weight: 400;\">David<\/span> <span style=\"font-weight: 400;\">Rathbun, Finland, USA<\/span><\/li>\n<li style=\"font-weight: 400;\" aria-level=\"1\"><span style=\"font-weight: 400;\">Ignacio Rivera, Spain, Costa Rica<\/span><\/li>\n<li style=\"font-weight: 400;\" aria-level=\"1\"><span style=\"font-weight: 400;\">Evelyn Robinson, Finland, USA<\/span><\/li>\n<li style=\"font-weight: 400;\" aria-level=\"1\"><span style=\"font-weight: 400;\">Ethan<\/span> <span style=\"font-weight: 400;\">Slocomb, Finland, Australia<\/span><\/li>\n<li style=\"font-weight: 400;\" aria-level=\"1\"><span style=\"font-weight: 400;\">Miguel<\/span> <span style=\"font-weight: 400;\">Wansing Lorrio, USA, Spain\/Germany<\/span><\/li>\n<li style=\"font-weight: 400;\" aria-level=\"1\"><span style=\"font-weight: 400;\">Chun Hung Yan, China, Hong Kong\/China<\/span><\/li>\n<li style=\"font-weight: 400;\" aria-level=\"1\"><span style=\"font-weight: 400;\">Katelyn Yang, USA, USA<\/span><\/li>\n<\/ol>\n<p>&nbsp;<\/p>\n<p>&nbsp;<\/p>\n\n        <\/div>\n              <\/div>\n    <\/section>\n","protected":false},"excerpt":{"rendered":"","protected":false},"author":4,"featured_media":0,"parent":302,"menu_order":0,"comment_status":"closed","ping_status":"closed","template":"","meta":{"_acf_changed":false,"footnotes":""},"class_list":["post-1247","page","type-page","status-publish","hentry"],"acf":[],"yoast_head":"<!-- This site is optimized with the Yoast SEO plugin v27.6 - https:\/\/yoast.com\/product\/yoast-seo-wordpress\/ -->\n<title>T\u00e4vlande - The Helsinki International Ballet Competition<\/title>\n<meta name=\"robots\" content=\"index, follow, max-snippet:-1, max-image-preview:large, max-video-preview:-1\" \/>\n<link rel=\"canonical\" href=\"https:\/\/ibchelsinki.fi\/sv\/tavlingen\/konkurrenter\/\" \/>\n<meta property=\"og:locale\" content=\"sv_SE\" \/>\n<meta property=\"og:type\" content=\"article\" \/>\n<meta property=\"og:title\" content=\"T\u00e4vlande - The Helsinki International Ballet Competition\" \/>\n<meta property=\"og:url\" content=\"https:\/\/ibchelsinki.fi\/sv\/tavlingen\/konkurrenter\/\" \/>\n<meta property=\"og:site_name\" content=\"The Helsinki International Ballet Competition\" \/>\n<meta property=\"article:publisher\" content=\"https:\/\/www.facebook.com\/ibchelsinki\/\" \/>\n<meta property=\"article:modified_time\" content=\"2026-04-21T11:48:40+00:00\" \/>\n<meta property=\"og:image\" content=\"https:\/\/ibchelsinki.fi\/wp-content\/uploads\/2025\/03\/etusivu_desktop.jpg\" \/>\n\t<meta property=\"og:image:width\" content=\"2500\" \/>\n\t<meta property=\"og:image:height\" content=\"1406\" \/>\n\t<meta property=\"og:image:type\" content=\"image\/jpeg\" \/>\n<meta name=\"twitter:card\" content=\"summary_large_image\" \/>\n<meta name=\"twitter:site\" content=\"@Ibchelsinki\" \/>\n<meta name=\"twitter:label1\" content=\"Ber\u00e4knad l\u00e4stid\" \/>\n\t<meta name=\"twitter:data1\" content=\"3 minuter\" \/>\n<script type=\"application\/ld+json\" class=\"yoast-schema-graph\">{\"@context\":\"https:\\\/\\\/schema.org\",\"@graph\":[{\"@type\":\"WebPage\",\"@id\":\"https:\\\/\\\/ibchelsinki.fi\\\/sv\\\/tavlingen\\\/konkurrenter\\\/\",\"url\":\"https:\\\/\\\/ibchelsinki.fi\\\/sv\\\/tavlingen\\\/konkurrenter\\\/\",\"name\":\"T\u00e4vlande - The Helsinki International Ballet Competition\",\"isPartOf\":{\"@id\":\"https:\\\/\\\/ibchelsinki.fi\\\/sv\\\/#website\"},\"datePublished\":\"2025-03-10T05:21:19+00:00\",\"dateModified\":\"2026-04-21T11:48:40+00:00\",\"breadcrumb\":{\"@id\":\"https:\\\/\\\/ibchelsinki.fi\\\/sv\\\/tavlingen\\\/konkurrenter\\\/#breadcrumb\"},\"inLanguage\":\"sv-SE\",\"potentialAction\":[{\"@type\":\"ReadAction\",\"target\":[\"https:\\\/\\\/ibchelsinki.fi\\\/sv\\\/tavlingen\\\/konkurrenter\\\/\"]}]},{\"@type\":\"BreadcrumbList\",\"@id\":\"https:\\\/\\\/ibchelsinki.fi\\\/sv\\\/tavlingen\\\/konkurrenter\\\/#breadcrumb\",\"itemListElement\":[{\"@type\":\"ListItem\",\"position\":1,\"name\":\"Home\",\"item\":\"https:\\\/\\\/ibchelsinki.fi\\\/sv\\\/\"},{\"@type\":\"ListItem\",\"position\":2,\"name\":\"F\u00f6r publiken\",\"item\":\"https:\\\/\\\/ibchelsinki.fi\\\/sv\\\/tavlingen\\\/\"},{\"@type\":\"ListItem\",\"position\":3,\"name\":\"T\u00e4vlande\"}]},{\"@type\":\"WebSite\",\"@id\":\"https:\\\/\\\/ibchelsinki.fi\\\/sv\\\/#website\",\"url\":\"https:\\\/\\\/ibchelsinki.fi\\\/sv\\\/\",\"name\":\"HIBC 2026\",\"description\":\"HIBC\",\"publisher\":{\"@id\":\"https:\\\/\\\/ibchelsinki.fi\\\/sv\\\/#organization\"},\"potentialAction\":[{\"@type\":\"SearchAction\",\"target\":{\"@type\":\"EntryPoint\",\"urlTemplate\":\"https:\\\/\\\/ibchelsinki.fi\\\/sv\\\/?s={search_term_string}\"},\"query-input\":{\"@type\":\"PropertyValueSpecification\",\"valueRequired\":true,\"valueName\":\"search_term_string\"}}],\"inLanguage\":\"sv-SE\"},{\"@type\":\"Organization\",\"@id\":\"https:\\\/\\\/ibchelsinki.fi\\\/sv\\\/#organization\",\"name\":\"Helsinki International Ballet Competition\",\"alternateName\":\"HIBC\",\"url\":\"https:\\\/\\\/ibchelsinki.fi\\\/sv\\\/\",\"logo\":{\"@type\":\"ImageObject\",\"inLanguage\":\"sv-SE\",\"@id\":\"https:\\\/\\\/ibchelsinki.fi\\\/sv\\\/#\\\/schema\\\/logo\\\/image\\\/\",\"url\":\"https:\\\/\\\/var\\\/www\\\/fs4\\\/52\\\/ibchelsi\\\/web\\\/wp-content\\\/uploads\\\/2025\\\/03\\\/hibcstamp.svg\",\"contentUrl\":\"https:\\\/\\\/var\\\/www\\\/fs4\\\/52\\\/ibchelsi\\\/web\\\/wp-content\\\/uploads\\\/2025\\\/03\\\/hibcstamp.svg\",\"width\":1,\"height\":1,\"caption\":\"Helsinki International Ballet Competition\"},\"image\":{\"@id\":\"https:\\\/\\\/ibchelsinki.fi\\\/sv\\\/#\\\/schema\\\/logo\\\/image\\\/\"},\"sameAs\":[\"https:\\\/\\\/www.facebook.com\\\/ibchelsinki\\\/\",\"https:\\\/\\\/x.com\\\/Ibchelsinki\",\"https:\\\/\\\/www.instagram.com\\\/ibchelsinki\\\/\",\"https:\\\/\\\/www.youtube.com\\\/channel\\\/UC38s8Qo-Ty8t7C1Kf9wsGQw\"]}]}<\/script>\n<!-- \/ Yoast SEO plugin. -->","yoast_head_json":{"title":"T\u00e4vlande - The Helsinki International Ballet Competition","robots":{"index":"index","follow":"follow","max-snippet":"max-snippet:-1","max-image-preview":"max-image-preview:large","max-video-preview":"max-video-preview:-1"},"canonical":"https:\/\/ibchelsinki.fi\/sv\/tavlingen\/konkurrenter\/","og_locale":"sv_SE","og_type":"article","og_title":"T\u00e4vlande - The Helsinki International Ballet Competition","og_url":"https:\/\/ibchelsinki.fi\/sv\/tavlingen\/konkurrenter\/","og_site_name":"The Helsinki International Ballet Competition","article_publisher":"https:\/\/www.facebook.com\/ibchelsinki\/","article_modified_time":"2026-04-21T11:48:40+00:00","og_image":[{"width":2500,"height":1406,"url":"https:\/\/ibchelsinki.fi\/wp-content\/uploads\/2025\/03\/etusivu_desktop.jpg","type":"image\/jpeg"}],"twitter_card":"summary_large_image","twitter_site":"@Ibchelsinki","twitter_misc":{"Ber\u00e4knad l\u00e4stid":"3 minuter"},"schema":{"@context":"https:\/\/schema.org","@graph":[{"@type":"WebPage","@id":"https:\/\/ibchelsinki.fi\/sv\/tavlingen\/konkurrenter\/","url":"https:\/\/ibchelsinki.fi\/sv\/tavlingen\/konkurrenter\/","name":"T\u00e4vlande - The Helsinki International Ballet Competition","isPartOf":{"@id":"https:\/\/ibchelsinki.fi\/sv\/#website"},"datePublished":"2025-03-10T05:21:19+00:00","dateModified":"2026-04-21T11:48:40+00:00","breadcrumb":{"@id":"https:\/\/ibchelsinki.fi\/sv\/tavlingen\/konkurrenter\/#breadcrumb"},"inLanguage":"sv-SE","potentialAction":[{"@type":"ReadAction","target":["https:\/\/ibchelsinki.fi\/sv\/tavlingen\/konkurrenter\/"]}]},{"@type":"BreadcrumbList","@id":"https:\/\/ibchelsinki.fi\/sv\/tavlingen\/konkurrenter\/#breadcrumb","itemListElement":[{"@type":"ListItem","position":1,"name":"Home","item":"https:\/\/ibchelsinki.fi\/sv\/"},{"@type":"ListItem","position":2,"name":"F\u00f6r publiken","item":"https:\/\/ibchelsinki.fi\/sv\/tavlingen\/"},{"@type":"ListItem","position":3,"name":"T\u00e4vlande"}]},{"@type":"WebSite","@id":"https:\/\/ibchelsinki.fi\/sv\/#website","url":"https:\/\/ibchelsinki.fi\/sv\/","name":"HIBC 2026","description":"HIBC","publisher":{"@id":"https:\/\/ibchelsinki.fi\/sv\/#organization"},"potentialAction":[{"@type":"SearchAction","target":{"@type":"EntryPoint","urlTemplate":"https:\/\/ibchelsinki.fi\/sv\/?s={search_term_string}"},"query-input":{"@type":"PropertyValueSpecification","valueRequired":true,"valueName":"search_term_string"}}],"inLanguage":"sv-SE"},{"@type":"Organization","@id":"https:\/\/ibchelsinki.fi\/sv\/#organization","name":"Helsinki International Ballet Competition","alternateName":"HIBC","url":"https:\/\/ibchelsinki.fi\/sv\/","logo":{"@type":"ImageObject","inLanguage":"sv-SE","@id":"https:\/\/ibchelsinki.fi\/sv\/#\/schema\/logo\/image\/","url":"https:\/\/var\/www\/fs4\/52\/ibchelsi\/web\/wp-content\/uploads\/2025\/03\/hibcstamp.svg","contentUrl":"https:\/\/var\/www\/fs4\/52\/ibchelsi\/web\/wp-content\/uploads\/2025\/03\/hibcstamp.svg","width":1,"height":1,"caption":"Helsinki International Ballet Competition"},"image":{"@id":"https:\/\/ibchelsinki.fi\/sv\/#\/schema\/logo\/image\/"},"sameAs":["https:\/\/www.facebook.com\/ibchelsinki\/","https:\/\/x.com\/Ibchelsinki","https:\/\/www.instagram.com\/ibchelsinki\/","https:\/\/www.youtube.com\/channel\/UC38s8Qo-Ty8t7C1Kf9wsGQw"]}]}},"_links":{"self":[{"href":"https:\/\/ibchelsinki.fi\/sv\/wp-json\/wp\/v2\/pages\/1247","targetHints":{"allow":["GET"]}}],"collection":[{"href":"https:\/\/ibchelsinki.fi\/sv\/wp-json\/wp\/v2\/pages"}],"about":[{"href":"https:\/\/ibchelsinki.fi\/sv\/wp-json\/wp\/v2\/types\/page"}],"author":[{"embeddable":true,"href":"https:\/\/ibchelsinki.fi\/sv\/wp-json\/wp\/v2\/users\/4"}],"replies":[{"embeddable":true,"href":"https:\/\/ibchelsinki.fi\/sv\/wp-json\/wp\/v2\/comments?post=1247"}],"version-history":[{"count":11,"href":"https:\/\/ibchelsinki.fi\/sv\/wp-json\/wp\/v2\/pages\/1247\/revisions"}],"predecessor-version":[{"id":2335,"href":"https:\/\/ibchelsinki.fi\/sv\/wp-json\/wp\/v2\/pages\/1247\/revisions\/2335"}],"up":[{"embeddable":true,"href":"https:\/\/ibchelsinki.fi\/sv\/wp-json\/wp\/v2\/pages\/302"}],"wp:attachment":[{"href":"https:\/\/ibchelsinki.fi\/sv\/wp-json\/wp\/v2\/media?parent=1247"}],"curies":[{"name":"wp","href":"https:\/\/api.w.org\/{rel}","templated":true}]}}