{"id":1476,"date":"2025-03-10T07:26:36","date_gmt":"2025-03-10T05:26:36","guid":{"rendered":"https:\/\/ibchelsinki.fi\/?page_id=1476"},"modified":"2026-04-21T15:10:14","modified_gmt":"2026-04-21T12:10:14","slug":"1476-2","status":"publish","type":"page","link":"https:\/\/ibchelsinki.fi\/sv\/info\/1476-2\/","title":{"rendered":"F\u00f6reningen"},"content":{"rendered":"    <section class=\"hibc-hero subhero\">\n                                              <div class=\"bgd\" style=\"background-image: url(https:\/\/ibchelsinki.fi\/wp-content\/uploads\/2025\/03\/kuva_desktop.jpg.webp)\"><\/div>\n      <div class=\"bgm\" style=\"background-image: url(https:\/\/ibchelsinki.fi\/wp-content\/uploads\/2025\/03\/kuva_mobiili-608x1080.jpg.webp)\"><\/div>\n      <div class=\"content\">\n        <p class=\"ingress\">\n          T\u00e4vlingsarrang\u00f6r\n        <\/p>\n        <h1>F\u00f6reningen<\/h1>\n      <\/div>\n      <div class=\"date\">\n        27.5.\u20135.6.2026\n      <\/div>\n    <\/section>\n\n\n    <section class=\"hibc-column plain\">\n      <div class=\"inner\">\n        <div class=\"text\">\n          <p>Helsingfors internationella balett\u00e4vling (HIBC) \u00e4r den viktigaste eventet i v\u00e5rt land f\u00f6r klassisk balett som h\u00e5lls regelbundet cirka vart 4\u20135 \u00e5r sedan 1984 och fortfarande en av de f\u00e5 internationella danseventen i Finland.<\/p>\n<p>Sedan 2001 har Helsingfors internationella balett\u00e4vling -f\u00f6reningen ansvarat f\u00f6r arrangemangen. F\u00f6reningens syfte \u00e4r att fr\u00e4mja och utveckla intresset och niv\u00e5n f\u00f6r klassisk balett och nutidens dans i Finland, st\u00f6dja den internationella interaktionen inom danskonsten samt utvidga publikbasen f\u00f6r danskonsten.<\/p>\n<p><strong>Styrelsemedlemmar 2025\u20132026<br \/>\n<\/strong><br \/>\nHannele Niiranen-Mattsson (Ordf\u00f6rande)<br \/>\nHannu Hyttinen (Vice ordf\u00f6rande)<br \/>\nTuomas Hyv\u00f6nen<br \/>\nEnni Schorin<br \/>\nAnu Sistonen<br \/>\nTimo Sokura<br \/>\nJani Talo<br \/>\nArja Tervo<br \/>\nLaura Vilhonen<br \/>\nNicholas Ziegler<br \/>\nJavier Torres<\/p>\n<p><strong>Vill du bli medlem?<br \/>\n<\/strong><br \/>\nSom medlem f\u00e5r du m\u00f6jlighet att p\u00e5verka f\u00f6reningens verksamhet. I medlemsbrevet f\u00e5r du information om f\u00f6reningens aktiviteter och evenemang, m\u00f6jligheten att delta i f\u00f6rel\u00e4sningar och diskussionsm\u00f6ten som f\u00f6reningen ordnar, en inbjudan till \u00e5rsm\u00f6tet samt samtidigt en inbjudan till Nationalbalettens f\u00f6rest\u00e4llning.<\/p>\n<p>Medlemsavgiften \u00e4r f\u00f6r n\u00e4rvarande 30\u20ac\/\u00e5r.<\/p>\n<p>Bli medlem nu! Skicka en informell medlemsans\u00f6kan med dina kontaktuppgifter till adressen info@ibchelsinki.fi.<br \/>\nF\u00f6reningens styrelse behandlar ans\u00f6kningar och meddelar dig om godk\u00e4nnandet.<\/p>\n<p>F\u00f6lj oss:\u00a0 \u00a0<a class=\"yult\" href=\"https:\/\/www.instagram.com\/ibchelsinki\/\" target=\"_blank\" rel=\"noopener\">Instagram<\/a>\u00a0ja <a class=\"yult\" href=\"https:\/\/www.facebook.com\/ibchelsinki\/\" target=\"_blank\" rel=\"noopener\">Facebook<\/a><\/p>\n\n        <\/div>\n              <\/div>\n    <\/section>\n","protected":false},"excerpt":{"rendered":"","protected":false},"author":4,"featured_media":0,"parent":1473,"menu_order":0,"comment_status":"closed","ping_status":"closed","template":"","meta":{"_acf_changed":false,"footnotes":""},"class_list":["post-1476","page","type-page","status-publish","hentry"],"acf":[],"yoast_head":"<!-- This site is optimized with the Yoast SEO plugin v27.5 - https:\/\/yoast.com\/product\/yoast-seo-wordpress\/ -->\n<title>F\u00f6reningen - The Helsinki International Ballet Competition<\/title>\n<meta name=\"robots\" content=\"index, follow, max-snippet:-1, max-image-preview:large, max-video-preview:-1\" \/>\n<link rel=\"canonical\" href=\"https:\/\/ibchelsinki.fi\/sv\/info\/1476-2\/\" \/>\n<meta property=\"og:locale\" content=\"sv_SE\" \/>\n<meta property=\"og:type\" content=\"article\" \/>\n<meta property=\"og:title\" content=\"F\u00f6reningen - The Helsinki International Ballet Competition\" \/>\n<meta property=\"og:url\" content=\"https:\/\/ibchelsinki.fi\/sv\/info\/1476-2\/\" \/>\n<meta property=\"og:site_name\" content=\"The Helsinki International Ballet Competition\" \/>\n<meta property=\"article:publisher\" content=\"https:\/\/www.facebook.com\/ibchelsinki\/\" \/>\n<meta property=\"article:modified_time\" content=\"2026-04-21T12:10:14+00:00\" \/>\n<meta property=\"og:image\" content=\"https:\/\/ibchelsinki.fi\/wp-content\/uploads\/2025\/03\/etusivu_desktop.jpg\" \/>\n\t<meta property=\"og:image:width\" content=\"2500\" \/>\n\t<meta property=\"og:image:height\" content=\"1406\" \/>\n\t<meta property=\"og:image:type\" content=\"image\/jpeg\" \/>\n<meta name=\"twitter:card\" content=\"summary_large_image\" \/>\n<meta name=\"twitter:site\" content=\"@Ibchelsinki\" \/>\n<meta name=\"twitter:label1\" content=\"Ber\u00e4knad l\u00e4stid\" \/>\n\t<meta name=\"twitter:data1\" content=\"2 minuter\" \/>\n<script type=\"application\/ld+json\" class=\"yoast-schema-graph\">{\"@context\":\"https:\\\/\\\/schema.org\",\"@graph\":[{\"@type\":\"WebPage\",\"@id\":\"https:\\\/\\\/ibchelsinki.fi\\\/sv\\\/info\\\/1476-2\\\/\",\"url\":\"https:\\\/\\\/ibchelsinki.fi\\\/sv\\\/info\\\/1476-2\\\/\",\"name\":\"F\u00f6reningen - The Helsinki International Ballet Competition\",\"isPartOf\":{\"@id\":\"https:\\\/\\\/ibchelsinki.fi\\\/sv\\\/#website\"},\"datePublished\":\"2025-03-10T05:26:36+00:00\",\"dateModified\":\"2026-04-21T12:10:14+00:00\",\"breadcrumb\":{\"@id\":\"https:\\\/\\\/ibchelsinki.fi\\\/sv\\\/info\\\/1476-2\\\/#breadcrumb\"},\"inLanguage\":\"sv-SE\",\"potentialAction\":[{\"@type\":\"ReadAction\",\"target\":[\"https:\\\/\\\/ibchelsinki.fi\\\/sv\\\/info\\\/1476-2\\\/\"]}]},{\"@type\":\"BreadcrumbList\",\"@id\":\"https:\\\/\\\/ibchelsinki.fi\\\/sv\\\/info\\\/1476-2\\\/#breadcrumb\",\"itemListElement\":[{\"@type\":\"ListItem\",\"position\":1,\"name\":\"Home\",\"item\":\"https:\\\/\\\/ibchelsinki.fi\\\/sv\\\/\"},{\"@type\":\"ListItem\",\"position\":2,\"name\":\"T\u00e4vlingsarrang\u00f6r\",\"item\":\"https:\\\/\\\/ibchelsinki.fi\\\/sv\\\/info\\\/\"},{\"@type\":\"ListItem\",\"position\":3,\"name\":\"F\u00f6reningen\"}]},{\"@type\":\"WebSite\",\"@id\":\"https:\\\/\\\/ibchelsinki.fi\\\/sv\\\/#website\",\"url\":\"https:\\\/\\\/ibchelsinki.fi\\\/sv\\\/\",\"name\":\"HIBC 2026\",\"description\":\"HIBC\",\"publisher\":{\"@id\":\"https:\\\/\\\/ibchelsinki.fi\\\/sv\\\/#organization\"},\"potentialAction\":[{\"@type\":\"SearchAction\",\"target\":{\"@type\":\"EntryPoint\",\"urlTemplate\":\"https:\\\/\\\/ibchelsinki.fi\\\/sv\\\/?s={search_term_string}\"},\"query-input\":{\"@type\":\"PropertyValueSpecification\",\"valueRequired\":true,\"valueName\":\"search_term_string\"}}],\"inLanguage\":\"sv-SE\"},{\"@type\":\"Organization\",\"@id\":\"https:\\\/\\\/ibchelsinki.fi\\\/sv\\\/#organization\",\"name\":\"Helsinki International Ballet Competition\",\"alternateName\":\"HIBC\",\"url\":\"https:\\\/\\\/ibchelsinki.fi\\\/sv\\\/\",\"logo\":{\"@type\":\"ImageObject\",\"inLanguage\":\"sv-SE\",\"@id\":\"https:\\\/\\\/ibchelsinki.fi\\\/sv\\\/#\\\/schema\\\/logo\\\/image\\\/\",\"url\":\"https:\\\/\\\/var\\\/www\\\/fs4\\\/52\\\/ibchelsi\\\/web\\\/wp-content\\\/uploads\\\/2025\\\/03\\\/hibcstamp.svg\",\"contentUrl\":\"https:\\\/\\\/var\\\/www\\\/fs4\\\/52\\\/ibchelsi\\\/web\\\/wp-content\\\/uploads\\\/2025\\\/03\\\/hibcstamp.svg\",\"width\":1,\"height\":1,\"caption\":\"Helsinki International Ballet Competition\"},\"image\":{\"@id\":\"https:\\\/\\\/ibchelsinki.fi\\\/sv\\\/#\\\/schema\\\/logo\\\/image\\\/\"},\"sameAs\":[\"https:\\\/\\\/www.facebook.com\\\/ibchelsinki\\\/\",\"https:\\\/\\\/x.com\\\/Ibchelsinki\",\"https:\\\/\\\/www.instagram.com\\\/ibchelsinki\\\/\",\"https:\\\/\\\/www.youtube.com\\\/channel\\\/UC38s8Qo-Ty8t7C1Kf9wsGQw\"]}]}<\/script>\n<!-- \/ Yoast SEO plugin. -->","yoast_head_json":{"title":"F\u00f6reningen - The Helsinki International Ballet Competition","robots":{"index":"index","follow":"follow","max-snippet":"max-snippet:-1","max-image-preview":"max-image-preview:large","max-video-preview":"max-video-preview:-1"},"canonical":"https:\/\/ibchelsinki.fi\/sv\/info\/1476-2\/","og_locale":"sv_SE","og_type":"article","og_title":"F\u00f6reningen - The Helsinki International Ballet Competition","og_url":"https:\/\/ibchelsinki.fi\/sv\/info\/1476-2\/","og_site_name":"The Helsinki International Ballet Competition","article_publisher":"https:\/\/www.facebook.com\/ibchelsinki\/","article_modified_time":"2026-04-21T12:10:14+00:00","og_image":[{"width":2500,"height":1406,"url":"https:\/\/ibchelsinki.fi\/wp-content\/uploads\/2025\/03\/etusivu_desktop.jpg","type":"image\/jpeg"}],"twitter_card":"summary_large_image","twitter_site":"@Ibchelsinki","twitter_misc":{"Ber\u00e4knad l\u00e4stid":"2 minuter"},"schema":{"@context":"https:\/\/schema.org","@graph":[{"@type":"WebPage","@id":"https:\/\/ibchelsinki.fi\/sv\/info\/1476-2\/","url":"https:\/\/ibchelsinki.fi\/sv\/info\/1476-2\/","name":"F\u00f6reningen - The Helsinki International Ballet Competition","isPartOf":{"@id":"https:\/\/ibchelsinki.fi\/sv\/#website"},"datePublished":"2025-03-10T05:26:36+00:00","dateModified":"2026-04-21T12:10:14+00:00","breadcrumb":{"@id":"https:\/\/ibchelsinki.fi\/sv\/info\/1476-2\/#breadcrumb"},"inLanguage":"sv-SE","potentialAction":[{"@type":"ReadAction","target":["https:\/\/ibchelsinki.fi\/sv\/info\/1476-2\/"]}]},{"@type":"BreadcrumbList","@id":"https:\/\/ibchelsinki.fi\/sv\/info\/1476-2\/#breadcrumb","itemListElement":[{"@type":"ListItem","position":1,"name":"Home","item":"https:\/\/ibchelsinki.fi\/sv\/"},{"@type":"ListItem","position":2,"name":"T\u00e4vlingsarrang\u00f6r","item":"https:\/\/ibchelsinki.fi\/sv\/info\/"},{"@type":"ListItem","position":3,"name":"F\u00f6reningen"}]},{"@type":"WebSite","@id":"https:\/\/ibchelsinki.fi\/sv\/#website","url":"https:\/\/ibchelsinki.fi\/sv\/","name":"HIBC 2026","description":"HIBC","publisher":{"@id":"https:\/\/ibchelsinki.fi\/sv\/#organization"},"potentialAction":[{"@type":"SearchAction","target":{"@type":"EntryPoint","urlTemplate":"https:\/\/ibchelsinki.fi\/sv\/?s={search_term_string}"},"query-input":{"@type":"PropertyValueSpecification","valueRequired":true,"valueName":"search_term_string"}}],"inLanguage":"sv-SE"},{"@type":"Organization","@id":"https:\/\/ibchelsinki.fi\/sv\/#organization","name":"Helsinki International Ballet Competition","alternateName":"HIBC","url":"https:\/\/ibchelsinki.fi\/sv\/","logo":{"@type":"ImageObject","inLanguage":"sv-SE","@id":"https:\/\/ibchelsinki.fi\/sv\/#\/schema\/logo\/image\/","url":"https:\/\/var\/www\/fs4\/52\/ibchelsi\/web\/wp-content\/uploads\/2025\/03\/hibcstamp.svg","contentUrl":"https:\/\/var\/www\/fs4\/52\/ibchelsi\/web\/wp-content\/uploads\/2025\/03\/hibcstamp.svg","width":1,"height":1,"caption":"Helsinki International Ballet Competition"},"image":{"@id":"https:\/\/ibchelsinki.fi\/sv\/#\/schema\/logo\/image\/"},"sameAs":["https:\/\/www.facebook.com\/ibchelsinki\/","https:\/\/x.com\/Ibchelsinki","https:\/\/www.instagram.com\/ibchelsinki\/","https:\/\/www.youtube.com\/channel\/UC38s8Qo-Ty8t7C1Kf9wsGQw"]}]}},"_links":{"self":[{"href":"https:\/\/ibchelsinki.fi\/sv\/wp-json\/wp\/v2\/pages\/1476","targetHints":{"allow":["GET"]}}],"collection":[{"href":"https:\/\/ibchelsinki.fi\/sv\/wp-json\/wp\/v2\/pages"}],"about":[{"href":"https:\/\/ibchelsinki.fi\/sv\/wp-json\/wp\/v2\/types\/page"}],"author":[{"embeddable":true,"href":"https:\/\/ibchelsinki.fi\/sv\/wp-json\/wp\/v2\/users\/4"}],"replies":[{"embeddable":true,"href":"https:\/\/ibchelsinki.fi\/sv\/wp-json\/wp\/v2\/comments?post=1476"}],"version-history":[{"count":8,"href":"https:\/\/ibchelsinki.fi\/sv\/wp-json\/wp\/v2\/pages\/1476\/revisions"}],"predecessor-version":[{"id":2356,"href":"https:\/\/ibchelsinki.fi\/sv\/wp-json\/wp\/v2\/pages\/1476\/revisions\/2356"}],"up":[{"embeddable":true,"href":"https:\/\/ibchelsinki.fi\/sv\/wp-json\/wp\/v2\/pages\/1473"}],"wp:attachment":[{"href":"https:\/\/ibchelsinki.fi\/sv\/wp-json\/wp\/v2\/media?parent=1476"}],"curies":[{"name":"wp","href":"https:\/\/api.w.org\/{rel}","templated":true}]}}