{"id":2281,"date":"2025-03-10T07:26:00","date_gmt":"2025-03-10T05:26:00","guid":{"rendered":"https:\/\/ibchelsinki.fi\/?page_id=2281"},"modified":"2026-04-09T14:19:57","modified_gmt":"2026-04-09T11:19:57","slug":"samarbetspartner","status":"publish","type":"page","link":"https:\/\/ibchelsinki.fi\/sv\/samarbetspartner\/","title":{"rendered":"Samarbetspartner"},"content":{"rendered":"    <section class=\"hibc-hero subhero\">\n                                              <div class=\"bgd\" style=\"background-image: url(https:\/\/ibchelsinki.fi\/wp-content\/uploads\/2025\/03\/Info_desktop.jpg.webp)\"><\/div>\n      <div class=\"bgm\" style=\"background-image: url(https:\/\/ibchelsinki.fi\/wp-content\/uploads\/2025\/03\/info_mobiili-608x1080.jpg.webp)\"><\/div>\n      <div class=\"content\">\n        <p class=\"ingress\">\n          Samarbetspartner\n        <\/p>\n        <h1>Vi tackar f\u00f6r st\u00f6det<\/h1>\n      <\/div>\n      <div class=\"date\">\n        27.5.\u20135.6.2026\n      <\/div>\n    <\/section>\n\n\n    <section class=\"hibc-column plain\">\n      <div class=\"inner\">\n        <div class=\"text\">\n          <p data-start=\"58\" data-end=\"184\">Helsingfors internationella balett\u00e4vling skulle inte kunna arrangeras utan det inspirerande st\u00f6det fr\u00e5n v\u00e5ra samarbetspartner.<\/p>\n<p data-start=\"186\" data-end=\"505\">V\u00e5ra l\u00e5ngvariga samarbetspartner <strong>Helsingfors stad<\/strong>, <strong>Undervisnings- och kulturministeriet<\/strong>,<strong> Finska kulturfonden<\/strong>, <strong>Jane och Aatos Erkkos stiftelse<\/strong>, <strong>Jenny och Antti Wihuris stiftelse<\/strong> samt m\u00e5nga andra har gjort det m\u00f6jligt f\u00f6r Helsingfors internationella balett\u00e4vling att vara en av v\u00e4rldens mest betydelsefulla balett\u00e4vlingar.<\/p>\n<p data-start=\"507\" data-end=\"631\">\u00c4r du intresserad av samarbete? Kontakta t\u00e4vlingschefen Sirpa Miettinen: <a class=\"decorated-link cursor-pointer\" rel=\"noopener\" data-start=\"580\" data-end=\"610\">sirpa.miettinen@ibchelsinki.fi<\/a>, tfn 050 4522 409.<\/p>\n<h2>Huvudsamarbetspartner:<\/h2>\n<p><img loading=\"lazy\" decoding=\"async\" class=\" wp-image-182 alignnone\" src=\"https:\/\/ibchelsinki.fi\/wp-content\/uploads\/2025\/03\/logo-helsinki.svg\" alt=\"\" width=\"206\" height=\"206\" \/><\/p>\n<p><a href=\"https:\/\/www.hel.fi\/sv\"><b>Helsingfors stad<\/b><\/a><\/p>\n<p><img loading=\"lazy\" decoding=\"async\" class=\" wp-image-1177 alignnone\" src=\"https:\/\/ibchelsinki.fi\/wp-content\/uploads\/2025\/03\/okm-oikea.svg\" alt=\"\" width=\"295\" height=\"179\" \/><\/p>\n<p><a href=\"https:\/\/okm.fi\/sv\/framsida\"><strong>Undervisnings- och kulturministeriet<\/strong><\/a><\/p>\n<p>&nbsp;<\/p>\n<p>&nbsp;<\/p>\n<p><img loading=\"lazy\" decoding=\"async\" class=\"alignnone wp-image-1184\" src=\"https:\/\/ibchelsinki.fi\/wp-content\/uploads\/2025\/03\/jae.svg\" alt=\"\" width=\"322\" height=\"96\" \/><\/p>\n<p><a href=\"https:\/\/jaes.fi\/sv\/forstasidan\/\"><strong>Jane och Aatos Erkkos stiftelse<\/strong><\/a><\/p>\n<p>&nbsp;<\/p>\n<p><img loading=\"lazy\" decoding=\"async\" class=\"alignnone wp-image-1189\" src=\"https:\/\/ibchelsinki.fi\/wp-content\/uploads\/2025\/03\/jaw.svg\" alt=\"\" width=\"216\" height=\"216\" \/><\/p>\n<p><a href=\"https:\/\/wihurinrahasto.fi\/\"><strong>Jenny och Antti Wihuris stiftelse<\/strong><\/a><\/p>\n<p>&nbsp;<\/p>\n<p><img loading=\"lazy\" decoding=\"async\" class=\"alignnone size-medium wp-image-2082\" src=\"https:\/\/ibchelsinki.fi\/wp-content\/uploads\/2026\/03\/Harlequin_Logo_Monotone_black_with_url_RGB-300x120.png\" alt=\"\" width=\"300\" height=\"120\" srcset=\"https:\/\/ibchelsinki.fi\/wp-content\/uploads\/2026\/03\/Harlequin_Logo_Monotone_black_with_url_RGB-300x120.png 300w, https:\/\/ibchelsinki.fi\/wp-content\/uploads\/2026\/03\/Harlequin_Logo_Monotone_black_with_url_RGB-1024x411.png 1024w, https:\/\/ibchelsinki.fi\/wp-content\/uploads\/2026\/03\/Harlequin_Logo_Monotone_black_with_url_RGB-768x308.png 768w, https:\/\/ibchelsinki.fi\/wp-content\/uploads\/2026\/03\/Harlequin_Logo_Monotone_black_with_url_RGB-1536x617.png 1536w, https:\/\/ibchelsinki.fi\/wp-content\/uploads\/2026\/03\/Harlequin_Logo_Monotone_black_with_url_RGB-1280x514.png 1280w, https:\/\/ibchelsinki.fi\/wp-content\/uploads\/2026\/03\/Harlequin_Logo_Monotone_black_with_url_RGB.png 1815w\" sizes=\"auto, (max-width: 300px) 100vw, 300px\" \/><\/p>\n<p><a href=\"https:\/\/uk.harlequinfloors.com\/en\/\"><strong>Harlequin floors<\/strong><\/a><\/p>\n<p><img loading=\"lazy\" decoding=\"async\" class=\"wp-image-471 alignnone\" style=\"font-size: 0.8rem;\" src=\"https:\/\/ibchelsinki.fi\/wp-content\/uploads\/2025\/03\/fnob.svg\" alt=\"\" width=\"228\" height=\"228\" \/><br \/>\n<a href=\"https:\/\/oopperabaletti.fi\/sv\/\"><b>Finlands nationalopera och -ballett<\/b><\/a><\/p>\n<p><img loading=\"lazy\" decoding=\"async\" class=\"alignnone size-medium wp-image-2265\" src=\"https:\/\/ibchelsinki.fi\/wp-content\/uploads\/2026\/04\/USAIBC-varillinen-300x139.png\" alt=\"\" width=\"300\" height=\"139\" srcset=\"https:\/\/ibchelsinki.fi\/wp-content\/uploads\/2026\/04\/USAIBC-varillinen-300x139.png 300w, https:\/\/ibchelsinki.fi\/wp-content\/uploads\/2026\/04\/USAIBC-varillinen.png 472w\" sizes=\"auto, (max-width: 300px) 100vw, 300px\" \/><\/p>\n<p><a href=\"https:\/\/www.usaibc.com\/\"><strong>USAIBC<\/strong><\/a><\/p>\n<h2>Andra samarbetspartner:<\/h2>\n<p><a href=\"https:\/\/www.royalballetschool.org.uk\/\"><img loading=\"lazy\" decoding=\"async\" class=\"alignnone wp-image-2274\" src=\"https:\/\/ibchelsinki.fi\/wp-content\/uploads\/2026\/04\/RBS_logo_variants_92mm-300x109.png\" alt=\"\" width=\"231\" height=\"84\" srcset=\"https:\/\/ibchelsinki.fi\/wp-content\/uploads\/2026\/04\/RBS_logo_variants_92mm-300x109.png 300w, https:\/\/ibchelsinki.fi\/wp-content\/uploads\/2026\/04\/RBS_logo_variants_92mm-1024x374.png 1024w, https:\/\/ibchelsinki.fi\/wp-content\/uploads\/2026\/04\/RBS_logo_variants_92mm-768x280.png 768w, https:\/\/ibchelsinki.fi\/wp-content\/uploads\/2026\/04\/RBS_logo_variants_92mm.png 1088w\" sizes=\"auto, (max-width: 231px) 100vw, 231px\" \/><\/a><a href=\"https:\/\/www.attitydi.fi\/\"><img loading=\"lazy\" decoding=\"async\" class=\"alignnone wp-image-2105\" src=\"https:\/\/ibchelsinki.fi\/wp-content\/uploads\/2026\/03\/Logo_allekain-300x300.png\" alt=\"\" width=\"169\" height=\"169\" srcset=\"https:\/\/ibchelsinki.fi\/wp-content\/uploads\/2026\/03\/Logo_allekain-300x300.png 300w, https:\/\/ibchelsinki.fi\/wp-content\/uploads\/2026\/03\/Logo_allekain-150x150.png 150w, https:\/\/ibchelsinki.fi\/wp-content\/uploads\/2026\/03\/Logo_allekain.png 591w\" sizes=\"auto, (max-width: 169px) 100vw, 169px\" \/><\/a><a href=\"https:\/\/www.helsingintanssikeskus.fi\/\"><img loading=\"lazy\" decoding=\"async\" class=\"alignnone wp-image-2100\" src=\"https:\/\/ibchelsinki.fi\/wp-content\/uploads\/2026\/03\/HTK-Logo-Musta-300x274.png\" alt=\"\" width=\"181\" height=\"165\" srcset=\"https:\/\/ibchelsinki.fi\/wp-content\/uploads\/2026\/03\/HTK-Logo-Musta-300x274.png 300w, https:\/\/ibchelsinki.fi\/wp-content\/uploads\/2026\/03\/HTK-Logo-Musta-1024x935.png 1024w, https:\/\/ibchelsinki.fi\/wp-content\/uploads\/2026\/03\/HTK-Logo-Musta-768x701.png 768w, https:\/\/ibchelsinki.fi\/wp-content\/uploads\/2026\/03\/HTK-Logo-Musta-788x720.png 788w, https:\/\/ibchelsinki.fi\/wp-content\/uploads\/2026\/03\/HTK-Logo-Musta-1183x1080.png 1183w, https:\/\/ibchelsinki.fi\/wp-content\/uploads\/2026\/03\/HTK-Logo-Musta.png 1359w\" sizes=\"auto, (max-width: 181px) 100vw, 181px\" \/><\/a><a href=\"https:\/\/prodanceyhdistys.fi\/\"><img loading=\"lazy\" decoding=\"async\" class=\"alignnone wp-image-2241\" style=\"font-size: 0.8rem;\" src=\"https:\/\/ibchelsinki.fi\/wp-content\/uploads\/2026\/04\/Pro-Dance-logo-ilman-taustaa-300x101.png\" alt=\"\" width=\"214\" height=\"72\" srcset=\"https:\/\/ibchelsinki.fi\/wp-content\/uploads\/2026\/04\/Pro-Dance-logo-ilman-taustaa-300x101.png 300w, https:\/\/ibchelsinki.fi\/wp-content\/uploads\/2026\/04\/Pro-Dance-logo-ilman-taustaa-1024x346.png 1024w, https:\/\/ibchelsinki.fi\/wp-content\/uploads\/2026\/04\/Pro-Dance-logo-ilman-taustaa-768x259.png 768w, https:\/\/ibchelsinki.fi\/wp-content\/uploads\/2026\/04\/Pro-Dance-logo-ilman-taustaa-1536x519.png 1536w, https:\/\/ibchelsinki.fi\/wp-content\/uploads\/2026\/04\/Pro-Dance-logo-ilman-taustaa-2048x692.png 2048w, https:\/\/ibchelsinki.fi\/wp-content\/uploads\/2026\/04\/Pro-Dance-logo-ilman-taustaa-1280x432.png 1280w, https:\/\/ibchelsinki.fi\/wp-content\/uploads\/2026\/04\/Pro-Dance-logo-ilman-taustaa-1920x649.png 1920w\" sizes=\"auto, (max-width: 214px) 100vw, 214px\" \/><\/a> \u00a0 <a href=\"https:\/\/www.artfysio.fi\/\"><img loading=\"lazy\" decoding=\"async\" class=\"alignnone wp-image-2268\" src=\"https:\/\/ibchelsinki.fi\/wp-content\/uploads\/2026\/04\/ArtFysio-varillinen-300x138.png\" alt=\"\" width=\"207\" height=\"95\" srcset=\"https:\/\/ibchelsinki.fi\/wp-content\/uploads\/2026\/04\/ArtFysio-varillinen-300x138.png 300w, https:\/\/ibchelsinki.fi\/wp-content\/uploads\/2026\/04\/ArtFysio-varillinen-1024x471.png 1024w, https:\/\/ibchelsinki.fi\/wp-content\/uploads\/2026\/04\/ArtFysio-varillinen-768x353.png 768w, https:\/\/ibchelsinki.fi\/wp-content\/uploads\/2026\/04\/ArtFysio-varillinen.png 1181w\" sizes=\"auto, (max-width: 207px) 100vw, 207px\" \/><\/a><a href=\"https:\/\/www.minnamarsh.com\/\"><img loading=\"lazy\" decoding=\"async\" class=\"alignnone wp-image-2244\" style=\"font-size: 0.8rem;\" src=\"https:\/\/ibchelsinki.fi\/wp-content\/uploads\/2026\/04\/Minna-Marsh-logo-ilman-taustaa-300x171.png\" alt=\"\" width=\"165\" height=\"94\" srcset=\"https:\/\/ibchelsinki.fi\/wp-content\/uploads\/2026\/04\/Minna-Marsh-logo-ilman-taustaa-300x171.png 300w, https:\/\/ibchelsinki.fi\/wp-content\/uploads\/2026\/04\/Minna-Marsh-logo-ilman-taustaa-1024x585.png 1024w, https:\/\/ibchelsinki.fi\/wp-content\/uploads\/2026\/04\/Minna-Marsh-logo-ilman-taustaa-768x439.png 768w, https:\/\/ibchelsinki.fi\/wp-content\/uploads\/2026\/04\/Minna-Marsh-logo-ilman-taustaa-1536x878.png 1536w, https:\/\/ibchelsinki.fi\/wp-content\/uploads\/2026\/04\/Minna-Marsh-logo-ilman-taustaa-2048x1171.png 2048w, https:\/\/ibchelsinki.fi\/wp-content\/uploads\/2026\/04\/Minna-Marsh-logo-ilman-taustaa-1260x720.png 1260w, https:\/\/ibchelsinki.fi\/wp-content\/uploads\/2026\/04\/Minna-Marsh-logo-ilman-taustaa-1890x1080.png 1890w\" sizes=\"auto, (max-width: 165px) 100vw, 165px\" \/><\/a> <a href=\"https:\/\/footlight.fi\/\"><img loading=\"lazy\" decoding=\"async\" class=\"alignnone wp-image-2262\" style=\"font-size: 0.8rem;\" src=\"https:\/\/ibchelsinki.fi\/wp-content\/uploads\/2026\/04\/Footlight-varillinen-300x169.png\" alt=\"\" width=\"232\" height=\"131\" srcset=\"https:\/\/ibchelsinki.fi\/wp-content\/uploads\/2026\/04\/Footlight-varillinen-300x169.png 300w, https:\/\/ibchelsinki.fi\/wp-content\/uploads\/2026\/04\/Footlight-varillinen-1024x576.png 1024w, https:\/\/ibchelsinki.fi\/wp-content\/uploads\/2026\/04\/Footlight-varillinen-768x432.png 768w, https:\/\/ibchelsinki.fi\/wp-content\/uploads\/2026\/04\/Footlight-varillinen-1536x864.png 1536w, https:\/\/ibchelsinki.fi\/wp-content\/uploads\/2026\/04\/Footlight-varillinen-1280x720.png 1280w, https:\/\/ibchelsinki.fi\/wp-content\/uploads\/2026\/04\/Footlight-varillinen.png 1920w\" sizes=\"auto, (max-width: 232px) 100vw, 232px\" \/><\/a><span style=\"font-size: 0.8rem;\">\u00a0<\/span><a href=\"https:\/\/virtisse.com\/\"><img loading=\"lazy\" decoding=\"async\" class=\"alignnone wp-image-2247\" style=\"font-size: 0.8rem;\" src=\"https:\/\/ibchelsinki.fi\/wp-content\/uploads\/2026\/04\/Virtisse-Logo-Mark-Hor-RGB-Black-300x69.png\" alt=\"\" width=\"278\" height=\"64\" srcset=\"https:\/\/ibchelsinki.fi\/wp-content\/uploads\/2026\/04\/Virtisse-Logo-Mark-Hor-RGB-Black-300x69.png 300w, https:\/\/ibchelsinki.fi\/wp-content\/uploads\/2026\/04\/Virtisse-Logo-Mark-Hor-RGB-Black-1024x237.png 1024w, https:\/\/ibchelsinki.fi\/wp-content\/uploads\/2026\/04\/Virtisse-Logo-Mark-Hor-RGB-Black-768x178.png 768w, https:\/\/ibchelsinki.fi\/wp-content\/uploads\/2026\/04\/Virtisse-Logo-Mark-Hor-RGB-Black-1536x355.png 1536w, https:\/\/ibchelsinki.fi\/wp-content\/uploads\/2026\/04\/Virtisse-Logo-Mark-Hor-RGB-Black-2048x473.png 2048w, https:\/\/ibchelsinki.fi\/wp-content\/uploads\/2026\/04\/Virtisse-Logo-Mark-Hor-RGB-Black-1280x296.png 1280w, https:\/\/ibchelsinki.fi\/wp-content\/uploads\/2026\/04\/Virtisse-Logo-Mark-Hor-RGB-Black-1920x444.png 1920w\" sizes=\"auto, (max-width: 278px) 100vw, 278px\" \/><\/a><span style=\"font-size: 0.8rem;\">\u00a0 \u00a0<\/span><a href=\"https:\/\/capezio.eu\/fi\"><img loading=\"lazy\" decoding=\"async\" class=\"alignnone wp-image-2250\" style=\"font-size: 0.8rem;\" src=\"https:\/\/ibchelsinki.fi\/wp-content\/uploads\/2026\/04\/Capezio-Logo-300x53.png\" alt=\"\" width=\"227\" height=\"40\" srcset=\"https:\/\/ibchelsinki.fi\/wp-content\/uploads\/2026\/04\/Capezio-Logo-300x53.png 300w, https:\/\/ibchelsinki.fi\/wp-content\/uploads\/2026\/04\/Capezio-Logo-1024x181.png 1024w, https:\/\/ibchelsinki.fi\/wp-content\/uploads\/2026\/04\/Capezio-Logo-768x136.png 768w, https:\/\/ibchelsinki.fi\/wp-content\/uploads\/2026\/04\/Capezio-Logo-1536x271.png 1536w, https:\/\/ibchelsinki.fi\/wp-content\/uploads\/2026\/04\/Capezio-Logo-2048x361.png 2048w, https:\/\/ibchelsinki.fi\/wp-content\/uploads\/2026\/04\/Capezio-Logo-1280x226.png 1280w, https:\/\/ibchelsinki.fi\/wp-content\/uploads\/2026\/04\/Capezio-Logo-1920x339.png 1920w\" sizes=\"auto, (max-width: 227px) 100vw, 227px\" \/><\/a><span style=\"font-size: 0.8rem;\"> \u00a0<\/span><a href=\"https:\/\/dansezvous.eu\/en\/\"><img loading=\"lazy\" decoding=\"async\" class=\"alignnone wp-image-2259\" style=\"font-size: 0.8rem;\" src=\"https:\/\/ibchelsinki.fi\/wp-content\/uploads\/2026\/04\/Dansez-vous-musta-244x300.png\" alt=\"\" width=\"137\" height=\"168\" srcset=\"https:\/\/ibchelsinki.fi\/wp-content\/uploads\/2026\/04\/Dansez-vous-musta-244x300.png 244w, https:\/\/ibchelsinki.fi\/wp-content\/uploads\/2026\/04\/Dansez-vous-musta-833x1024.png 833w, https:\/\/ibchelsinki.fi\/wp-content\/uploads\/2026\/04\/Dansez-vous-musta-768x944.png 768w, https:\/\/ibchelsinki.fi\/wp-content\/uploads\/2026\/04\/Dansez-vous-musta-1250x1536.png 1250w, https:\/\/ibchelsinki.fi\/wp-content\/uploads\/2026\/04\/Dansez-vous-musta-1667x2048.png 1667w, https:\/\/ibchelsinki.fi\/wp-content\/uploads\/2026\/04\/Dansez-vous-musta-586x720.png 586w, https:\/\/ibchelsinki.fi\/wp-content\/uploads\/2026\/04\/Dansez-vous-musta-879x1080.png 879w, https:\/\/ibchelsinki.fi\/wp-content\/uploads\/2026\/04\/Dansez-vous-musta.png 1708w\" sizes=\"auto, (max-width: 137px) 100vw, 137px\" \/><\/a> <a href=\"https:\/\/dancer.com\/?currency=EUR\"><img loading=\"lazy\" decoding=\"async\" class=\"alignnone wp-image-2271\" src=\"https:\/\/ibchelsinki.fi\/wp-content\/uploads\/2026\/04\/Gaynor-minden-ilman-taustaa-300x81.png\" alt=\"\" width=\"267\" height=\"72\" srcset=\"https:\/\/ibchelsinki.fi\/wp-content\/uploads\/2026\/04\/Gaynor-minden-ilman-taustaa-300x81.png 300w, https:\/\/ibchelsinki.fi\/wp-content\/uploads\/2026\/04\/Gaynor-minden-ilman-taustaa.png 304w\" sizes=\"auto, (max-width: 267px) 100vw, 267px\" \/><\/a><\/p>\n\n        <\/div>\n              <\/div>\n    <\/section>\n","protected":false},"excerpt":{"rendered":"","protected":false},"author":5,"featured_media":0,"parent":0,"menu_order":0,"comment_status":"closed","ping_status":"closed","template":"","meta":{"_acf_changed":false,"footnotes":""},"class_list":["post-2281","page","type-page","status-publish","hentry"],"acf":[],"yoast_head":"<!-- This site is optimized with the Yoast SEO plugin v27.4 - https:\/\/yoast.com\/product\/yoast-seo-wordpress\/ -->\n<title>Samarbetspartner - The Helsinki International Ballet Competition<\/title>\n<meta name=\"robots\" content=\"index, follow, max-snippet:-1, max-image-preview:large, max-video-preview:-1\" \/>\n<link rel=\"canonical\" href=\"https:\/\/ibchelsinki.fi\/sv\/samarbetspartner\/\" \/>\n<meta property=\"og:locale\" content=\"sv_SE\" \/>\n<meta property=\"og:type\" content=\"article\" \/>\n<meta property=\"og:title\" content=\"Samarbetspartner - The Helsinki International Ballet Competition\" \/>\n<meta property=\"og:url\" content=\"https:\/\/ibchelsinki.fi\/sv\/samarbetspartner\/\" \/>\n<meta property=\"og:site_name\" content=\"The Helsinki International Ballet Competition\" \/>\n<meta property=\"article:publisher\" content=\"https:\/\/www.facebook.com\/ibchelsinki\/\" \/>\n<meta property=\"article:modified_time\" content=\"2026-04-09T11:19:57+00:00\" \/>\n<meta property=\"og:image\" content=\"https:\/\/ibchelsinki.fi\/wp-content\/uploads\/2025\/03\/etusivu_desktop.jpg\" \/>\n\t<meta property=\"og:image:width\" content=\"2500\" \/>\n\t<meta property=\"og:image:height\" content=\"1406\" \/>\n\t<meta property=\"og:image:type\" content=\"image\/jpeg\" \/>\n<meta name=\"twitter:card\" content=\"summary_large_image\" \/>\n<meta name=\"twitter:site\" content=\"@Ibchelsinki\" \/>\n<meta name=\"twitter:label1\" content=\"Ber\u00e4knad l\u00e4stid\" \/>\n\t<meta name=\"twitter:data1\" content=\"5 minuter\" \/>\n<script type=\"application\/ld+json\" class=\"yoast-schema-graph\">{\"@context\":\"https:\\\/\\\/schema.org\",\"@graph\":[{\"@type\":\"WebPage\",\"@id\":\"https:\\\/\\\/ibchelsinki.fi\\\/sv\\\/samarbetspartner\\\/\",\"url\":\"https:\\\/\\\/ibchelsinki.fi\\\/sv\\\/samarbetspartner\\\/\",\"name\":\"Samarbetspartner - The Helsinki International Ballet Competition\",\"isPartOf\":{\"@id\":\"https:\\\/\\\/ibchelsinki.fi\\\/sv\\\/#website\"},\"datePublished\":\"2025-03-10T05:26:00+00:00\",\"dateModified\":\"2026-04-09T11:19:57+00:00\",\"breadcrumb\":{\"@id\":\"https:\\\/\\\/ibchelsinki.fi\\\/sv\\\/samarbetspartner\\\/#breadcrumb\"},\"inLanguage\":\"sv-SE\",\"potentialAction\":[{\"@type\":\"ReadAction\",\"target\":[\"https:\\\/\\\/ibchelsinki.fi\\\/sv\\\/samarbetspartner\\\/\"]}]},{\"@type\":\"BreadcrumbList\",\"@id\":\"https:\\\/\\\/ibchelsinki.fi\\\/sv\\\/samarbetspartner\\\/#breadcrumb\",\"itemListElement\":[{\"@type\":\"ListItem\",\"position\":1,\"name\":\"Home\",\"item\":\"https:\\\/\\\/ibchelsinki.fi\\\/sv\\\/\"},{\"@type\":\"ListItem\",\"position\":2,\"name\":\"Samarbetspartner\"}]},{\"@type\":\"WebSite\",\"@id\":\"https:\\\/\\\/ibchelsinki.fi\\\/sv\\\/#website\",\"url\":\"https:\\\/\\\/ibchelsinki.fi\\\/sv\\\/\",\"name\":\"HIBC 2026\",\"description\":\"HIBC\",\"publisher\":{\"@id\":\"https:\\\/\\\/ibchelsinki.fi\\\/sv\\\/#organization\"},\"potentialAction\":[{\"@type\":\"SearchAction\",\"target\":{\"@type\":\"EntryPoint\",\"urlTemplate\":\"https:\\\/\\\/ibchelsinki.fi\\\/sv\\\/?s={search_term_string}\"},\"query-input\":{\"@type\":\"PropertyValueSpecification\",\"valueRequired\":true,\"valueName\":\"search_term_string\"}}],\"inLanguage\":\"sv-SE\"},{\"@type\":\"Organization\",\"@id\":\"https:\\\/\\\/ibchelsinki.fi\\\/sv\\\/#organization\",\"name\":\"Helsinki International Ballet Competition\",\"alternateName\":\"HIBC\",\"url\":\"https:\\\/\\\/ibchelsinki.fi\\\/sv\\\/\",\"logo\":{\"@type\":\"ImageObject\",\"inLanguage\":\"sv-SE\",\"@id\":\"https:\\\/\\\/ibchelsinki.fi\\\/sv\\\/#\\\/schema\\\/logo\\\/image\\\/\",\"url\":\"https:\\\/\\\/var\\\/www\\\/fs4\\\/52\\\/ibchelsi\\\/web\\\/wp-content\\\/uploads\\\/2025\\\/03\\\/hibcstamp.svg\",\"contentUrl\":\"https:\\\/\\\/var\\\/www\\\/fs4\\\/52\\\/ibchelsi\\\/web\\\/wp-content\\\/uploads\\\/2025\\\/03\\\/hibcstamp.svg\",\"width\":1,\"height\":1,\"caption\":\"Helsinki International Ballet Competition\"},\"image\":{\"@id\":\"https:\\\/\\\/ibchelsinki.fi\\\/sv\\\/#\\\/schema\\\/logo\\\/image\\\/\"},\"sameAs\":[\"https:\\\/\\\/www.facebook.com\\\/ibchelsinki\\\/\",\"https:\\\/\\\/x.com\\\/Ibchelsinki\",\"https:\\\/\\\/www.instagram.com\\\/ibchelsinki\\\/\",\"https:\\\/\\\/www.youtube.com\\\/channel\\\/UC38s8Qo-Ty8t7C1Kf9wsGQw\"]}]}<\/script>\n<!-- \/ Yoast SEO plugin. -->","yoast_head_json":{"title":"Samarbetspartner - The Helsinki International Ballet Competition","robots":{"index":"index","follow":"follow","max-snippet":"max-snippet:-1","max-image-preview":"max-image-preview:large","max-video-preview":"max-video-preview:-1"},"canonical":"https:\/\/ibchelsinki.fi\/sv\/samarbetspartner\/","og_locale":"sv_SE","og_type":"article","og_title":"Samarbetspartner - The Helsinki International Ballet Competition","og_url":"https:\/\/ibchelsinki.fi\/sv\/samarbetspartner\/","og_site_name":"The Helsinki International Ballet Competition","article_publisher":"https:\/\/www.facebook.com\/ibchelsinki\/","article_modified_time":"2026-04-09T11:19:57+00:00","og_image":[{"width":2500,"height":1406,"url":"https:\/\/ibchelsinki.fi\/wp-content\/uploads\/2025\/03\/etusivu_desktop.jpg","type":"image\/jpeg"}],"twitter_card":"summary_large_image","twitter_site":"@Ibchelsinki","twitter_misc":{"Ber\u00e4knad l\u00e4stid":"5 minuter"},"schema":{"@context":"https:\/\/schema.org","@graph":[{"@type":"WebPage","@id":"https:\/\/ibchelsinki.fi\/sv\/samarbetspartner\/","url":"https:\/\/ibchelsinki.fi\/sv\/samarbetspartner\/","name":"Samarbetspartner - The Helsinki International Ballet Competition","isPartOf":{"@id":"https:\/\/ibchelsinki.fi\/sv\/#website"},"datePublished":"2025-03-10T05:26:00+00:00","dateModified":"2026-04-09T11:19:57+00:00","breadcrumb":{"@id":"https:\/\/ibchelsinki.fi\/sv\/samarbetspartner\/#breadcrumb"},"inLanguage":"sv-SE","potentialAction":[{"@type":"ReadAction","target":["https:\/\/ibchelsinki.fi\/sv\/samarbetspartner\/"]}]},{"@type":"BreadcrumbList","@id":"https:\/\/ibchelsinki.fi\/sv\/samarbetspartner\/#breadcrumb","itemListElement":[{"@type":"ListItem","position":1,"name":"Home","item":"https:\/\/ibchelsinki.fi\/sv\/"},{"@type":"ListItem","position":2,"name":"Samarbetspartner"}]},{"@type":"WebSite","@id":"https:\/\/ibchelsinki.fi\/sv\/#website","url":"https:\/\/ibchelsinki.fi\/sv\/","name":"HIBC 2026","description":"HIBC","publisher":{"@id":"https:\/\/ibchelsinki.fi\/sv\/#organization"},"potentialAction":[{"@type":"SearchAction","target":{"@type":"EntryPoint","urlTemplate":"https:\/\/ibchelsinki.fi\/sv\/?s={search_term_string}"},"query-input":{"@type":"PropertyValueSpecification","valueRequired":true,"valueName":"search_term_string"}}],"inLanguage":"sv-SE"},{"@type":"Organization","@id":"https:\/\/ibchelsinki.fi\/sv\/#organization","name":"Helsinki International Ballet Competition","alternateName":"HIBC","url":"https:\/\/ibchelsinki.fi\/sv\/","logo":{"@type":"ImageObject","inLanguage":"sv-SE","@id":"https:\/\/ibchelsinki.fi\/sv\/#\/schema\/logo\/image\/","url":"https:\/\/var\/www\/fs4\/52\/ibchelsi\/web\/wp-content\/uploads\/2025\/03\/hibcstamp.svg","contentUrl":"https:\/\/var\/www\/fs4\/52\/ibchelsi\/web\/wp-content\/uploads\/2025\/03\/hibcstamp.svg","width":1,"height":1,"caption":"Helsinki International Ballet Competition"},"image":{"@id":"https:\/\/ibchelsinki.fi\/sv\/#\/schema\/logo\/image\/"},"sameAs":["https:\/\/www.facebook.com\/ibchelsinki\/","https:\/\/x.com\/Ibchelsinki","https:\/\/www.instagram.com\/ibchelsinki\/","https:\/\/www.youtube.com\/channel\/UC38s8Qo-Ty8t7C1Kf9wsGQw"]}]}},"_links":{"self":[{"href":"https:\/\/ibchelsinki.fi\/sv\/wp-json\/wp\/v2\/pages\/2281","targetHints":{"allow":["GET"]}}],"collection":[{"href":"https:\/\/ibchelsinki.fi\/sv\/wp-json\/wp\/v2\/pages"}],"about":[{"href":"https:\/\/ibchelsinki.fi\/sv\/wp-json\/wp\/v2\/types\/page"}],"author":[{"embeddable":true,"href":"https:\/\/ibchelsinki.fi\/sv\/wp-json\/wp\/v2\/users\/5"}],"replies":[{"embeddable":true,"href":"https:\/\/ibchelsinki.fi\/sv\/wp-json\/wp\/v2\/comments?post=2281"}],"version-history":[{"count":3,"href":"https:\/\/ibchelsinki.fi\/sv\/wp-json\/wp\/v2\/pages\/2281\/revisions"}],"predecessor-version":[{"id":2287,"href":"https:\/\/ibchelsinki.fi\/sv\/wp-json\/wp\/v2\/pages\/2281\/revisions\/2287"}],"wp:attachment":[{"href":"https:\/\/ibchelsinki.fi\/sv\/wp-json\/wp\/v2\/media?parent=2281"}],"curies":[{"name":"wp","href":"https:\/\/api.w.org\/{rel}","templated":true}]}}