{"id":2351,"date":"2025-03-10T07:26:47","date_gmt":"2025-03-10T05:26:47","guid":{"rendered":"https:\/\/ibchelsinki.fi\/?page_id=2351"},"modified":"2026-04-21T15:07:54","modified_gmt":"2026-04-21T12:07:54","slug":"for-media","status":"publish","type":"page","link":"https:\/\/ibchelsinki.fi\/sv\/info\/for-media\/","title":{"rendered":"F\u00f6r media"},"content":{"rendered":"    <section class=\"hibc-hero subhero\">\n                                              <div class=\"bgd\" style=\"background-image: url(https:\/\/ibchelsinki.fi\/wp-content\/uploads\/2025\/03\/ajankohtaista_desktop.jpg.webp)\"><\/div>\n      <div class=\"bgm\" style=\"background-image: url(https:\/\/ibchelsinki.fi\/wp-content\/uploads\/2025\/03\/ajankohtaista_mobiili-608x1080.jpg.webp)\"><\/div>\n      <div class=\"content\">\n        <p class=\"ingress\">\n          T\u00e4vlingsarrang\u00f6r\n        <\/p>\n        <h1>F\u00f6r media<\/h1>\n      <\/div>\n      <div class=\"date\">\n        27.5.\u20135.6.2026\n      <\/div>\n    <\/section>\n\n\n    <section class=\"hibc-column plain\">\n      <div class=\"inner\">\n        <div class=\"text\">\n          <p data-start=\"0\" data-end=\"274\"><strong data-start=\"0\" data-end=\"10\">Bilder<\/strong><br data-start=\"10\" data-end=\"13\" \/>Bilder fr\u00e5n balett\u00e4vlingen finns i <a href=\"https:\/\/drive.google.com\/drive\/folders\/11ol3WtJuzwA9CdtwHZozgyCXD-GaHLdv?usp=drive_link\">mediebanken<\/a>. Bilderna f\u00e5r endast anv\u00e4ndas i nyheter, artiklar eller inl\u00e4gg i sociala medier som r\u00f6r balett\u00e4vlingen. I samband med publicering ska f\u00f6ljande text anges: Helsingfors internationella balett\u00e4vling \/ Jonas Lundqvist.<\/p>\n<p data-start=\"276\" data-end=\"400\"><strong data-start=\"276\" data-end=\"296\">Pressmeddelanden<\/strong><br data-start=\"296\" data-end=\"299\" \/>Du kan prenumerera p\u00e5 Helsingfors internationella balett\u00e4vnings <a href=\"https:\/\/www.lyyti.in\/HIBC_2026_Median_tiedotteet_4225\">pressmeddelanden till din e-post h\u00e4r<\/a>.<\/p>\n<p data-start=\"402\" data-end=\"601\"><strong data-start=\"402\" data-end=\"419\">Ackreditering<\/strong><br data-start=\"419\" data-end=\"422\" \/>Ackreditering \u00e4r endast avsedd f\u00f6r medierepresentanter, och vi ackrediterar enbart journalister och fotografer i tj\u00e4nst. Ackreditering till 2026 \u00e5rs t\u00e4vling \u00e4r \u00f6ppen 1.3\u20131.5.2026.<\/p>\n<p data-start=\"603\" data-end=\"659\" data-is-last-node=\"\" data-is-only-node=\"\">Mer information: <a class=\"decorated-link cursor-pointer\" rel=\"noopener\" data-start=\"620\" data-end=\"639\">info@ibchelsinki.fi<\/a>, tel. 050-45 22 409<\/p>\n\n        <\/div>\n              <\/div>\n    <\/section>\n","protected":false},"excerpt":{"rendered":"","protected":false},"author":5,"featured_media":0,"parent":1473,"menu_order":0,"comment_status":"closed","ping_status":"closed","template":"","meta":{"_acf_changed":false,"footnotes":""},"class_list":["post-2351","page","type-page","status-publish","hentry"],"acf":[],"yoast_head":"<!-- This site is optimized with the Yoast SEO plugin v27.4 - https:\/\/yoast.com\/product\/yoast-seo-wordpress\/ -->\n<title>F\u00f6r media - The Helsinki International Ballet Competition<\/title>\n<meta name=\"robots\" content=\"index, follow, max-snippet:-1, max-image-preview:large, max-video-preview:-1\" \/>\n<link rel=\"canonical\" href=\"https:\/\/ibchelsinki.fi\/sv\/info\/for-media\/\" \/>\n<meta property=\"og:locale\" content=\"sv_SE\" \/>\n<meta property=\"og:type\" content=\"article\" \/>\n<meta property=\"og:title\" content=\"F\u00f6r media - The Helsinki International Ballet Competition\" \/>\n<meta property=\"og:url\" content=\"https:\/\/ibchelsinki.fi\/sv\/info\/for-media\/\" \/>\n<meta property=\"og:site_name\" content=\"The Helsinki International Ballet Competition\" \/>\n<meta property=\"article:publisher\" content=\"https:\/\/www.facebook.com\/ibchelsinki\/\" \/>\n<meta property=\"article:modified_time\" content=\"2026-04-21T12:07:54+00:00\" \/>\n<meta property=\"og:image\" content=\"https:\/\/ibchelsinki.fi\/wp-content\/uploads\/2025\/03\/etusivu_desktop.jpg\" \/>\n\t<meta property=\"og:image:width\" content=\"2500\" \/>\n\t<meta property=\"og:image:height\" content=\"1406\" \/>\n\t<meta property=\"og:image:type\" content=\"image\/jpeg\" \/>\n<meta name=\"twitter:card\" content=\"summary_large_image\" \/>\n<meta name=\"twitter:site\" content=\"@Ibchelsinki\" \/>\n<meta name=\"twitter:label1\" content=\"Ber\u00e4knad l\u00e4stid\" \/>\n\t<meta name=\"twitter:data1\" content=\"1 minut\" \/>\n<script type=\"application\/ld+json\" class=\"yoast-schema-graph\">{\"@context\":\"https:\\\/\\\/schema.org\",\"@graph\":[{\"@type\":\"WebPage\",\"@id\":\"https:\\\/\\\/ibchelsinki.fi\\\/sv\\\/info\\\/for-media\\\/\",\"url\":\"https:\\\/\\\/ibchelsinki.fi\\\/sv\\\/info\\\/for-media\\\/\",\"name\":\"F\u00f6r media - The Helsinki International Ballet Competition\",\"isPartOf\":{\"@id\":\"https:\\\/\\\/ibchelsinki.fi\\\/sv\\\/#website\"},\"datePublished\":\"2025-03-10T05:26:47+00:00\",\"dateModified\":\"2026-04-21T12:07:54+00:00\",\"breadcrumb\":{\"@id\":\"https:\\\/\\\/ibchelsinki.fi\\\/sv\\\/info\\\/for-media\\\/#breadcrumb\"},\"inLanguage\":\"sv-SE\",\"potentialAction\":[{\"@type\":\"ReadAction\",\"target\":[\"https:\\\/\\\/ibchelsinki.fi\\\/sv\\\/info\\\/for-media\\\/\"]}]},{\"@type\":\"BreadcrumbList\",\"@id\":\"https:\\\/\\\/ibchelsinki.fi\\\/sv\\\/info\\\/for-media\\\/#breadcrumb\",\"itemListElement\":[{\"@type\":\"ListItem\",\"position\":1,\"name\":\"Home\",\"item\":\"https:\\\/\\\/ibchelsinki.fi\\\/sv\\\/\"},{\"@type\":\"ListItem\",\"position\":2,\"name\":\"T\u00e4vlingsarrang\u00f6r\",\"item\":\"https:\\\/\\\/ibchelsinki.fi\\\/sv\\\/info\\\/\"},{\"@type\":\"ListItem\",\"position\":3,\"name\":\"F\u00f6r media\"}]},{\"@type\":\"WebSite\",\"@id\":\"https:\\\/\\\/ibchelsinki.fi\\\/sv\\\/#website\",\"url\":\"https:\\\/\\\/ibchelsinki.fi\\\/sv\\\/\",\"name\":\"HIBC 2026\",\"description\":\"HIBC\",\"publisher\":{\"@id\":\"https:\\\/\\\/ibchelsinki.fi\\\/sv\\\/#organization\"},\"potentialAction\":[{\"@type\":\"SearchAction\",\"target\":{\"@type\":\"EntryPoint\",\"urlTemplate\":\"https:\\\/\\\/ibchelsinki.fi\\\/sv\\\/?s={search_term_string}\"},\"query-input\":{\"@type\":\"PropertyValueSpecification\",\"valueRequired\":true,\"valueName\":\"search_term_string\"}}],\"inLanguage\":\"sv-SE\"},{\"@type\":\"Organization\",\"@id\":\"https:\\\/\\\/ibchelsinki.fi\\\/sv\\\/#organization\",\"name\":\"Helsinki International Ballet Competition\",\"alternateName\":\"HIBC\",\"url\":\"https:\\\/\\\/ibchelsinki.fi\\\/sv\\\/\",\"logo\":{\"@type\":\"ImageObject\",\"inLanguage\":\"sv-SE\",\"@id\":\"https:\\\/\\\/ibchelsinki.fi\\\/sv\\\/#\\\/schema\\\/logo\\\/image\\\/\",\"url\":\"https:\\\/\\\/var\\\/www\\\/fs4\\\/52\\\/ibchelsi\\\/web\\\/wp-content\\\/uploads\\\/2025\\\/03\\\/hibcstamp.svg\",\"contentUrl\":\"https:\\\/\\\/var\\\/www\\\/fs4\\\/52\\\/ibchelsi\\\/web\\\/wp-content\\\/uploads\\\/2025\\\/03\\\/hibcstamp.svg\",\"width\":1,\"height\":1,\"caption\":\"Helsinki International Ballet Competition\"},\"image\":{\"@id\":\"https:\\\/\\\/ibchelsinki.fi\\\/sv\\\/#\\\/schema\\\/logo\\\/image\\\/\"},\"sameAs\":[\"https:\\\/\\\/www.facebook.com\\\/ibchelsinki\\\/\",\"https:\\\/\\\/x.com\\\/Ibchelsinki\",\"https:\\\/\\\/www.instagram.com\\\/ibchelsinki\\\/\",\"https:\\\/\\\/www.youtube.com\\\/channel\\\/UC38s8Qo-Ty8t7C1Kf9wsGQw\"]}]}<\/script>\n<!-- \/ Yoast SEO plugin. -->","yoast_head_json":{"title":"F\u00f6r media - The Helsinki International Ballet Competition","robots":{"index":"index","follow":"follow","max-snippet":"max-snippet:-1","max-image-preview":"max-image-preview:large","max-video-preview":"max-video-preview:-1"},"canonical":"https:\/\/ibchelsinki.fi\/sv\/info\/for-media\/","og_locale":"sv_SE","og_type":"article","og_title":"F\u00f6r media - The Helsinki International Ballet Competition","og_url":"https:\/\/ibchelsinki.fi\/sv\/info\/for-media\/","og_site_name":"The Helsinki International Ballet Competition","article_publisher":"https:\/\/www.facebook.com\/ibchelsinki\/","article_modified_time":"2026-04-21T12:07:54+00:00","og_image":[{"width":2500,"height":1406,"url":"https:\/\/ibchelsinki.fi\/wp-content\/uploads\/2025\/03\/etusivu_desktop.jpg","type":"image\/jpeg"}],"twitter_card":"summary_large_image","twitter_site":"@Ibchelsinki","twitter_misc":{"Ber\u00e4knad l\u00e4stid":"1 minut"},"schema":{"@context":"https:\/\/schema.org","@graph":[{"@type":"WebPage","@id":"https:\/\/ibchelsinki.fi\/sv\/info\/for-media\/","url":"https:\/\/ibchelsinki.fi\/sv\/info\/for-media\/","name":"F\u00f6r media - The Helsinki International Ballet Competition","isPartOf":{"@id":"https:\/\/ibchelsinki.fi\/sv\/#website"},"datePublished":"2025-03-10T05:26:47+00:00","dateModified":"2026-04-21T12:07:54+00:00","breadcrumb":{"@id":"https:\/\/ibchelsinki.fi\/sv\/info\/for-media\/#breadcrumb"},"inLanguage":"sv-SE","potentialAction":[{"@type":"ReadAction","target":["https:\/\/ibchelsinki.fi\/sv\/info\/for-media\/"]}]},{"@type":"BreadcrumbList","@id":"https:\/\/ibchelsinki.fi\/sv\/info\/for-media\/#breadcrumb","itemListElement":[{"@type":"ListItem","position":1,"name":"Home","item":"https:\/\/ibchelsinki.fi\/sv\/"},{"@type":"ListItem","position":2,"name":"T\u00e4vlingsarrang\u00f6r","item":"https:\/\/ibchelsinki.fi\/sv\/info\/"},{"@type":"ListItem","position":3,"name":"F\u00f6r media"}]},{"@type":"WebSite","@id":"https:\/\/ibchelsinki.fi\/sv\/#website","url":"https:\/\/ibchelsinki.fi\/sv\/","name":"HIBC 2026","description":"HIBC","publisher":{"@id":"https:\/\/ibchelsinki.fi\/sv\/#organization"},"potentialAction":[{"@type":"SearchAction","target":{"@type":"EntryPoint","urlTemplate":"https:\/\/ibchelsinki.fi\/sv\/?s={search_term_string}"},"query-input":{"@type":"PropertyValueSpecification","valueRequired":true,"valueName":"search_term_string"}}],"inLanguage":"sv-SE"},{"@type":"Organization","@id":"https:\/\/ibchelsinki.fi\/sv\/#organization","name":"Helsinki International Ballet Competition","alternateName":"HIBC","url":"https:\/\/ibchelsinki.fi\/sv\/","logo":{"@type":"ImageObject","inLanguage":"sv-SE","@id":"https:\/\/ibchelsinki.fi\/sv\/#\/schema\/logo\/image\/","url":"https:\/\/var\/www\/fs4\/52\/ibchelsi\/web\/wp-content\/uploads\/2025\/03\/hibcstamp.svg","contentUrl":"https:\/\/var\/www\/fs4\/52\/ibchelsi\/web\/wp-content\/uploads\/2025\/03\/hibcstamp.svg","width":1,"height":1,"caption":"Helsinki International Ballet Competition"},"image":{"@id":"https:\/\/ibchelsinki.fi\/sv\/#\/schema\/logo\/image\/"},"sameAs":["https:\/\/www.facebook.com\/ibchelsinki\/","https:\/\/x.com\/Ibchelsinki","https:\/\/www.instagram.com\/ibchelsinki\/","https:\/\/www.youtube.com\/channel\/UC38s8Qo-Ty8t7C1Kf9wsGQw"]}]}},"_links":{"self":[{"href":"https:\/\/ibchelsinki.fi\/sv\/wp-json\/wp\/v2\/pages\/2351","targetHints":{"allow":["GET"]}}],"collection":[{"href":"https:\/\/ibchelsinki.fi\/sv\/wp-json\/wp\/v2\/pages"}],"about":[{"href":"https:\/\/ibchelsinki.fi\/sv\/wp-json\/wp\/v2\/types\/page"}],"author":[{"embeddable":true,"href":"https:\/\/ibchelsinki.fi\/sv\/wp-json\/wp\/v2\/users\/5"}],"replies":[{"embeddable":true,"href":"https:\/\/ibchelsinki.fi\/sv\/wp-json\/wp\/v2\/comments?post=2351"}],"version-history":[{"count":1,"href":"https:\/\/ibchelsinki.fi\/sv\/wp-json\/wp\/v2\/pages\/2351\/revisions"}],"predecessor-version":[{"id":2353,"href":"https:\/\/ibchelsinki.fi\/sv\/wp-json\/wp\/v2\/pages\/2351\/revisions\/2353"}],"up":[{"embeddable":true,"href":"https:\/\/ibchelsinki.fi\/sv\/wp-json\/wp\/v2\/pages\/1473"}],"wp:attachment":[{"href":"https:\/\/ibchelsinki.fi\/sv\/wp-json\/wp\/v2\/media?parent=2351"}],"curies":[{"name":"wp","href":"https:\/\/api.w.org\/{rel}","templated":true}]}}