{"id":297,"date":"2025-03-10T04:42:33","date_gmt":"2025-03-10T02:42:33","guid":{"rendered":"https:\/\/var\/www\/fs4\/52\/ibchelsi\/web\/?page_id=297"},"modified":"2026-04-02T11:13:03","modified_gmt":"2026-04-02T08:13:03","slug":"sample-page","status":"publish","type":"page","link":"https:\/\/ibchelsinki.fi\/sv\/","title":{"rendered":"HIBC 2026"},"content":{"rendered":"<section class=\"hibc-hero\">\n      <h1 class=\"sr\">Helsinki Calls Dancers<\/h1>\n    <div class=\"slider\">\n        <div class=\"slide hero2\">\n                                                    \n      <div class=\"bgd\" style=\"background-image: url(https:\/\/ibchelsinki.fi\/wp-content\/uploads\/2025\/03\/kilpailu_desktop-2.jpg.webp)\"><\/div>\n      <div class=\"bgm\" style=\"background-image: url(https:\/\/ibchelsinki.fi\/wp-content\/uploads\/2025\/03\/info_mobiili-608x1080.jpg.webp)\"><\/div>\n      <div class=\"contentwrap\">\n        <div class=\"content\">\n          <p class=\"ingress\">\n            Helsingfors internationella<br \/>\r\nbalett\u00e4vling 28.5.-5.6.2026\n          <\/p>\n\t  <p class=\"heading\">Helsinki Calls Dancers<\/p>\n                    <a href=\"https&#x3A;&#x2F;&#x2F;ibchelsinki.fi&#x2F;sv&#x2F;tavlingen&#x2F;info&#x2F;\" class=\"ybox\">\n            L\u00e4s mer\n            <i><\/i>\n          <\/a>\n                  <\/div>\n      <\/div>\n    <\/div>\n        <div class=\"slide hero2\">\n                                                    \n      <div class=\"bgd\" style=\"background-image: url(https:\/\/ibchelsinki.fi\/wp-content\/uploads\/2025\/03\/etusivu_desktop.jpg.webp)\"><\/div>\n      <div class=\"bgm\" style=\"background-image: url(https:\/\/ibchelsinki.fi\/wp-content\/uploads\/2025\/03\/etusivu_mobiili-608x1080.jpg.webp)\"><\/div>\n      <div class=\"contentwrap\">\n        <div class=\"content\">\n          <p class=\"ingress\">\n            Helsingfors internationella<br \/>\r\nbalett\u00e4vling 28.5.\u20135.6.2026\n          <\/p>\n\t  <p class=\"heading\">YOU&#039;LL ALL BE WINNERS<\/p>\n                    <a href=\"https&#x3A;&#x2F;&#x2F;ibchelsinki.fi&#x2F;sv&#x2F;tavlingen&#x2F;info&#x2F;\" class=\"ybox\">\n            L\u00e4s mer\n            <i><\/i>\n          <\/a>\n                  <\/div>\n      <\/div>\n    <\/div>\n      <\/div>\n  <div class=\"date\">\n    27.5.\u20135.6.2026\n  <\/div>\n<\/section>\n\n\n    <section class=\"hibc-intro\">\n      <div class=\"inner\">\n        <p><img loading=\"lazy\" decoding=\"async\" class=\"stamp alignnone\" src=\"https:\/\/ibchelsinki.fi\/wp-content\/uploads\/2025\/03\/hibcstamp.svg\" alt=\"\" width=\"199\" height=\"199\" \/><br \/>\nVid Helsingfors internationella balett\u00e4vling t\u00e4vlar unga toppdansare fr\u00e5n hela v\u00e4rlden i b\u00e5de klassisk balett och samtida dans. Den tionde Helsingfors internationella balett\u00e4vlingen ordnas vid Finlands nationalopera och -balett 28.5\u20135.6.2026.<\/p>\n\n      <\/div>\n    <\/section>\n\n\n    <section class=\"hibc-newslinks\">\n      <div class=\"inner\">\n                        <h2>Aktuellt<\/h2>\n                <div class=\"items\">\n                    <div class=\"item\">\n            <h3>T\u00e4vlande till Helsingfors internationella balett\u00e4vling har valts ut<\/h3>\n            <p class=\"date\">13.2.26<\/p>\n            <p><\/p>\n            <a class=\"yul\" href=\"https&#x3A;&#x2F;&#x2F;ibchelsinki.fi&#x2F;sv&#x2F;2026&#x2F;02&#x2F;tavlande-till-helsingfors-internationella-balettavling-2026-har-valts-ut&#x2F;\">\n              L\u00e4s mer\n            <\/a>\n          <\/div>\n                    <div class=\"item\">\n            <h3>HIBC nya hemsida<\/h3>\n            <p class=\"date\">10.3.25<\/p>\n            <p>HIBC&#8217;s nya hemsida har publicerats! Den nya webbplatsen har designats och producerats av Sivulliset-kollektivet.De fantastiska bilderna av 2022 \u00e5rs prisbel\u00f6nta dansare, som nu arbetar vid Finlands Nationalbalett, togs av Jonas&hellip;<\/p>\n            <a class=\"yul\" href=\"https&#x3A;&#x2F;&#x2F;ibchelsinki.fi&#x2F;sv&#x2F;2025&#x2F;03&#x2F;hibc-nya-hemsida&#x2F;\">\n              L\u00e4s mer\n            <\/a>\n          <\/div>\n                  <\/div>\n        <a class=\"ybox\" href=\"\/uutiset\/ajankohtaista\/\">\n          Fler nyheter<i><\/i>\n        <\/a>\n      <\/div>\n    <\/section>\n\n\n    <section class=\"hibc-cardslider\" id=\"ankkuri\"<>\n      <div class=\"inner\">\n              <h2>Vinnare av t\u00e4vlingen 2022<\/h2>\n              <div class=\"slider\">\n                  <div class=\"slide\">\n            <div class=\"image\" style=\"background-image: url(https:\/\/ibchelsinki.fi\/wp-content\/uploads\/2025\/03\/Shot_05_194_3500px_sRGB-683x1024.jpg.webp);\"><\/div>\n            <p class=\"name\">\n              Yuka Masumoto\n            <\/p>\n            <p class=\"description\">\n              Jane Erkko Grand Prix 2022\n            <\/p>\n            <a class=\"ybox\" href=\"https&#x3A;&#x2F;&#x2F;ibchelsinki.fi&#x2F;uutiset&#x2F;\">\n              Se mer<i><\/i>\n            <\/a>\n          <\/div>\n                  <div class=\"slide\">\n            <div class=\"image\" style=\"background-image: url(https:\/\/ibchelsinki.fi\/wp-content\/uploads\/2025\/03\/Shot_01_1630_Wide_3500px_sRGB-768x1024.jpg.webp);\"><\/div>\n            <p class=\"name\">\n              Clark Eselgroth\n            <\/p>\n            <p class=\"description\">\n              Junior Men 1st prize 2022\n            <\/p>\n            <a class=\"ybox\" href=\"https&#x3A;&#x2F;&#x2F;ibchelsinki.fi&#x2F;info&#x2F;yhteystiedot&#x2F;\">\n              Se mer<i><\/i>\n            <\/a>\n          <\/div>\n                  <div class=\"slide\">\n            <div class=\"image\" style=\"background-image: url(https:\/\/ibchelsinki.fi\/wp-content\/uploads\/2025\/03\/Shot_06_039_3500px_sRGB-683x1024.jpg.webp);\"><\/div>\n            <p class=\"name\">\n              Giulio Diligente\n            <\/p>\n            <p class=\"description\">\n              Doris Laine -prize 2022\n            <\/p>\n            <a class=\"ybox\" href=\"https&#x3A;&#x2F;&#x2F;ibchelsinki.fi&#x2F;info&#x2F;kuvat-ja-videot&#x2F;\">\n              Se mer<i><\/i>\n            <\/a>\n          <\/div>\n                  <div class=\"slide\">\n            <div class=\"image\" style=\"background-image: url(https:\/\/ibchelsinki.fi\/wp-content\/uploads\/2025\/03\/Shot_03_234_Closeup_3500px_sRGB-768x1024.jpg.webp);\"><\/div>\n            <p class=\"name\">\n              Viola L\u00e4nsivuori\n            <\/p>\n            <p class=\"description\">\n              Senior Women 3rd prize 2022\n            <\/p>\n            <a class=\"ybox\" href=\"\">\n              Se mer<i><\/i>\n            <\/a>\n          <\/div>\n                  <div class=\"slide\">\n            <div class=\"image\" style=\"background-image: url(https:\/\/ibchelsinki.fi\/wp-content\/uploads\/2025\/03\/Shot_04_218_3500px_sRGB-768x1024.jpg.webp);\"><\/div>\n            <p class=\"name\">\n              Luciano Ghidoli\n            <\/p>\n            <p class=\"description\">\n              Senior Men 2nd prize 2022\n            <\/p>\n            <a class=\"ybox\" href=\"\">\n              Se mer<i><\/i>\n            <\/a>\n          <\/div>\n                <\/div>\n      <\/div>\n    <\/section>\n\n\n    <section class=\"hibc-column sidebyside\">\n      <div class=\"inner\">\n        <div class=\"text\">\n          <h2>Juryns ordf\u00f6rande Javier Torres<\/h2>\n<p><span style=\"font-size: 0.8rem;\">Javier Torres \u00e4r konstn\u00e4rlig ledare f\u00f6r Nationalbaletten.<\/span><\/p>\n<p>&nbsp;<\/p>\n<p><a class=\"yul\" href=\"https:\/\/ibchelsinki.fi\/sv\/tavlingen\/juryn\/\">Juryn<\/a><\/p>\n\n        <\/div>\n                <div class=\"image\" style=\"background-image: url(https:\/\/ibchelsinki.fi\/wp-content\/uploads\/2025\/03\/javier_torres.jpg.webp);\"><\/div>\n              <\/div>\n    <\/section>\n\n\n    <section class=\"hibc-mailinglist\">\n      <div class=\"inner\">\n                  <h2>G\u00e5 med i e-postlistan<\/h2>\n                <div class=\"form\">\n          <div class=\"left\">\n            <p>N\u00e4r du prenumererar p\u00e5 v\u00e5rt nyhetsbrev kommer du att h\u00e5lla dig informerad om kommande viktiga datum och f\u00e5 uppdaterad information i din e-post.<\/p>\n\n            <a href=\"\/tietosuoja\/\" class=\"yul\">Dataskydd<\/a>\n          <\/div>\n          <div class=\"right\">\n            <form method=\"post\" action=\"https:\/\/ibchelsinki.us10.list-manage.com\/subscribe\/post?u=38c645779ab07552f21b7b8f1&amp;id=413fa7f219&amp;f_id=00754ce4f0\">\n              <input placeholder=\"Din e-postadress\" name=\"EMAIL\" type=\"email\" aria-label=\"S\u00e4hk\u00f6postiosoite\" autocomplete=\"email\" \/>\n              <button class=\"ybox\" name=\"subscribe\">Skicka<i><\/i><\/button>\n            <\/form>\n          <\/div>\n        <\/div>\n      <\/div>\n    <\/section>\n\n\n    <section class=\"hibc-partners\">\n      <div class=\"inner\">\n                  <h2>Partners<\/h2>\n                <div class=\"items\">\n                                              <a href=\"https&#x3A;&#x2F;&#x2F;www.hel.fi&#x2F;\" target=\"_blank\" rel=\"noreferrer noopener\" style=\"background-image: url(https&#x3A;&#x2F;&#x2F;ibchelsinki.fi&#x2F;wp-content&#x2F;uploads&#x2F;2025&#x2F;03&#x2F;logo-helsinki.svg)\">Helsinki<\/a>\n                                      <a href=\"https&#x3A;&#x2F;&#x2F;oopperabaletti.fi&#x2F;\" target=\"_blank\" rel=\"noreferrer noopener\" style=\"background-image: url(https&#x3A;&#x2F;&#x2F;ibchelsinki.fi&#x2F;wp-content&#x2F;uploads&#x2F;2025&#x2F;03&#x2F;fnob.svg)\">FNOB<\/a>\n                                      <a href=\"https&#x3A;&#x2F;&#x2F;okm.fi&#x2F;\" target=\"_blank\" rel=\"noreferrer noopener\" style=\"background-image: url(https&#x3A;&#x2F;&#x2F;ibchelsinki.fi&#x2F;wp-content&#x2F;uploads&#x2F;2025&#x2F;03&#x2F;okm-oikea.svg)\">OKM<\/a>\n                                      <a href=\"https&#x3A;&#x2F;&#x2F;jaes.fi&#x2F;\" target=\"_blank\" rel=\"noreferrer noopener\" style=\"background-image: url(https&#x3A;&#x2F;&#x2F;ibchelsinki.fi&#x2F;wp-content&#x2F;uploads&#x2F;2025&#x2F;03&#x2F;jae.svg)\">JAES<\/a>\n                                      <a href=\"https&#x3A;&#x2F;&#x2F;wihurinrahasto.fi&#x2F;\" target=\"_blank\" rel=\"noreferrer noopener\" style=\"background-image: url(https&#x3A;&#x2F;&#x2F;ibchelsinki.fi&#x2F;wp-content&#x2F;uploads&#x2F;2025&#x2F;03&#x2F;jaw.svg)\">JAW<\/a>\n                                      <a href=\"https&#x3A;&#x2F;&#x2F;euro.harlequinfloors.com&#x2F;en&#x2F;\" rel=\"noreferrer noopener\" style=\"background-image: url(https&#x3A;&#x2F;&#x2F;ibchelsinki.fi&#x2F;wp-content&#x2F;uploads&#x2F;2026&#x2F;03&#x2F;Harlequin_Logo_Monotone_black_with_url_RGB-300x120.png)\">Harlequin<\/a>\n                                      <a href=\"https&#x3A;&#x2F;&#x2F;www.usaibc.com&#x2F;\" rel=\"noreferrer noopener\" style=\"background-image: url(https&#x3A;&#x2F;&#x2F;ibchelsinki.fi&#x2F;wp-content&#x2F;uploads&#x2F;2026&#x2F;03&#x2F;USAIBC-300x138.png)\">USA IBC<\/a>\n                <\/div>\n      <\/div>\n    <\/section>\n","protected":false},"excerpt":{"rendered":"","protected":false},"author":2,"featured_media":0,"parent":0,"menu_order":0,"comment_status":"closed","ping_status":"closed","template":"","meta":{"_acf_changed":false,"footnotes":""},"class_list":["post-297","page","type-page","status-publish","hentry"],"acf":[],"yoast_head":"<!-- This site is optimized with the Yoast SEO plugin v27.4 - https:\/\/yoast.com\/product\/yoast-seo-wordpress\/ -->\n<title>HIBC 2026 - The Helsinki International Ballet Competition<\/title>\n<meta name=\"description\" content=\"The Helsinki International Ballet Competition is more than a competition. A well-organized ballet competition with a high-class jury offers a one-week professional journey of artistic and technical excellence for young, talented dancers.\" \/>\n<meta name=\"robots\" content=\"index, follow, max-snippet:-1, max-image-preview:large, max-video-preview:-1\" \/>\n<link rel=\"canonical\" href=\"https:\/\/ibchelsinki.fi\/sv\/\" \/>\n<meta property=\"og:locale\" content=\"sv_SE\" \/>\n<meta property=\"og:type\" content=\"article\" \/>\n<meta property=\"og:title\" content=\"HIBC 2026 - The Helsinki International Ballet Competition\" \/>\n<meta property=\"og:description\" content=\"The Helsinki International Ballet Competition is more than a competition. A well-organized ballet competition with a high-class jury offers a one-week professional journey of artistic and technical excellence for young, talented dancers.\" \/>\n<meta property=\"og:url\" content=\"https:\/\/ibchelsinki.fi\/sv\/\" \/>\n<meta property=\"og:site_name\" content=\"The Helsinki International Ballet Competition\" \/>\n<meta property=\"article:publisher\" content=\"https:\/\/www.facebook.com\/ibchelsinki\/\" \/>\n<meta property=\"article:modified_time\" content=\"2026-04-02T08:13:03+00:00\" \/>\n<meta property=\"og:image\" content=\"https:\/\/ibchelsinki.fi\/wp-content\/uploads\/2025\/03\/etusivu_desktop.jpg\" \/>\n\t<meta property=\"og:image:width\" content=\"2500\" \/>\n\t<meta property=\"og:image:height\" content=\"1406\" \/>\n\t<meta property=\"og:image:type\" content=\"image\/jpeg\" \/>\n<meta name=\"twitter:card\" content=\"summary_large_image\" \/>\n<meta name=\"twitter:site\" content=\"@Ibchelsinki\" \/>\n<meta name=\"twitter:label1\" content=\"Ber\u00e4knad l\u00e4stid\" \/>\n\t<meta name=\"twitter:data1\" content=\"3 minuter\" \/>\n<script type=\"application\/ld+json\" class=\"yoast-schema-graph\">{\"@context\":\"https:\\\/\\\/schema.org\",\"@graph\":[{\"@type\":\"WebPage\",\"@id\":\"https:\\\/\\\/ibchelsinki.fi\\\/sv\\\/\",\"url\":\"https:\\\/\\\/ibchelsinki.fi\\\/sv\\\/\",\"name\":\"HIBC 2026 - The Helsinki International Ballet Competition\",\"isPartOf\":{\"@id\":\"https:\\\/\\\/ibchelsinki.fi\\\/sv\\\/#website\"},\"datePublished\":\"2025-03-10T02:42:33+00:00\",\"dateModified\":\"2026-04-02T08:13:03+00:00\",\"description\":\"The Helsinki International Ballet Competition is more than a competition. A well-organized ballet competition with a high-class jury offers a one-week professional journey of artistic and technical excellence for young, talented dancers.\",\"breadcrumb\":{\"@id\":\"https:\\\/\\\/ibchelsinki.fi\\\/sv\\\/#breadcrumb\"},\"inLanguage\":\"sv-SE\",\"potentialAction\":[{\"@type\":\"ReadAction\",\"target\":[\"https:\\\/\\\/ibchelsinki.fi\\\/sv\\\/\"]}]},{\"@type\":\"BreadcrumbList\",\"@id\":\"https:\\\/\\\/ibchelsinki.fi\\\/sv\\\/#breadcrumb\",\"itemListElement\":[{\"@type\":\"ListItem\",\"position\":1,\"name\":\"Home\",\"item\":\"https:\\\/\\\/ibchelsinki.fi\\\/sv\\\/\"},{\"@type\":\"ListItem\",\"position\":2,\"name\":\"HIBC 2026\"}]},{\"@type\":\"WebSite\",\"@id\":\"https:\\\/\\\/ibchelsinki.fi\\\/sv\\\/#website\",\"url\":\"https:\\\/\\\/ibchelsinki.fi\\\/sv\\\/\",\"name\":\"HIBC 2026\",\"description\":\"HIBC\",\"publisher\":{\"@id\":\"https:\\\/\\\/ibchelsinki.fi\\\/sv\\\/#organization\"},\"potentialAction\":[{\"@type\":\"SearchAction\",\"target\":{\"@type\":\"EntryPoint\",\"urlTemplate\":\"https:\\\/\\\/ibchelsinki.fi\\\/sv\\\/?s={search_term_string}\"},\"query-input\":{\"@type\":\"PropertyValueSpecification\",\"valueRequired\":true,\"valueName\":\"search_term_string\"}}],\"inLanguage\":\"sv-SE\"},{\"@type\":\"Organization\",\"@id\":\"https:\\\/\\\/ibchelsinki.fi\\\/sv\\\/#organization\",\"name\":\"Helsinki International Ballet Competition\",\"alternateName\":\"HIBC\",\"url\":\"https:\\\/\\\/ibchelsinki.fi\\\/sv\\\/\",\"logo\":{\"@type\":\"ImageObject\",\"inLanguage\":\"sv-SE\",\"@id\":\"https:\\\/\\\/ibchelsinki.fi\\\/sv\\\/#\\\/schema\\\/logo\\\/image\\\/\",\"url\":\"https:\\\/\\\/var\\\/www\\\/fs4\\\/52\\\/ibchelsi\\\/web\\\/wp-content\\\/uploads\\\/2025\\\/03\\\/hibcstamp.svg\",\"contentUrl\":\"https:\\\/\\\/var\\\/www\\\/fs4\\\/52\\\/ibchelsi\\\/web\\\/wp-content\\\/uploads\\\/2025\\\/03\\\/hibcstamp.svg\",\"width\":1,\"height\":1,\"caption\":\"Helsinki International Ballet Competition\"},\"image\":{\"@id\":\"https:\\\/\\\/ibchelsinki.fi\\\/sv\\\/#\\\/schema\\\/logo\\\/image\\\/\"},\"sameAs\":[\"https:\\\/\\\/www.facebook.com\\\/ibchelsinki\\\/\",\"https:\\\/\\\/x.com\\\/Ibchelsinki\",\"https:\\\/\\\/www.instagram.com\\\/ibchelsinki\\\/\",\"https:\\\/\\\/www.youtube.com\\\/channel\\\/UC38s8Qo-Ty8t7C1Kf9wsGQw\"]}]}<\/script>\n<!-- \/ Yoast SEO plugin. -->","yoast_head_json":{"title":"HIBC 2026 - The Helsinki International Ballet Competition","description":"The Helsinki International Ballet Competition is more than a competition. A well-organized ballet competition with a high-class jury offers a one-week professional journey of artistic and technical excellence for young, talented dancers.","robots":{"index":"index","follow":"follow","max-snippet":"max-snippet:-1","max-image-preview":"max-image-preview:large","max-video-preview":"max-video-preview:-1"},"canonical":"https:\/\/ibchelsinki.fi\/sv\/","og_locale":"sv_SE","og_type":"article","og_title":"HIBC 2026 - The Helsinki International Ballet Competition","og_description":"The Helsinki International Ballet Competition is more than a competition. A well-organized ballet competition with a high-class jury offers a one-week professional journey of artistic and technical excellence for young, talented dancers.","og_url":"https:\/\/ibchelsinki.fi\/sv\/","og_site_name":"The Helsinki International Ballet Competition","article_publisher":"https:\/\/www.facebook.com\/ibchelsinki\/","article_modified_time":"2026-04-02T08:13:03+00:00","og_image":[{"width":2500,"height":1406,"url":"https:\/\/ibchelsinki.fi\/wp-content\/uploads\/2025\/03\/etusivu_desktop.jpg","type":"image\/jpeg"}],"twitter_card":"summary_large_image","twitter_site":"@Ibchelsinki","twitter_misc":{"Ber\u00e4knad l\u00e4stid":"3 minuter"},"schema":{"@context":"https:\/\/schema.org","@graph":[{"@type":"WebPage","@id":"https:\/\/ibchelsinki.fi\/sv\/","url":"https:\/\/ibchelsinki.fi\/sv\/","name":"HIBC 2026 - The Helsinki International Ballet Competition","isPartOf":{"@id":"https:\/\/ibchelsinki.fi\/sv\/#website"},"datePublished":"2025-03-10T02:42:33+00:00","dateModified":"2026-04-02T08:13:03+00:00","description":"The Helsinki International Ballet Competition is more than a competition. A well-organized ballet competition with a high-class jury offers a one-week professional journey of artistic and technical excellence for young, talented dancers.","breadcrumb":{"@id":"https:\/\/ibchelsinki.fi\/sv\/#breadcrumb"},"inLanguage":"sv-SE","potentialAction":[{"@type":"ReadAction","target":["https:\/\/ibchelsinki.fi\/sv\/"]}]},{"@type":"BreadcrumbList","@id":"https:\/\/ibchelsinki.fi\/sv\/#breadcrumb","itemListElement":[{"@type":"ListItem","position":1,"name":"Home","item":"https:\/\/ibchelsinki.fi\/sv\/"},{"@type":"ListItem","position":2,"name":"HIBC 2026"}]},{"@type":"WebSite","@id":"https:\/\/ibchelsinki.fi\/sv\/#website","url":"https:\/\/ibchelsinki.fi\/sv\/","name":"HIBC 2026","description":"HIBC","publisher":{"@id":"https:\/\/ibchelsinki.fi\/sv\/#organization"},"potentialAction":[{"@type":"SearchAction","target":{"@type":"EntryPoint","urlTemplate":"https:\/\/ibchelsinki.fi\/sv\/?s={search_term_string}"},"query-input":{"@type":"PropertyValueSpecification","valueRequired":true,"valueName":"search_term_string"}}],"inLanguage":"sv-SE"},{"@type":"Organization","@id":"https:\/\/ibchelsinki.fi\/sv\/#organization","name":"Helsinki International Ballet Competition","alternateName":"HIBC","url":"https:\/\/ibchelsinki.fi\/sv\/","logo":{"@type":"ImageObject","inLanguage":"sv-SE","@id":"https:\/\/ibchelsinki.fi\/sv\/#\/schema\/logo\/image\/","url":"https:\/\/var\/www\/fs4\/52\/ibchelsi\/web\/wp-content\/uploads\/2025\/03\/hibcstamp.svg","contentUrl":"https:\/\/var\/www\/fs4\/52\/ibchelsi\/web\/wp-content\/uploads\/2025\/03\/hibcstamp.svg","width":1,"height":1,"caption":"Helsinki International Ballet Competition"},"image":{"@id":"https:\/\/ibchelsinki.fi\/sv\/#\/schema\/logo\/image\/"},"sameAs":["https:\/\/www.facebook.com\/ibchelsinki\/","https:\/\/x.com\/Ibchelsinki","https:\/\/www.instagram.com\/ibchelsinki\/","https:\/\/www.youtube.com\/channel\/UC38s8Qo-Ty8t7C1Kf9wsGQw"]}]}},"_links":{"self":[{"href":"https:\/\/ibchelsinki.fi\/sv\/wp-json\/wp\/v2\/pages\/297","targetHints":{"allow":["GET"]}}],"collection":[{"href":"https:\/\/ibchelsinki.fi\/sv\/wp-json\/wp\/v2\/pages"}],"about":[{"href":"https:\/\/ibchelsinki.fi\/sv\/wp-json\/wp\/v2\/types\/page"}],"author":[{"embeddable":true,"href":"https:\/\/ibchelsinki.fi\/sv\/wp-json\/wp\/v2\/users\/2"}],"replies":[{"embeddable":true,"href":"https:\/\/ibchelsinki.fi\/sv\/wp-json\/wp\/v2\/comments?post=297"}],"version-history":[{"count":15,"href":"https:\/\/ibchelsinki.fi\/sv\/wp-json\/wp\/v2\/pages\/297\/revisions"}],"predecessor-version":[{"id":2141,"href":"https:\/\/ibchelsinki.fi\/sv\/wp-json\/wp\/v2\/pages\/297\/revisions\/2141"}],"wp:attachment":[{"href":"https:\/\/ibchelsinki.fi\/sv\/wp-json\/wp\/v2\/media?parent=297"}],"curies":[{"name":"wp","href":"https:\/\/api.w.org\/{rel}","templated":true}]}}