{"id":308,"date":"2025-03-10T07:14:48","date_gmt":"2025-03-10T05:14:48","guid":{"rendered":"https:\/\/var\/www\/fs4\/52\/ibchelsi\/web\/?page_id=308"},"modified":"2026-04-21T14:14:19","modified_gmt":"2026-04-21T11:14:19","slug":"info","status":"publish","type":"page","link":"https:\/\/ibchelsinki.fi\/sv\/tavlingen\/info\/","title":{"rendered":"Information om t\u00e4vlingen"},"content":{"rendered":"    <section class=\"hibc-hero subhero\">\n                                              <div class=\"bgd\" style=\"background-image: url(https:\/\/ibchelsinki.fi\/wp-content\/uploads\/2025\/03\/kilpailu_desktop-1.jpg.webp)\"><\/div>\n      <div class=\"bgm\" style=\"background-image: url(https:\/\/ibchelsinki.fi\/wp-content\/uploads\/2025\/03\/hero2m.jpg.webp)\"><\/div>\n      <div class=\"content\">\n        <p class=\"ingress\">\n          F\u00f6r publiken\n        <\/p>\n        <h1>Information om t\u00e4vlingen<\/h1>\n      <\/div>\n      <div class=\"date\">\n        27.5.\u20135.6.2026\n      <\/div>\n    <\/section>\n\n\n    <section class=\"hibc-column plain\">\n      <div class=\"inner\">\n        <div class=\"text\">\n          <p data-start=\"66\" data-end=\"199\">Den 10:e Helsingfors internationella balett\u00e4vlingen h\u00e5lls p\u00e5 Finlands nationalopera och balett 28.5\u20135.6.2026.<\/p>\n<p data-start=\"206\" data-end=\"516\">T\u00e4vlingsprogrammet best\u00e5r av b\u00e5de klassisk och modern repertoar. I den f\u00f6rsta omg\u00e5ngen dansar alla t\u00e4vlande klassiska variationer, i den andra ett modernt dansnummer, och de som klarat sig till finalen t\u00e4vlar med s\u00e5v\u00e4l klassiska som moderna dansprogram. T\u00e4vlingen avslutas med en galaf\u00f6rest\u00e4llning, d\u00e4r det f\u00f6rutom de prisbel\u00f6nta dansarna \u00e4ven kommer att finnas g\u00e4ster.<\/p>\n<h3>T\u00e4vlingskategorier<\/h3>\n<p>HIBC 2026 har tre divisioner:<\/p>\n<ul>\n<li><strong>Juniorer<\/strong> (15\u201318 \u00e5r)<\/li>\n<li><strong>Unga professionella<\/strong> (19\u201321 \u00e5r)<\/li>\n<li><strong>Seniorer<\/strong> (22\u201325 \u00e5r)<\/li>\n<\/ul>\n<p>K\u00f6nskategorierna kommer att avskaffas i t\u00e4vlingarna 2026.<\/p>\n<h3>T\u00e4vlingsomg\u00e5ngar<\/h3>\n<ul>\n<li><strong>F\u00f6rsta omg\u00e5ngen<\/strong> (28\u201330 maj 2026)\n<ul>\n<li>Deltagarna framf\u00f6r tv\u00e5 variationer fr\u00e5n den klassiska balettrepertoaren<\/li>\n<\/ul>\n<\/li>\n<li><strong>Andra omg\u00e5ngen<\/strong> (1\u20132 juni 2026)\n<ul>\n<li>Deltagarna framf\u00f6r ett samtida dansstycke koreograferat efter 2020<\/li>\n<li>Deltagarna kan framf\u00f6ra antingen en solo eller en duett<\/li>\n<\/ul>\n<\/li>\n<li><strong>Final <\/strong>(3\u20134 juni 2026)\n<ul>\n<li>Deltagarna framf\u00f6r antingen tv\u00e5 klassiska variationer eller en pas de deux, samt ett samtida dansstycke<\/li>\n<\/ul>\n<\/li>\n<li><strong>Gala och prisutdelning<\/strong> (5 juni 2026)\n<ul>\n<li>H\u00f6jdpunkter fr\u00e5n t\u00e4vlingsframtr\u00e4dandena tillsammans med g\u00e4stdansare<\/li>\n<li>Prisutdelning<\/li>\n<\/ul>\n<\/li>\n<\/ul>\n<h3>Juryn<\/h3>\n<div>Javier Torres, konstn\u00e4rlig ledare f\u00f6r Finlands nationalbalett, \u00e4r ordf\u00f6rande f\u00f6r HIBC-juryn. Jurymedlemmarna kommer att tillk\u00e4nnages under v\u00e5ren 2026.<\/div>\n<h3>Priser<\/h3>\n<div><a href=\"https:\/\/ibchelsinki.fi\/sv\/tavlingen\/palkinnot\/\">L\u00e4s om priserna h\u00e4r &gt;&gt;<\/a><\/div>\n<h3>Arrang\u00f6ren<\/h3>\n<p>HIBC organiseras av F\u00f6reningen Helsingfors internationella balett\u00e4vling. Styrelseordf\u00f6rande \u00e4r Hannele Niiranen-Mattsson.<\/p>\n<p><a href=\"https:\/\/ibchelsinki.fi\/sv\/info\/1476-2\/\">L\u00e4s mer om HIBC-f\u00f6reningen &gt;&gt;<\/a><\/p>\n<h3>T\u00e4vlingens historia<\/h3>\n<div>Den f\u00f6rsta Helsingfors internationella balett\u00e4vlingen h\u00f6lls 1984. T\u00e4vlingen grundades av professor Doris Laine.<\/div>\n<div><\/div>\n<div><a href=\"https:\/\/ibchelsinki.fi\/sv\/historia\/tavlingens-grundare-doris-laine\/\">L\u00e4s mer om Doris Laine &gt;&gt;<\/a><\/div>\n\n        <\/div>\n              <\/div>\n    <\/section>\n","protected":false},"excerpt":{"rendered":"","protected":false},"author":2,"featured_media":0,"parent":302,"menu_order":0,"comment_status":"closed","ping_status":"closed","template":"","meta":{"_acf_changed":false,"footnotes":""},"class_list":["post-308","page","type-page","status-publish","hentry"],"acf":[],"yoast_head":"<!-- This site is optimized with the Yoast SEO plugin v27.5 - https:\/\/yoast.com\/product\/yoast-seo-wordpress\/ -->\n<title>Information om t\u00e4vlingen - The Helsinki International Ballet Competition<\/title>\n<meta name=\"robots\" content=\"index, follow, max-snippet:-1, max-image-preview:large, max-video-preview:-1\" \/>\n<link rel=\"canonical\" href=\"https:\/\/ibchelsinki.fi\/sv\/tavlingen\/info\/\" \/>\n<meta property=\"og:locale\" content=\"sv_SE\" \/>\n<meta property=\"og:type\" content=\"article\" \/>\n<meta property=\"og:title\" content=\"Information om t\u00e4vlingen - The Helsinki International Ballet Competition\" \/>\n<meta property=\"og:url\" content=\"https:\/\/ibchelsinki.fi\/sv\/tavlingen\/info\/\" \/>\n<meta property=\"og:site_name\" content=\"The Helsinki International Ballet Competition\" \/>\n<meta property=\"article:publisher\" content=\"https:\/\/www.facebook.com\/ibchelsinki\/\" \/>\n<meta property=\"article:modified_time\" content=\"2026-04-21T11:14:19+00:00\" \/>\n<meta property=\"og:image\" content=\"https:\/\/ibchelsinki.fi\/wp-content\/uploads\/2025\/03\/etusivu_desktop.jpg\" \/>\n\t<meta property=\"og:image:width\" content=\"2500\" \/>\n\t<meta property=\"og:image:height\" content=\"1406\" \/>\n\t<meta property=\"og:image:type\" content=\"image\/jpeg\" \/>\n<meta name=\"twitter:card\" content=\"summary_large_image\" \/>\n<meta name=\"twitter:site\" content=\"@Ibchelsinki\" \/>\n<meta name=\"twitter:label1\" content=\"Ber\u00e4knad l\u00e4stid\" \/>\n\t<meta name=\"twitter:data1\" content=\"2 minuter\" \/>\n<script type=\"application\/ld+json\" class=\"yoast-schema-graph\">{\"@context\":\"https:\\\/\\\/schema.org\",\"@graph\":[{\"@type\":\"WebPage\",\"@id\":\"https:\\\/\\\/ibchelsinki.fi\\\/sv\\\/tavlingen\\\/info\\\/\",\"url\":\"https:\\\/\\\/ibchelsinki.fi\\\/sv\\\/tavlingen\\\/info\\\/\",\"name\":\"Information om t\u00e4vlingen - The Helsinki International Ballet Competition\",\"isPartOf\":{\"@id\":\"https:\\\/\\\/ibchelsinki.fi\\\/sv\\\/#website\"},\"datePublished\":\"2025-03-10T05:14:48+00:00\",\"dateModified\":\"2026-04-21T11:14:19+00:00\",\"breadcrumb\":{\"@id\":\"https:\\\/\\\/ibchelsinki.fi\\\/sv\\\/tavlingen\\\/info\\\/#breadcrumb\"},\"inLanguage\":\"sv-SE\",\"potentialAction\":[{\"@type\":\"ReadAction\",\"target\":[\"https:\\\/\\\/ibchelsinki.fi\\\/sv\\\/tavlingen\\\/info\\\/\"]}]},{\"@type\":\"BreadcrumbList\",\"@id\":\"https:\\\/\\\/ibchelsinki.fi\\\/sv\\\/tavlingen\\\/info\\\/#breadcrumb\",\"itemListElement\":[{\"@type\":\"ListItem\",\"position\":1,\"name\":\"Home\",\"item\":\"https:\\\/\\\/ibchelsinki.fi\\\/sv\\\/\"},{\"@type\":\"ListItem\",\"position\":2,\"name\":\"F\u00f6r publiken\",\"item\":\"https:\\\/\\\/ibchelsinki.fi\\\/sv\\\/tavlingen\\\/\"},{\"@type\":\"ListItem\",\"position\":3,\"name\":\"Information om t\u00e4vlingen\"}]},{\"@type\":\"WebSite\",\"@id\":\"https:\\\/\\\/ibchelsinki.fi\\\/sv\\\/#website\",\"url\":\"https:\\\/\\\/ibchelsinki.fi\\\/sv\\\/\",\"name\":\"HIBC 2026\",\"description\":\"HIBC\",\"publisher\":{\"@id\":\"https:\\\/\\\/ibchelsinki.fi\\\/sv\\\/#organization\"},\"potentialAction\":[{\"@type\":\"SearchAction\",\"target\":{\"@type\":\"EntryPoint\",\"urlTemplate\":\"https:\\\/\\\/ibchelsinki.fi\\\/sv\\\/?s={search_term_string}\"},\"query-input\":{\"@type\":\"PropertyValueSpecification\",\"valueRequired\":true,\"valueName\":\"search_term_string\"}}],\"inLanguage\":\"sv-SE\"},{\"@type\":\"Organization\",\"@id\":\"https:\\\/\\\/ibchelsinki.fi\\\/sv\\\/#organization\",\"name\":\"Helsinki International Ballet Competition\",\"alternateName\":\"HIBC\",\"url\":\"https:\\\/\\\/ibchelsinki.fi\\\/sv\\\/\",\"logo\":{\"@type\":\"ImageObject\",\"inLanguage\":\"sv-SE\",\"@id\":\"https:\\\/\\\/ibchelsinki.fi\\\/sv\\\/#\\\/schema\\\/logo\\\/image\\\/\",\"url\":\"https:\\\/\\\/var\\\/www\\\/fs4\\\/52\\\/ibchelsi\\\/web\\\/wp-content\\\/uploads\\\/2025\\\/03\\\/hibcstamp.svg\",\"contentUrl\":\"https:\\\/\\\/var\\\/www\\\/fs4\\\/52\\\/ibchelsi\\\/web\\\/wp-content\\\/uploads\\\/2025\\\/03\\\/hibcstamp.svg\",\"width\":1,\"height\":1,\"caption\":\"Helsinki International Ballet Competition\"},\"image\":{\"@id\":\"https:\\\/\\\/ibchelsinki.fi\\\/sv\\\/#\\\/schema\\\/logo\\\/image\\\/\"},\"sameAs\":[\"https:\\\/\\\/www.facebook.com\\\/ibchelsinki\\\/\",\"https:\\\/\\\/x.com\\\/Ibchelsinki\",\"https:\\\/\\\/www.instagram.com\\\/ibchelsinki\\\/\",\"https:\\\/\\\/www.youtube.com\\\/channel\\\/UC38s8Qo-Ty8t7C1Kf9wsGQw\"]}]}<\/script>\n<!-- \/ Yoast SEO plugin. -->","yoast_head_json":{"title":"Information om t\u00e4vlingen - The Helsinki International Ballet Competition","robots":{"index":"index","follow":"follow","max-snippet":"max-snippet:-1","max-image-preview":"max-image-preview:large","max-video-preview":"max-video-preview:-1"},"canonical":"https:\/\/ibchelsinki.fi\/sv\/tavlingen\/info\/","og_locale":"sv_SE","og_type":"article","og_title":"Information om t\u00e4vlingen - The Helsinki International Ballet Competition","og_url":"https:\/\/ibchelsinki.fi\/sv\/tavlingen\/info\/","og_site_name":"The Helsinki International Ballet Competition","article_publisher":"https:\/\/www.facebook.com\/ibchelsinki\/","article_modified_time":"2026-04-21T11:14:19+00:00","og_image":[{"width":2500,"height":1406,"url":"https:\/\/ibchelsinki.fi\/wp-content\/uploads\/2025\/03\/etusivu_desktop.jpg","type":"image\/jpeg"}],"twitter_card":"summary_large_image","twitter_site":"@Ibchelsinki","twitter_misc":{"Ber\u00e4knad l\u00e4stid":"2 minuter"},"schema":{"@context":"https:\/\/schema.org","@graph":[{"@type":"WebPage","@id":"https:\/\/ibchelsinki.fi\/sv\/tavlingen\/info\/","url":"https:\/\/ibchelsinki.fi\/sv\/tavlingen\/info\/","name":"Information om t\u00e4vlingen - The Helsinki International Ballet Competition","isPartOf":{"@id":"https:\/\/ibchelsinki.fi\/sv\/#website"},"datePublished":"2025-03-10T05:14:48+00:00","dateModified":"2026-04-21T11:14:19+00:00","breadcrumb":{"@id":"https:\/\/ibchelsinki.fi\/sv\/tavlingen\/info\/#breadcrumb"},"inLanguage":"sv-SE","potentialAction":[{"@type":"ReadAction","target":["https:\/\/ibchelsinki.fi\/sv\/tavlingen\/info\/"]}]},{"@type":"BreadcrumbList","@id":"https:\/\/ibchelsinki.fi\/sv\/tavlingen\/info\/#breadcrumb","itemListElement":[{"@type":"ListItem","position":1,"name":"Home","item":"https:\/\/ibchelsinki.fi\/sv\/"},{"@type":"ListItem","position":2,"name":"F\u00f6r publiken","item":"https:\/\/ibchelsinki.fi\/sv\/tavlingen\/"},{"@type":"ListItem","position":3,"name":"Information om t\u00e4vlingen"}]},{"@type":"WebSite","@id":"https:\/\/ibchelsinki.fi\/sv\/#website","url":"https:\/\/ibchelsinki.fi\/sv\/","name":"HIBC 2026","description":"HIBC","publisher":{"@id":"https:\/\/ibchelsinki.fi\/sv\/#organization"},"potentialAction":[{"@type":"SearchAction","target":{"@type":"EntryPoint","urlTemplate":"https:\/\/ibchelsinki.fi\/sv\/?s={search_term_string}"},"query-input":{"@type":"PropertyValueSpecification","valueRequired":true,"valueName":"search_term_string"}}],"inLanguage":"sv-SE"},{"@type":"Organization","@id":"https:\/\/ibchelsinki.fi\/sv\/#organization","name":"Helsinki International Ballet Competition","alternateName":"HIBC","url":"https:\/\/ibchelsinki.fi\/sv\/","logo":{"@type":"ImageObject","inLanguage":"sv-SE","@id":"https:\/\/ibchelsinki.fi\/sv\/#\/schema\/logo\/image\/","url":"https:\/\/var\/www\/fs4\/52\/ibchelsi\/web\/wp-content\/uploads\/2025\/03\/hibcstamp.svg","contentUrl":"https:\/\/var\/www\/fs4\/52\/ibchelsi\/web\/wp-content\/uploads\/2025\/03\/hibcstamp.svg","width":1,"height":1,"caption":"Helsinki International Ballet Competition"},"image":{"@id":"https:\/\/ibchelsinki.fi\/sv\/#\/schema\/logo\/image\/"},"sameAs":["https:\/\/www.facebook.com\/ibchelsinki\/","https:\/\/x.com\/Ibchelsinki","https:\/\/www.instagram.com\/ibchelsinki\/","https:\/\/www.youtube.com\/channel\/UC38s8Qo-Ty8t7C1Kf9wsGQw"]}]}},"_links":{"self":[{"href":"https:\/\/ibchelsinki.fi\/sv\/wp-json\/wp\/v2\/pages\/308","targetHints":{"allow":["GET"]}}],"collection":[{"href":"https:\/\/ibchelsinki.fi\/sv\/wp-json\/wp\/v2\/pages"}],"about":[{"href":"https:\/\/ibchelsinki.fi\/sv\/wp-json\/wp\/v2\/types\/page"}],"author":[{"embeddable":true,"href":"https:\/\/ibchelsinki.fi\/sv\/wp-json\/wp\/v2\/users\/2"}],"replies":[{"embeddable":true,"href":"https:\/\/ibchelsinki.fi\/sv\/wp-json\/wp\/v2\/comments?post=308"}],"version-history":[{"count":11,"href":"https:\/\/ibchelsinki.fi\/sv\/wp-json\/wp\/v2\/pages\/308\/revisions"}],"predecessor-version":[{"id":2318,"href":"https:\/\/ibchelsinki.fi\/sv\/wp-json\/wp\/v2\/pages\/308\/revisions\/2318"}],"up":[{"embeddable":true,"href":"https:\/\/ibchelsinki.fi\/sv\/wp-json\/wp\/v2\/pages\/302"}],"wp:attachment":[{"href":"https:\/\/ibchelsinki.fi\/sv\/wp-json\/wp\/v2\/media?parent=308"}],"curies":[{"name":"wp","href":"https:\/\/api.w.org\/{rel}","templated":true}]}}