{"id":919,"date":"2025-03-10T07:21:45","date_gmt":"2025-03-10T05:21:45","guid":{"rendered":"https:\/\/var\/www\/fs4\/52\/ibchelsi\/web\/tavlingen\/palkinnot\/"},"modified":"2026-04-21T14:48:14","modified_gmt":"2026-04-21T11:48:14","slug":"palkinnot","status":"publish","type":"page","link":"https:\/\/ibchelsinki.fi\/sv\/tavlingen\/palkinnot\/","title":{"rendered":"Priser"},"content":{"rendered":"    <section class=\"hibc-hero subhero\">\n                                              <div class=\"bgd\" style=\"background-image: url(https:\/\/ibchelsinki.fi\/wp-content\/uploads\/2025\/03\/kilpailu_desktop.jpg.webp)\"><\/div>\n      <div class=\"bgm\" style=\"background-image: url(https:\/\/ibchelsinki.fi\/wp-content\/uploads\/2025\/03\/hero2m.jpg.webp)\"><\/div>\n      <div class=\"content\">\n        <p class=\"ingress\">\n          F\u00f6r publiken\n        <\/p>\n        <h1>Priser<\/h1>\n      <\/div>\n      <div class=\"date\">\n        28.5.\u20135.6.2026\n      <\/div>\n    <\/section>\n\n\n    <section class=\"hibc-column plain\">\n      <div class=\"inner\">\n        <div class=\"text\">\n          <h2>Priser som delas ut i t\u00e4vlingen:<\/h2>\n<p><strong>Huvudpris<br \/>\n<\/strong><br \/>\nJane Erkko Grand Prix 20.000\u20ac<\/p>\n<div>\n<p class=\"nomargin\"><strong>Juniorer<\/strong><\/p>\n<ol>\n<li>pris Doris Laine -pris 5.000\u20ac<\/li>\n<li>pris 4.000\u20ac<\/li>\n<li>pris 3.000\u20ac<\/li>\n<\/ol>\n<p class=\"nomargin\"><strong>Unga professionella<\/strong><\/p>\n<ol>\n<li class=\"p3\">pris Doris Laine -pris 9.000\u20ac<\/li>\n<li class=\"p3\">pris 7.000\u20ac<\/li>\n<li class=\"p3\">pris 5.000\u20ac<\/li>\n<\/ol>\n<p class=\"nomargin\"><strong>Seniorer<br \/>\n<\/strong><\/p>\n<ol>\n<li class=\"p3\">pris Doris Laine -pris 10 000\u20ac<\/li>\n<li class=\"p3\">pris 8.000\u20ac<\/li>\n<li class=\"p3\">pris 6.000\u20ac<\/li>\n<\/ol>\n<p>F\u00f6rstapriset i varje dansarkategori \u00e4r uppkallat efter t\u00e4vlingens grundare, den finska balettdans\u00f6sen prima ballerina Doris Laine.<\/p>\n<p class=\"nomargin\"><strong>Koreografipriser<\/strong><\/p>\n<ol>\n<li class=\"p3\">pris 7.000\u20ac<\/li>\n<li class=\"p3\">pris 4.000\u20ac<\/li>\n<li class=\"p3\">pris 2.000\u20ac<\/li>\n<\/ol>\n<p>Om koreografen till ett dansverk som framf\u00f6rs av en t\u00e4vlande \u00f6nskar delta i koreografit\u00e4vlingen m\u00e5ste detta anges p\u00e5 anm\u00e4lningsformul\u00e4ret. Koreografit\u00e4vlingen \u00e4ger rum i den andra omg\u00e5ngen, och endast de samtida dansverk som framf\u00f6rs i denna omg\u00e5ng bed\u00f6ms f\u00f6r koreografipriset.<\/p>\n<div><strong>Publikens favoritpris<\/strong><\/div>\n<div><\/div>\n<div>Pro Dance Association donerar ett publikens favoritpris (1000 \u20ac) till den t\u00e4vlande som f\u00e5r flest r\u00f6ster fr\u00e5n publiken.<\/p>\n<\/div>\n<div><\/div>\n<div><strong>Uppmuntringspris till en lovande finsk dansare<\/strong><\/div>\n<div><\/div>\n<div>Attitydi ry donerar ett uppmuntringspris (1000 \u20ac) till en lovande finsk dansare, utvald av juryn. Attitydi ry \u00e4r en balettf\u00f6rening baserad i Lappeenranta, som \u00e4gnar sig \u00e5t att st\u00f6dja och fr\u00e4mja kunskapen om och ut\u00f6vandet av dans.<\/p>\n<\/div>\n<div><\/div>\n<div><strong>Priser fr\u00e5n Finlands nationalbalett<\/strong><\/div>\n<div><\/div>\n<div>En t\u00e4vlande kommer att bjudas in till Finlands nationalbaletts internationella sommarintensivkurs den 20\u201325 juli 2026. Stipendiet t\u00e4cker kursavgiften (900 \u20ac) och dagliga luncher p\u00e5 Operahuset. En t\u00e4vlande kommer att erbjudas en tv\u00e5 veckors praktikplats hos Finlands nationalbaletts ungdomsensemble.<\/div>\n<div><\/div>\n<\/div>\n<p class=\"p3\"><em>Juryn kan dela ut priser mellan flera vinnare och \u00e4r inte skyldig att dela alla priser. Juryn kan ocks\u00e5 dela ut andra priser eller stipendier som arrang\u00f6ren godk\u00e4nner.<\/em><\/p>\n\n        <\/div>\n              <\/div>\n    <\/section>\n","protected":false},"excerpt":{"rendered":"","protected":false},"author":2,"featured_media":0,"parent":302,"menu_order":0,"comment_status":"closed","ping_status":"closed","template":"","meta":{"_acf_changed":false,"footnotes":""},"class_list":["post-919","page","type-page","status-publish","hentry"],"acf":[],"yoast_head":"<!-- This site is optimized with the Yoast SEO plugin v27.6 - https:\/\/yoast.com\/product\/yoast-seo-wordpress\/ -->\n<title>Priser - The Helsinki International Ballet Competition<\/title>\n<meta name=\"robots\" content=\"index, follow, max-snippet:-1, max-image-preview:large, max-video-preview:-1\" \/>\n<link rel=\"canonical\" href=\"https:\/\/ibchelsinki.fi\/sv\/tavlingen\/palkinnot\/\" \/>\n<meta property=\"og:locale\" content=\"sv_SE\" \/>\n<meta property=\"og:type\" content=\"article\" \/>\n<meta property=\"og:title\" content=\"Priser - The Helsinki International Ballet Competition\" \/>\n<meta property=\"og:url\" content=\"https:\/\/ibchelsinki.fi\/sv\/tavlingen\/palkinnot\/\" \/>\n<meta property=\"og:site_name\" content=\"The Helsinki International Ballet Competition\" \/>\n<meta property=\"article:publisher\" content=\"https:\/\/www.facebook.com\/ibchelsinki\/\" \/>\n<meta property=\"article:modified_time\" content=\"2026-04-21T11:48:14+00:00\" \/>\n<meta property=\"og:image\" content=\"https:\/\/ibchelsinki.fi\/wp-content\/uploads\/2025\/03\/etusivu_desktop.jpg\" \/>\n\t<meta property=\"og:image:width\" content=\"2500\" \/>\n\t<meta property=\"og:image:height\" content=\"1406\" \/>\n\t<meta property=\"og:image:type\" content=\"image\/jpeg\" \/>\n<meta name=\"twitter:card\" content=\"summary_large_image\" \/>\n<meta name=\"twitter:site\" content=\"@Ibchelsinki\" \/>\n<meta name=\"twitter:label1\" content=\"Ber\u00e4knad l\u00e4stid\" \/>\n\t<meta name=\"twitter:data1\" content=\"2 minuter\" \/>\n<script type=\"application\/ld+json\" class=\"yoast-schema-graph\">{\"@context\":\"https:\\\/\\\/schema.org\",\"@graph\":[{\"@type\":\"WebPage\",\"@id\":\"https:\\\/\\\/ibchelsinki.fi\\\/sv\\\/tavlingen\\\/palkinnot\\\/\",\"url\":\"https:\\\/\\\/ibchelsinki.fi\\\/sv\\\/tavlingen\\\/palkinnot\\\/\",\"name\":\"Priser - The Helsinki International Ballet Competition\",\"isPartOf\":{\"@id\":\"https:\\\/\\\/ibchelsinki.fi\\\/sv\\\/#website\"},\"datePublished\":\"2025-03-10T05:21:45+00:00\",\"dateModified\":\"2026-04-21T11:48:14+00:00\",\"breadcrumb\":{\"@id\":\"https:\\\/\\\/ibchelsinki.fi\\\/sv\\\/tavlingen\\\/palkinnot\\\/#breadcrumb\"},\"inLanguage\":\"sv-SE\",\"potentialAction\":[{\"@type\":\"ReadAction\",\"target\":[\"https:\\\/\\\/ibchelsinki.fi\\\/sv\\\/tavlingen\\\/palkinnot\\\/\"]}]},{\"@type\":\"BreadcrumbList\",\"@id\":\"https:\\\/\\\/ibchelsinki.fi\\\/sv\\\/tavlingen\\\/palkinnot\\\/#breadcrumb\",\"itemListElement\":[{\"@type\":\"ListItem\",\"position\":1,\"name\":\"Home\",\"item\":\"https:\\\/\\\/ibchelsinki.fi\\\/sv\\\/\"},{\"@type\":\"ListItem\",\"position\":2,\"name\":\"F\u00f6r publiken\",\"item\":\"https:\\\/\\\/ibchelsinki.fi\\\/sv\\\/tavlingen\\\/\"},{\"@type\":\"ListItem\",\"position\":3,\"name\":\"Priser\"}]},{\"@type\":\"WebSite\",\"@id\":\"https:\\\/\\\/ibchelsinki.fi\\\/sv\\\/#website\",\"url\":\"https:\\\/\\\/ibchelsinki.fi\\\/sv\\\/\",\"name\":\"HIBC 2026\",\"description\":\"HIBC\",\"publisher\":{\"@id\":\"https:\\\/\\\/ibchelsinki.fi\\\/sv\\\/#organization\"},\"potentialAction\":[{\"@type\":\"SearchAction\",\"target\":{\"@type\":\"EntryPoint\",\"urlTemplate\":\"https:\\\/\\\/ibchelsinki.fi\\\/sv\\\/?s={search_term_string}\"},\"query-input\":{\"@type\":\"PropertyValueSpecification\",\"valueRequired\":true,\"valueName\":\"search_term_string\"}}],\"inLanguage\":\"sv-SE\"},{\"@type\":\"Organization\",\"@id\":\"https:\\\/\\\/ibchelsinki.fi\\\/sv\\\/#organization\",\"name\":\"Helsinki International Ballet Competition\",\"alternateName\":\"HIBC\",\"url\":\"https:\\\/\\\/ibchelsinki.fi\\\/sv\\\/\",\"logo\":{\"@type\":\"ImageObject\",\"inLanguage\":\"sv-SE\",\"@id\":\"https:\\\/\\\/ibchelsinki.fi\\\/sv\\\/#\\\/schema\\\/logo\\\/image\\\/\",\"url\":\"https:\\\/\\\/var\\\/www\\\/fs4\\\/52\\\/ibchelsi\\\/web\\\/wp-content\\\/uploads\\\/2025\\\/03\\\/hibcstamp.svg\",\"contentUrl\":\"https:\\\/\\\/var\\\/www\\\/fs4\\\/52\\\/ibchelsi\\\/web\\\/wp-content\\\/uploads\\\/2025\\\/03\\\/hibcstamp.svg\",\"width\":1,\"height\":1,\"caption\":\"Helsinki International Ballet Competition\"},\"image\":{\"@id\":\"https:\\\/\\\/ibchelsinki.fi\\\/sv\\\/#\\\/schema\\\/logo\\\/image\\\/\"},\"sameAs\":[\"https:\\\/\\\/www.facebook.com\\\/ibchelsinki\\\/\",\"https:\\\/\\\/x.com\\\/Ibchelsinki\",\"https:\\\/\\\/www.instagram.com\\\/ibchelsinki\\\/\",\"https:\\\/\\\/www.youtube.com\\\/channel\\\/UC38s8Qo-Ty8t7C1Kf9wsGQw\"]}]}<\/script>\n<!-- \/ Yoast SEO plugin. -->","yoast_head_json":{"title":"Priser - The Helsinki International Ballet Competition","robots":{"index":"index","follow":"follow","max-snippet":"max-snippet:-1","max-image-preview":"max-image-preview:large","max-video-preview":"max-video-preview:-1"},"canonical":"https:\/\/ibchelsinki.fi\/sv\/tavlingen\/palkinnot\/","og_locale":"sv_SE","og_type":"article","og_title":"Priser - The Helsinki International Ballet Competition","og_url":"https:\/\/ibchelsinki.fi\/sv\/tavlingen\/palkinnot\/","og_site_name":"The Helsinki International Ballet Competition","article_publisher":"https:\/\/www.facebook.com\/ibchelsinki\/","article_modified_time":"2026-04-21T11:48:14+00:00","og_image":[{"width":2500,"height":1406,"url":"https:\/\/ibchelsinki.fi\/wp-content\/uploads\/2025\/03\/etusivu_desktop.jpg","type":"image\/jpeg"}],"twitter_card":"summary_large_image","twitter_site":"@Ibchelsinki","twitter_misc":{"Ber\u00e4knad l\u00e4stid":"2 minuter"},"schema":{"@context":"https:\/\/schema.org","@graph":[{"@type":"WebPage","@id":"https:\/\/ibchelsinki.fi\/sv\/tavlingen\/palkinnot\/","url":"https:\/\/ibchelsinki.fi\/sv\/tavlingen\/palkinnot\/","name":"Priser - The Helsinki International Ballet Competition","isPartOf":{"@id":"https:\/\/ibchelsinki.fi\/sv\/#website"},"datePublished":"2025-03-10T05:21:45+00:00","dateModified":"2026-04-21T11:48:14+00:00","breadcrumb":{"@id":"https:\/\/ibchelsinki.fi\/sv\/tavlingen\/palkinnot\/#breadcrumb"},"inLanguage":"sv-SE","potentialAction":[{"@type":"ReadAction","target":["https:\/\/ibchelsinki.fi\/sv\/tavlingen\/palkinnot\/"]}]},{"@type":"BreadcrumbList","@id":"https:\/\/ibchelsinki.fi\/sv\/tavlingen\/palkinnot\/#breadcrumb","itemListElement":[{"@type":"ListItem","position":1,"name":"Home","item":"https:\/\/ibchelsinki.fi\/sv\/"},{"@type":"ListItem","position":2,"name":"F\u00f6r publiken","item":"https:\/\/ibchelsinki.fi\/sv\/tavlingen\/"},{"@type":"ListItem","position":3,"name":"Priser"}]},{"@type":"WebSite","@id":"https:\/\/ibchelsinki.fi\/sv\/#website","url":"https:\/\/ibchelsinki.fi\/sv\/","name":"HIBC 2026","description":"HIBC","publisher":{"@id":"https:\/\/ibchelsinki.fi\/sv\/#organization"},"potentialAction":[{"@type":"SearchAction","target":{"@type":"EntryPoint","urlTemplate":"https:\/\/ibchelsinki.fi\/sv\/?s={search_term_string}"},"query-input":{"@type":"PropertyValueSpecification","valueRequired":true,"valueName":"search_term_string"}}],"inLanguage":"sv-SE"},{"@type":"Organization","@id":"https:\/\/ibchelsinki.fi\/sv\/#organization","name":"Helsinki International Ballet Competition","alternateName":"HIBC","url":"https:\/\/ibchelsinki.fi\/sv\/","logo":{"@type":"ImageObject","inLanguage":"sv-SE","@id":"https:\/\/ibchelsinki.fi\/sv\/#\/schema\/logo\/image\/","url":"https:\/\/var\/www\/fs4\/52\/ibchelsi\/web\/wp-content\/uploads\/2025\/03\/hibcstamp.svg","contentUrl":"https:\/\/var\/www\/fs4\/52\/ibchelsi\/web\/wp-content\/uploads\/2025\/03\/hibcstamp.svg","width":1,"height":1,"caption":"Helsinki International Ballet Competition"},"image":{"@id":"https:\/\/ibchelsinki.fi\/sv\/#\/schema\/logo\/image\/"},"sameAs":["https:\/\/www.facebook.com\/ibchelsinki\/","https:\/\/x.com\/Ibchelsinki","https:\/\/www.instagram.com\/ibchelsinki\/","https:\/\/www.youtube.com\/channel\/UC38s8Qo-Ty8t7C1Kf9wsGQw"]}]}},"_links":{"self":[{"href":"https:\/\/ibchelsinki.fi\/sv\/wp-json\/wp\/v2\/pages\/919","targetHints":{"allow":["GET"]}}],"collection":[{"href":"https:\/\/ibchelsinki.fi\/sv\/wp-json\/wp\/v2\/pages"}],"about":[{"href":"https:\/\/ibchelsinki.fi\/sv\/wp-json\/wp\/v2\/types\/page"}],"author":[{"embeddable":true,"href":"https:\/\/ibchelsinki.fi\/sv\/wp-json\/wp\/v2\/users\/2"}],"replies":[{"embeddable":true,"href":"https:\/\/ibchelsinki.fi\/sv\/wp-json\/wp\/v2\/comments?post=919"}],"version-history":[{"count":7,"href":"https:\/\/ibchelsinki.fi\/sv\/wp-json\/wp\/v2\/pages\/919\/revisions"}],"predecessor-version":[{"id":2334,"href":"https:\/\/ibchelsinki.fi\/sv\/wp-json\/wp\/v2\/pages\/919\/revisions\/2334"}],"up":[{"embeddable":true,"href":"https:\/\/ibchelsinki.fi\/sv\/wp-json\/wp\/v2\/pages\/302"}],"wp:attachment":[{"href":"https:\/\/ibchelsinki.fi\/sv\/wp-json\/wp\/v2\/media?parent=919"}],"curies":[{"name":"wp","href":"https:\/\/api.w.org\/{rel}","templated":true}]}}